{"id":6392,"date":"2021-06-08T06:15:48","date_gmt":"2021-06-08T06:15:48","guid":{"rendered":"https:\/\/pokale.shop\/ps\/data-security\/"},"modified":"2023-09-06T12:41:06","modified_gmt":"2023-09-06T12:41:06","slug":"data-security","status":"publish","type":"page","link":"https:\/\/pokale.shop\/ps\/data-security\/","title":{"rendered":"WIDERRUF"},"content":{"rendered":"[vc_row][vc_column][vc_column_text]\n<div class=\"panel panel-default head-wrap\">\n<div class=\"panel-heading mb30\">\n<h4 class=\"panel-title\">WIDERRUF INFORMATION<\/h4>\n<\/div>\n<\/div>\n<div class=\"contentContainer\">\n<div class=\"contentText\">\n<p>&nbsp;<\/p>\n<p class=\"text-left\">Sie haben das Recht, binnen vierzehn Tagen ohne Angabe von Gr\u00fcnden diesen Vertrag zu widerrufen. Die Widerrufsfrist betr\u00e4gt vierzehn Tage ab dem Tag, an dem Sie oder ein von Ihnen benannter Dritter, der nicht der Bef\u00f6rderer ist, die Waren in Besitz genommen haben bzw. hat. Um Ihr Widerrufsrecht auszu\u00fcben, m\u00fcssen Sie uns<\/p>\n<p>VereinsStore.com<br \/>\nMuldentalstra\u00dfe 31<br \/>\n04288 Leipzig \/ Deutschland<br \/>\neMail: kontakt@pokale.shop<\/p>\n<p>mittels einer eindeutigen Erkl\u00e4rung (z. B. ein mit der Post versandter Brief oder E-Mail) \u00fcber Ihren Entschluss, diesen Vertrag zu widerrufen, informieren. Sie k\u00f6nnen daf\u00fcr das\u00a0verwenden, das jedoch nicht vorgeschrieben ist. Sie k\u00f6nnen das Widerrufsformular oder eine andere eindeutige Erkl\u00e4rung auch auf unserer Webseite ONLINE WIDERRUF elektronisch ausf\u00fcllen und \u00fcbermitteln. Machen Sie von dieser M\u00f6glichkeit Gebrauch, so werden wir Ihnen unverz\u00fcglich ( per E-Mail) eine Best\u00e4tigung \u00fcber den Eingang eines solchen Widerrufs \u00fcbermitteln. Zur Wahrung der Widerrufsfrist reicht es aus, dass Sie die Mitteilung \u00fcber die Aus\u00fcbung des Widerrufsrechts vor Ablauf der Widerrufsfrist absenden.<\/p>\n<p>Folgen des Widerrufs<br \/>\nWenn Sie diesen Vertrag widerrufen, haben wir Ihnen alle Zahlungen, die wir von Ihnen erhalten haben, einschlie\u00dflich der Lieferkosten (mit Ausnahme der zus\u00e4tzlichen Kosten, die sich daraus ergeben, dass Sie eine andere Art der Lieferung als die von uns angebotene, g\u00fcnstigste Standardlieferung gew\u00e4hlt haben), unverz\u00fcglich und sp\u00e4testens binnen vierzehn Tagen ab dem Tag zur\u00fcckzuzahlen, an dem die Mitteilung \u00fcber Ihren Widerruf dieses Vertrags bei uns eingegangen ist. F\u00fcr diese R\u00fcckzahlung verwenden wir dasselbe Zahlungsmittel, das Sie bei der urspr\u00fcnglichen Transaktion eingesetzt haben, es sei denn, mit Ihnen wurde ausdr\u00fccklich etwas anderes vereinbart; in keinem Fall werden Ihnen wegen dieser R\u00fcckzahlung Entgelte berechnet. Wir k\u00f6nnen die R\u00fcckzahlung verweigern, bis wir die Waren wieder zur\u00fcckerhalten haben oder bis Sie den Nachweis erbracht haben, dass Sie die Waren zur\u00fcckgesandt haben, je nachdem, welches der fr\u00fchere Zeitpunkt ist. Sie haben die Waren unverz\u00fcglich und in jedem Fall sp\u00e4testens binnen vierzehn Tagen ab dem Tag, an dem Sie uns \u00fcber den Widerruf dieses Vertrags unterrichten, an<\/p>\n<p>VereinsStore.com<br \/>\nMuldentalstra\u00dfe 31<br \/>\n04288 Leipzig \/ Deutschland<br \/>\nuns zur\u00fcckzusenden oder zu \u00fcbergeben. Die Frist ist gewahrt, wenn Sie die Waren vor Ablauf der Frist von vierzehn Tagen absenden. Sie tragen die unmittelbaren Kosten der R\u00fccksendung der Waren. Sie m\u00fcssen f\u00fcr einen etwaigen Wertverlust der Waren nur aufkommen, wenn dieser Wertverlust auf einen zur Pr\u00fcfung der Beschaffenheit, Eigenschaften und Funktionsweise der Waren nicht notwendigen Umgang mit ihnen zur\u00fcckzuf\u00fchren ist.<\/p>\n<p>Das Widerrufsrecht besteht nicht bei Fernabsatzvertr\u00e4gen<\/p>\n<p>&#8211; zur Lieferung von Waren, die nicht vorgefertigt sind und f\u00fcr deren Herstellung eine individuelle Auswahl oder Bestimmung durch den Verbraucher ma\u00dfgeblich ist oder die eindeutig auf die pers\u00f6nlichen Bed\u00fcrfnisse des Verbrauchers zugeschnitten sind,<br \/>\n&#8211; zur Lieferung von Waren, die schnell verderben k\u00f6nnen oder deren Verfallsdatum schnell \u00fcberschritten w\u00fcrde,<br \/>\n&#8211; zur Lieferung versiegelter Waren, die aus Gr\u00fcnden des Gesundheitsschutzes oder der Hygiene nicht zur R\u00fcckgabe geeignet sind, wenn ihre Versiegelung nach der Lieferung entfernt wurde,<br \/>\n&#8211; zur Lieferung von Waren, wenn diese nach der Lieferung auf Grund ihrer Beschaffenheit untrennbar mit anderen G\u00fctern vermischt wurden,<br \/>\n&#8211; zur Lieferung von Ton- oder Videoaufnahmen oder Computersoftware in einer versiegelten Packung, wenn die Versiegelung nach der Lieferung entfernt wurde,<br \/>\n&#8211; zur Lieferung von Zeitungen, Zeitschriften oder Illustrierten mit Ausnahme von Abonnement-Vertr\u00e4gen,<br \/>\n&#8211; zur Lieferung alkoholischer Getr\u00e4nke, deren Preis bei Vertragsschluss vereinbart wurde, die aber fr\u00fchestens 30 Tage nach Vertragsschluss geliefert werden k\u00f6nnen und deren aktueller Wert von Schwankungen auf dem Markt abh\u00e4ngt, auf die der Unternehmer keinen Einfluss hat<\/p>\n<h4>Widerrufsformular<\/h4>\n<p>Wenn Sie den Vertrag widerrufen wollen, dann f\u00fcllen Sie bitte dieses Formular aus und senden es zur\u00fcck.<br \/>\nAn<\/p>\n<p>VereinsStore.com<br \/>\nMuldentalstra\u00dfe 31<br \/>\n04288 Leipzig<br \/>\nDeutschland<\/p>\n<p>E-Mail: kontakt@vereinsstore.com<\/p>\n<p>Hiermit widerrufe(n) ich\/wir (*) den von mir\/uns (*) abgeschlossenen Vertrag \u00fcber den Kauf der folgenden Waren (*)\/die Erbringung der folgenden Dienstleistung (*)<br \/>\n_______________________________________________________<br \/>\n_______________________________________________________<br \/>\nBestellt am (*) ____________ \/ erhalten am (*) __________________<br \/>\n________________________________________________________<br \/>\nName des\/der Verbraucher(s)<br \/>\n________________________________________________________<br \/>\nAnschrift des\/der Verbraucher(s)<br \/>\n________________________________________________________<br \/>\nUnterschrift des\/der Verbraucher(s) (nur bei Mitteilung auf Papier)<br \/>\n_________________________<br \/>\nDatum<\/p>\n<p>(*) Unzutreffendes streichen<\/p>\n<\/div>\n<\/div>\n[\/vc_column_text][\/vc_column][\/vc_row]\n","protected":false},"excerpt":{"rendered":"<p>[vc_row][vc_column][vc_column_text] WIDERRUF INFORMATION &nbsp; Sie haben das Recht, binnen vierzehn Tagen ohne Angabe von Gr\u00fcnden diesen Vertrag zu widerrufen. Die Widerrufsfrist betr\u00e4gt vierzehn Tage ab dem Tag, an dem Sie oder ein von Ihnen benannter Dritter, der nicht der Bef\u00f6rderer ist, die Waren in Besitz genommen haben bzw. hat. Um&hellip;<\/p>\n","protected":false},"author":1,"featured_media":0,"parent":0,"menu_order":0,"comment_status":"closed","ping_status":"closed","template":"","meta":{"spay_email":"","footnotes":""},"class_list":["post-6392","page","type-page","status-publish","hentry"],"_links":{"self":[{"href":"https:\/\/pokale.shop\/ps\/wp-json\/wp\/v2\/pages\/6392","targetHints":{"allow":["GET"]}}],"collection":[{"href":"https:\/\/pokale.shop\/ps\/wp-json\/wp\/v2\/pages"}],"about":[{"href":"https:\/\/pokale.shop\/ps\/wp-json\/wp\/v2\/types\/page"}],"author":[{"embeddable":true,"href":"https:\/\/pokale.shop\/ps\/wp-json\/wp\/v2\/users\/1"}],"replies":[{"embeddable":true,"href":"https:\/\/pokale.shop\/ps\/wp-json\/wp\/v2\/comments?post=6392"}],"version-history":[{"count":7,"href":"https:\/\/pokale.shop\/ps\/wp-json\/wp\/v2\/pages\/6392\/revisions"}],"predecessor-version":[{"id":10685,"href":"https:\/\/pokale.shop\/ps\/wp-json\/wp\/v2\/pages\/6392\/revisions\/10685"}],"wp:attachment":[{"href":"https:\/\/pokale.shop\/ps\/wp-json\/wp\/v2\/media?parent=6392"}],"curies":[{"name":"wp","href":"https:\/\/api.w.org\/{rel}","templated":true}]}}