{"id":6396,"date":"2021-06-08T06:15:49","date_gmt":"2021-06-08T06:15:49","guid":{"rendered":"https:\/\/pokale.shop\/ps\/shipping-methods\/"},"modified":"2023-09-05T12:43:10","modified_gmt":"2023-09-05T12:43:10","slug":"shipping-methods","status":"publish","type":"page","link":"https:\/\/pokale.shop\/ps\/shipping-methods\/","title":{"rendered":"VERSAND"},"content":{"rendered":"[vc_row][vc_column][vc_column_text]\n<div class=\"panel panel-default head-wrap\">\n<div class=\"panel-heading mb30\">\n<h4 class=\"panel-title\">VERSAND INFORMATION<\/h4>\n<\/div>\n<\/div>\n<div class=\"contentContainer\">\n<div class=\"contentText\">\n<p>&nbsp;<\/p>\n<p class=\"text-left\">Die Versandkosten betragen nur 6,95\u20ac bis 150 \u20ac Einkauf. Ab einem Warenwert von \u00fcber 150\u20ac \u00fcbernehmen WIR die Versandkosten. Es besteht kein Mindestbestellwert.<\/p>\n<p class=\"text-left\">Die Versandkosten berechnen sich zu den o.g. Konditionen. Die versendeten Pakete sind selbstverst\u00e4ndlich versichert. Die Versandkosten enthalten die Porto- und Verpackungsgeb\u00fchren. Zus\u00e4tzliche Leistungen, wie z.B: Nachnahmegeb\u00fchren, Express- oder Eilzuschl\u00e4ge werden gesondert berechnet.<\/p>\n<p class=\"text-left\">Der Versand erfolgt \u00fcber den Deutschen Paket Dienst &#8211; DPD. Der Besteller wird auf der von ihm angegebenen E-Mail-Adresse \u00fcber den Versand des Paketes informiert. Die Auslieferung erfolgt dann innerhalb von 48 Stunden an die vom Besteller angegebene Adresse. Bei individuellen f\u00fcr den Kunden angefertigte Artikel + 3-4 Werktage. Bei Verweigerung der Annahme eines Pakets ohne Absprache und Angabe von plausiblen Gr\u00fcnden, oder bei Angabe einer falschen Adresse m\u00fcssen wir die entstandenen Geb\u00fchren zzgl. einer Bearbeitungspauschale von mind. 10,00\u20ac in Rechnung stellen.<\/p>\n<p class=\"text-left\">Die Nachlieferung von Artikeln ist f\u00fcr den Besteller kostenfrei, sofern diese z.B. aus einem Minderbestand in unserem Lager resultiert und der Besteller eine Teillieferung w\u00fcnscht oder z.B. eine durch uns verschuldete Fehl- oder Minderlieferung kausal ist. Geht eine neue Bestellung des Bestellers ein, bevor die letzte Bestellung komplett ausgeliefert wurde, reduziert sich die Versandkostenpauschale unabh\u00e4ngig vom Bestellwert f\u00fcr die letzte Bestellung auf 3,50\u20ac EUR berechnen.<\/p>\n<\/div>\n<\/div>\n[\/vc_column_text][\/vc_column][\/vc_row]\n","protected":false},"excerpt":{"rendered":"<p>[vc_row][vc_column][vc_column_text] VERSAND INFORMATION &nbsp; Die Versandkosten betragen nur 6,95\u20ac bis 150 \u20ac Einkauf. Ab einem Warenwert von \u00fcber 150\u20ac \u00fcbernehmen WIR die Versandkosten. Es besteht kein Mindestbestellwert. Die Versandkosten berechnen sich zu den o.g. Konditionen. Die versendeten Pakete sind selbstverst\u00e4ndlich versichert. Die Versandkosten enthalten die Porto- und Verpackungsgeb\u00fchren. Zus\u00e4tzliche Leistungen,&hellip;<\/p>\n","protected":false},"author":1,"featured_media":0,"parent":0,"menu_order":0,"comment_status":"closed","ping_status":"closed","template":"","meta":{"spay_email":"","footnotes":""},"class_list":["post-6396","page","type-page","status-publish","hentry"],"_links":{"self":[{"href":"https:\/\/pokale.shop\/ps\/wp-json\/wp\/v2\/pages\/6396","targetHints":{"allow":["GET"]}}],"collection":[{"href":"https:\/\/pokale.shop\/ps\/wp-json\/wp\/v2\/pages"}],"about":[{"href":"https:\/\/pokale.shop\/ps\/wp-json\/wp\/v2\/types\/page"}],"author":[{"embeddable":true,"href":"https:\/\/pokale.shop\/ps\/wp-json\/wp\/v2\/users\/1"}],"replies":[{"embeddable":true,"href":"https:\/\/pokale.shop\/ps\/wp-json\/wp\/v2\/comments?post=6396"}],"version-history":[{"count":3,"href":"https:\/\/pokale.shop\/ps\/wp-json\/wp\/v2\/pages\/6396\/revisions"}],"predecessor-version":[{"id":10664,"href":"https:\/\/pokale.shop\/ps\/wp-json\/wp\/v2\/pages\/6396\/revisions\/10664"}],"wp:attachment":[{"href":"https:\/\/pokale.shop\/ps\/wp-json\/wp\/v2\/media?parent=6396"}],"curies":[{"name":"wp","href":"https:\/\/api.w.org\/{rel}","templated":true}]}}