{"id":6760,"date":"2019-07-20T00:12:34","date_gmt":"2019-07-20T00:12:34","guid":{"rendered":"https:\/\/goya.everthemes.com\/demo-decor\/?page_id=12"},"modified":"2024-12-11T15:58:42","modified_gmt":"2024-12-11T15:58:42","slug":"terms-conditions","status":"publish","type":"page","link":"https:\/\/pokale.shop\/ps\/terms-conditions\/","title":{"rendered":"AGB"},"content":{"rendered":"[vc_row][vc_column][vc_column_text]\r\n<div class=\"panel panel-default head-wrap\">\r\n<div class=\"panel-heading mb30\">\r\n<h4 class=\"panel-title wp-block-heading\">ALLGEMEINE GESCH\u00c4FTSBEDINGUNGEN<\/h4>\r\n<\/div>\r\n<\/div>\r\n<div class=\"contentContainer\">\r\n<div class=\"contentText\">\r\n<h4>1. Allgemeines zu unserer AGB<\/h4>\r\n<p>Alle unsere Leistungen und Lieferungen erfolgen ausschlie\u00dflich auf der Grundlage dieser AGB. Von ihnen abweichende Bedingungen, auch Allgemeine Gesch\u00e4ftsbedingungen, des Vertragspartners haben keine G\u00fcltigkeit. Abweichungen oder Erg\u00e4nzungen sowie telefonische, elektronische oder m\u00fcndliche oder auf andere Weise getroffene Zusatzvereinbarungen erlangen nur und erst durch unsere schriftliche Best\u00e4tigung Wirksamkeit. Die nachfolgenden Gesch\u00e4ftsbedingungen gelten f\u00fcr alle Bestellungen im Versand und f\u00fcr alle Direktverk\u00e4ufe. Mit der Auftragserteilung, sp\u00e4testens aber mit der Entgegennahme unserer Leistung, erkennt der K\u00e4ufer diese Bedingungen an.<\/p>\r\n<h4>2. Angebote<\/h4>\r\n<p>Unsere Angebote sind stets freibleibend, ma\u00dfgeblich f\u00fcr den Umfang zu erbringender Leistungen und Lieferungen ist ausschlie\u00dflich unsere schriftliche Auftragsbest\u00e4tigung, telefonische Bestellungen sind rechtsverbindlich. Der Kaufvertrag kommt dann mit unserer Auslieferungsbest\u00e4tigung oder Lieferung der Waren zustande. Die zu dem Angebot geh\u00f6renden Unterlagen wie Abbildungen, Zeichnungen, Gewichts- und Ma\u00dfangaben sind, sofern nichts anderes vereinbart wurde, nur ann\u00e4hernd. Geringf\u00fcgige Abweichungen in Farbe, Gr\u00f6\u00dfe und Form, etc. sind zul\u00e4ssig, soweit sie f\u00fcr den Besteller zumutbar sind, insbesondere bezogen auf \u00c4nderungen, die auf dem technischen Fortschritt unserer Handelswaren und Eigenerzeugnisse beruhen. An s\u00e4mtlichen Abbildungen, Kalkulationen, Zeichnungen, etc., einschlie\u00dflich der Abbildungen in Katalogen und anderen Verkaufs- und Werbematerialien behalten wir uns ausdr\u00fccklich s\u00e4mtliche Eigentums- und Urheberrechte vor, Unterlagen die im Rahmen der Angebotsunterbreitung nur f\u00fcr den Besteller bestimmt und nicht allgemein zug\u00e4nglich sind, sind nach Aufforderung durch uns unverz\u00fcglich zur\u00fcckzugeben.<\/p>\r\n<h4>3. Preise &#8211; Waren<\/h4>\r\n<p>Unsere im Shop ausgewiesenen Preise verstehen sich als Endkundenpreise inkl. der g\u00fcltigen MwSt. ab Lager, zuz\u00fcglich Porto- und Versandkosten nach unserer aktuellen Preisliste. Mehrkosten aufgrund einer vom Kunden gew\u00fcnschten Versandart (z.B.: Expressgut, Eilgut, Nachnahme, etc.) gehen \u00fcber diesen Pauschalbetrag hinaus zu seinen Lasten. Bei einer Preiserh\u00f6hung gegen\u00fcber dem aktuellen Katalogpreis, zum Zeitpunkt des Eingangs der Bestellung, ist der K\u00e4ufer berechtigt, vom Vertrag zur\u00fcckzutreten, wenn er dies innerhalb von zwei Wochen (gem\u00e4\u00df Fernabsatzgesetz) nach Erhalt der Ware schriftlich mitteilt. Ma\u00dfgeblich f\u00fcr die Rechtzeitigkeit der Erkl\u00e4rung ist das Datum des Poststempels. Die Abbildungen und Ma\u00dfe der Waren auf den Internetseiten von Pokale.Shop sind nicht verbindlich. Farbabweichungen oder Abweichung der Sortierung (z.B. in Sortimenten) sind m\u00f6glich und werden nicht ausgeschlossen. Alle Ma\u00dfe sind Circa &#8211; Angaben.<\/p>\r\n<h4>4. Versandkosten &#8211; Versand<\/h4>\r\n<p>Wir liefern Ihnen alle Artikel zum Versandpreis von ab EUR 6,95. Ab einem Warenwert von EUR 150,00 tragen wir die Transportkosten, falls bei bestimmten Artikeln nicht anders angegeben. Die Versandkosten enthalten die Porto- und Verpackungsgeb\u00fchren. Der Versand erfolgt \u00fcber DPD. Der Besteller wird \u00fcber die von ihm angegebene E-Mail-Adresse \u00fcber den Versand des Pakets informiert. Die Auslieferung erfolgt nach Zahlungseingang dann innerhalb von 1-2 Werktagen an die vom Besteller angegebene Lieferadresse. Bei individuellen f\u00fcr den Kunden angefertigte Artikel + 3-4 Werktage. Bei Verweigerung der Annahme eines Paketes ohne Absprache und Angabe von plausiblen Gr\u00fcnden, oder bei Angabe einer falschen Adresse m\u00fcssen wir die entstandenen Geb\u00fchren zzgl. einer Bearbeitungspauschale i.H.v. mind. 15,00\u20ac in Rechnung stellen. Die Nachlieferung von Artikeln ist f\u00fcr den Besteller kostenfrei, sofern diese z.B. aus einem Minderbestand in unserem Lager resultiert und der Besteller eine Teillieferung w\u00fcnscht oder z.B. eine durch uns verschuldete Fehl- oder Minderlieferung kausal ist. Geht eine neue Bestellung des Bestellers ein, bevor die letzte Bestellung komplett ausgeliefert wurde, reduziert sich die Versandkostenpauschale unabh\u00e4ngig vom Bestellwert f\u00fcr die letzte Bestellung auf 3,50\u20ac EUR berechnen. Der Versand erfolgt als versicherter Versand an den Besteller. Sollten auf dem Versandweg Sch\u00e4den eintreten, ist die Verpackung besch\u00e4digt, muss der Besteller unverz\u00fcglich das Transportunternehmen benachrichtigen. Der Abnehmer ist verpflichtet, die Ware nach ihrer Ablieferung unverz\u00fcglich auf Vollz\u00e4hligkeit und erkennbare Besch\u00e4digungen zu \u00fcberpr\u00fcfen und uns Verluste oder Sch\u00e4den ohne schuldhaftes Z\u00f6gern anzuzeigen.<\/p>\r\n<h4>5. Lieferung<\/h4>\r\n<p>Die in unseren Verkaufsformularen bzw. m\u00fcndlich genannten Liefertermine bezeichnen regelm\u00e4\u00dfig das voraussichtliche Lieferdatum, um dessen Einhaltung wir bem\u00fcht sein werden. In der Regel liefern wir nach Zahlungseingang innerhalb von 1-2 Werktagen aus. In der Hauptsaison (Mai-August)kann es zu Verz\u00f6gerungen kommen. Bitte bestellen Sie rechtzeitig bei Auftragserteilung von individuellen Produkten und Pokal &#8211; Gravuren, da es hier zu Lieferzeiten zwischen 5-8 Tagen kommen kann. Bei Nichteinhaltung einer dar\u00fcber hinaus ausdr\u00fccklich schriftlich zugesagten Lieferfrist, ist der Besteller berechtigt, uns schriftlich eine angemessene Nachfrist zu setzen. Wird die Lieferfrist bis zum Ablauf der Nachfrist nicht erf\u00fcllt, so hat der Besteller das Recht, vom Vertrag zur\u00fcck zu treten. Die Lieferung ist rechtzeitig erfolgt, sobald die Ware vor Ablauf der Frist unser Lager oder vereinbarungsgem\u00e4\u00df das eines unserer Vorlieferanten verlassen hat. Bei Nichtannahme einer im Zeitrahmen zugestellten Lieferung, verpflichtet sich der Besteller, alle uns entstandenen Kosten zu ersetzen.<\/p>\r\n<h4>6. Zahlung<\/h4>\r\n<p>Rechnungsdatum ist der Tag der Auslieferung. Bei Teillieferungen wird der Tag der ersten Teillieferung als Rechnungsdatum angenommen. Sollte keine andere Absprache in Schriftform bestehen, so gelten die jeweils g\u00fcltigen Zahlungs- und Lieferkonditionen. Zahlungen aller Art (Nachnahme, Vorkasse, Kreditkarte, Bankeinzug etc.) gelten erst nach erfolgter Gutschrift auf unserem Bankkonto als erfolgt. Zahlungen per Scheck stellen keine Barzahlung dar. Sie werden zahlungshalber angenommen. Zur rechtzeitigen Vorlage von Schecks sind wir nicht verpflichtet. Zahlungen gelten erst dann als geleistet, wenn wir verlustfrei \u00fcber den Betrag verf\u00fcgen k\u00f6nnen. Wir weisen ausdr\u00fccklich darauf hin, dass Briefsendungen mit Bargeldinhalt auf eigene Gefahr des Bestellers gehen.<\/p>\r\n<h4>7. Eigentumsrecht<\/h4>\r\n<p>Die gelieferte Ware bleibt bis zur vollst\u00e4ndigen Zahlung des Kaufpreises und aller bestehenden oder zuk\u00fcnftig entstehenden Forderungen aus der Gesch\u00e4ftsverbindung mit dem Besteller unser Eigentum.<\/p>\r\n<h4>8. Ausk\u00fcnfte und Gew\u00e4hrleistung<\/h4>\r\n<p>Alle m\u00fcndlichen und schriftlichen Angaben \u00fcber Eignung und Anwendungsm\u00f6glichkeiten unserer Ware, erfolgen nach bestem Wissen. Sie stellen jedoch nur unsere Erfahrungswerte dar, die regelm\u00e4\u00dfig nicht als zugesichert gelten; sie begr\u00fcnden keine Anspr\u00fcche gegen uns. Der Besteller wird insbesondere nicht davon befreit, sich selbst durch eigene Pr\u00fcfung von der Eignung der Ware f\u00fcr den von ihm vorgesehenen Verwendungszweck zu \u00fcberzeugen. Der Besteller wird die Ware sofort nach dem Erhalt pr\u00fcfen. Insbesondere auch das Verfallsdatum. Reklamationen m\u00fcssen unmittelbar nach dem Warenerhalt vorgebracht werden. Pokale.Shop ver\u00f6ffentlicht zu den Produkten ausschlie\u00dflich Aussagen und Formulierungen, die er von den Herstellern der Produkte \u00fcbernommen hat. VereinStore.com vertraut auf Richtigkeit und Rechtm\u00e4\u00dfigkeit dieser Angaben. Insofern haftet Pokale.Shop nur bei grober Fahrl\u00e4ssigkeit. F\u00fcr Wirkung, Eigenschaften und Vertr\u00e4glichkeit einzelner Produkte, \u00fcbernehmen wir keine Gew\u00e4hr. Des weiteren gilt, dass die Abbildungen auf unseren Internet-Seiten nicht verbindlich sind. d.h., Farbabweichungen gegen\u00fcber den abgebildeten Artikeln sind durchaus m\u00f6glich und stellen keinen Mangel dar. (Warenumtausch s. Absatz 12). Als R\u00fccksprache gelten auch Emails und Faxe, die aber nur rechtsg\u00fcltig sind, wenn eine Best\u00e4tigung des Schriftst\u00fcckes an den Besteller unser Haus verlassen hat. Sonderangebote, Lebensmittel aller Art, offene, sich nicht in der Originalverpackung oder besch\u00e4digte Artikel, sind vom Umtausch ausgeschlossen.<\/p>\r\n<h4>9. Schadenersatz und Haftung<\/h4>\r\n<p>Schadensersatzanspr\u00fcche, gleich aus welchem Rechtsgrund, sind ausgeschlossen, soweit nicht vors\u00e4tzliches oder grob fahrl\u00e4ssiges Handeln vorliegt. b. Sofern wir haften, umfasst unsere Haftung nicht solche Sch\u00e4den, die nicht typischerweise erwartet werden konnten. c. Weiter distanzieren wir uns von allen mit unseren Produkten vom Besteller get\u00e4tigten Verwendungsabsichten. Jegliche Haftung\/Verantwortung gegen\u00fcber eventuell auftretender Sch\u00e4den, Verunglimpfungen des Rufes einer bestimmten Person, etc., lehnen wir kategorisch ab. Der Besteller verpflichtet sich, uns von eventuellen Anspr\u00fcchen Dritter freizustellen.<\/p>\r\n<h4>10.R\u00fcckgaberecht<\/h4>\r\n<p>Sie haben das Recht, binnen vierzehn Tagen ohne Angabe von Gr\u00fcnden diesen Vertrag zu widerrufen. Die Widerrufsfrist betr\u00e4gt vierzehn Tage ab dem Tag, an dem Sie oder ein von Ihnen benannter Dritter, der nicht der Bef\u00f6rderer ist, die Waren in Besitz genommen haben bzw. hat. Um Ihr Widerrufsrecht auszu\u00fcben, m\u00fcssen Sie uns<\/p>\r\n<p>VereinsStore.com<br \/>Muldentalstra\u00dfe 31<br \/>04288 Leipzig \/ Deutschland<br \/>eMail: kontakt@vereinsstore.com<\/p>\r\n<p>mittels einer eindeutigen Erkl\u00e4rung (z. B. ein mit der Post versandter Brief oder E-Mail) \u00fcber Ihren Entschluss, diesen Vertrag zu widerrufen, informieren. Sie k\u00f6nnen daf\u00fcr das\u00a0verwenden, das jedoch nicht vorgeschrieben ist. Sie k\u00f6nnen das Widerrufsformular oder eine andere eindeutige Erkl\u00e4rung auch auf unserer Webseite ONLINE WIDERRUF elektronisch ausf\u00fcllen und \u00fcbermitteln. Machen Sie von dieser M\u00f6glichkeit Gebrauch, so werden wir Ihnen unverz\u00fcglich ( per E-Mail) eine Best\u00e4tigung \u00fcber den Eingang eines solchen Widerrufs \u00fcbermitteln. Zur Wahrung der Widerrufsfrist reicht es aus, dass Sie die Mitteilung \u00fcber die Aus\u00fcbung des Widerrufsrechts vor Ablauf der Widerrufsfrist absenden.<\/p>\r\n<p>Folgen des Widerrufs Wenn Sie diesen Vertrag widerrufen, haben wir Ihnen alle Zahlungen, die wir von Ihnen erhalten haben, einschlie\u00dflich der Lieferkosten (mit Ausnahme der zus\u00e4tzlichen Kosten, die sich daraus ergeben, dass Sie eine andere Art der Lieferung als die von uns angebotene, g\u00fcnstigste Standardlieferung gew\u00e4hlt haben), unverz\u00fcglich und sp\u00e4testens binnen vierzehn Tagen ab dem Tag zur\u00fcckzuzahlen, an dem die Mitteilung \u00fcber Ihren Widerruf dieses Vertrags bei uns eingegangen ist. F\u00fcr diese R\u00fcckzahlung verwenden wir dasselbe Zahlungsmittel, das Sie bei der urspr\u00fcnglichen Transaktion eingesetzt haben, es sei denn, mit Ihnen wurde ausdr\u00fccklich etwas anderes vereinbart; in keinem Fall werden Ihnen wegen dieser R\u00fcckzahlung Entgelte berechnet. Wir k\u00f6nnen die R\u00fcckzahlung verweigern, bis wir die Waren wieder zur\u00fcckerhalten haben oder bis Sie den Nachweis erbracht haben, dass Sie die Waren zur\u00fcckgesandt haben, je nachdem, welches der fr\u00fchere Zeitpunkt ist. Sie haben die Waren unverz\u00fcglich und in jedem Fall sp\u00e4testens binnen vierzehn Tagen ab dem Tag, an dem Sie uns \u00fcber den Widerruf dieses Vertrags unterrichten, an<\/p>\r\n<p>VereinsStore.com<br \/>Muldentalstra\u00dfe 31<br \/>04288 Leipzig \/ Deutschland<\/p>\r\n<p>uns zur\u00fcckzusenden oder zu \u00fcbergeben. Die Frist ist gewahrt, wenn Sie die Waren vor Ablauf der Frist von vierzehn Tagen absenden. Sie tragen die unmittelbaren Kosten der R\u00fccksendung der Waren. Sie m\u00fcssen f\u00fcr einen etwaigen Wertverlust der Waren nur aufkommen, wenn dieser Wertverlust auf einen zur Pr\u00fcfung der Beschaffenheit, Eigenschaften und Funktionsweise der Waren nicht notwendigen Umgang mit ihnen zur\u00fcckzuf\u00fchren ist.<\/p>\r\n<p>Das Widerrufsrecht besteht nicht bei Fernabsatzvertr\u00e4gen<\/p>\r\n<p>&#8211; zur Lieferung von Waren, die nicht vorgefertigt sind und f\u00fcr deren Herstellung eine individuelle Auswahl oder Bestimmung durch den Verbraucher ma\u00dfgeblich ist oder die eindeutig auf die pers\u00f6nlichen Bed\u00fcrfnisse des Verbrauchers zugeschnitten sind,<br \/>&#8211; zur Lieferung von Waren, die schnell verderben k\u00f6nnen oder deren Verfallsdatum schnell \u00fcberschritten w\u00fcrde,<br \/>&#8211; zur Lieferung versiegelter Waren, die aus Gr\u00fcnden des Gesundheitsschutzes oder der Hygiene nicht zur R\u00fcckgabe geeignet sind, wenn ihre Versiegelung nach der Lieferung entfernt wurde,<br \/>&#8211; zur Lieferung von Waren, wenn diese nach der Lieferung auf Grund ihrer Beschaffenheit untrennbar mit anderen G\u00fctern vermischt wurden,<br \/>&#8211; zur Lieferung von Ton- oder Videoaufnahmen oder Computersoftware in einer versiegelten Packung, wenn die Versiegelung nach der Lieferung entfernt wurde,<br \/>&#8211; zur Lieferung von Zeitungen, Zeitschriften oder Illustrierten mit Ausnahme von Abonnement-Vertr\u00e4gen,<br \/>&#8211; zur Lieferung alkoholischer Getr\u00e4nke, deren Preis bei Vertragsschluss vereinbart wurde, die aber fr\u00fchestens 30 Tage nach Vertragsschluss geliefert werden k\u00f6nnen und deren aktueller Wert von Schwankungen auf dem Markt abh\u00e4ngt, auf die der Unternehmer keinen Einfluss hat<\/p>\r\n<h4>10a. R\u00fccknahme von Transportverpackungen<\/h4>\r\n<p>(1) Gem\u00e4\u00df den Bestimmungen des Verpackungsgesetzes (VerpackG) sind wir verpflichtet, Transportverpackungen, die nicht beim Endverbraucher verbleiben, zur\u00fcckzunehmen und einer ordnungsgem\u00e4\u00dfen Wiederverwendung oder Verwertung zuzuf\u00fchren.<\/p>\r\n<p>(2) Der Kunde hat die M\u00f6glichkeit, gebrauchte Transportverpackungen auf eigene Kosten an unser Lager zur\u00fcckzusenden oder sie an einer geeigneten Sammelstelle in seiner N\u00e4he zu entsorgen.<\/p>\r\n<p>(3) Sollten Sie von der M\u00f6glichkeit der R\u00fcckgabe an uns Gebrauch machen, kontaktieren Sie uns bitte vorab, um die R\u00fccksendung abzustimmen.<\/p>\r\n<p>(4) Diese Regelung gilt ausschlie\u00dflich f\u00fcr Transportverpackungen. Verkaufsverpackungen, die typischerweise beim Endverbraucher als Abfall anfallen, sind vom Kunden \u00fcber das lokale Entsorgungssystem zu entsorgen.<\/p>\r\n<h4>11.Gerichtstand<\/h4>\r\n<p>Wenn der Besteller Kaufmann ist, gilt Leipzig als Erf\u00fcllungsort f\u00fcr alle Lieferungen und Leistungen sowie als ausschlie\u00dflicher Gerichtsstand f\u00fcr alle Streitigkeiten aus oder im Zusammenhang mit dem Vertrag.<\/p>\r\n<h4>12. Sonstige Bestimmungen \/ Salvatorische Klausel<\/h4>\r\n<p>Sollte eine dieser Bestimmungen ganz oder zum Teil unwirksam sein, wird hiervon die G\u00fcltigkeit der anderen Bestimmungen nicht ber\u00fchrt. In einem solchen Fall ist die ung\u00fcltige Bestimmung, sofern der Besteller Kaufmann ist, in dem Sinne umzudeuten oder zu erg\u00e4nzen, da\u00df der mit der ung\u00fcltigen Bestimmung beabsichtigte wirtschaftliche Zweck in rechtlich zuverl\u00e4ssiger Weise erreicht wird.<\/p>\r\n<p>Stand: 13.06.2023<\/p>\r\n<\/div>\r\n<\/div>\r\n[\/vc_column_text][\/vc_column][\/vc_row]","protected":false},"excerpt":{"rendered":"<p>[vc_row][vc_column][vc_column_text] ALLGEMEINE GESCH\u00c4FTSBEDINGUNGEN 1. Allgemeines zu unserer AGB Alle unsere Leistungen und Lieferungen erfolgen ausschlie\u00dflich auf der Grundlage dieser AGB. Von ihnen abweichende Bedingungen, auch Allgemeine Gesch\u00e4ftsbedingungen, des Vertragspartners haben keine G\u00fcltigkeit. Abweichungen oder Erg\u00e4nzungen sowie telefonische, elektronische oder m\u00fcndliche oder auf andere Weise getroffene Zusatzvereinbarungen erlangen nur und erst&hellip;<\/p>\n","protected":false},"author":1,"featured_media":0,"parent":0,"menu_order":0,"comment_status":"closed","ping_status":"closed","template":"","meta":{"spay_email":"","footnotes":""},"class_list":["post-6760","page","type-page","status-publish","hentry"],"_links":{"self":[{"href":"https:\/\/pokale.shop\/ps\/wp-json\/wp\/v2\/pages\/6760","targetHints":{"allow":["GET"]}}],"collection":[{"href":"https:\/\/pokale.shop\/ps\/wp-json\/wp\/v2\/pages"}],"about":[{"href":"https:\/\/pokale.shop\/ps\/wp-json\/wp\/v2\/types\/page"}],"author":[{"embeddable":true,"href":"https:\/\/pokale.shop\/ps\/wp-json\/wp\/v2\/users\/1"}],"replies":[{"embeddable":true,"href":"https:\/\/pokale.shop\/ps\/wp-json\/wp\/v2\/comments?post=6760"}],"version-history":[{"count":8,"href":"https:\/\/pokale.shop\/ps\/wp-json\/wp\/v2\/pages\/6760\/revisions"}],"predecessor-version":[{"id":11885,"href":"https:\/\/pokale.shop\/ps\/wp-json\/wp\/v2\/pages\/6760\/revisions\/11885"}],"wp:attachment":[{"href":"https:\/\/pokale.shop\/ps\/wp-json\/wp\/v2\/media?parent=6760"}],"curies":[{"name":"wp","href":"https:\/\/api.w.org\/{rel}","templated":true}]}}