{"id":10143,"date":"2021-10-05T12:52:48","date_gmt":"2021-10-05T12:52:48","guid":{"rendered":"https:\/\/pokale.shop\/ps\/?post_type=product&#038;p=10143"},"modified":"2025-11-02T12:05:46","modified_gmt":"2025-11-02T12:05:46","slug":"6er-pokalserie-pokale-atlanta-ab-205cm","status":"publish","type":"product","link":"https:\/\/pokale.shop\/ps\/product\/6er-pokalserie-pokale-atlanta-ab-205cm\/","title":{"rendered":"6er Pokalserie Pokale Atlanta ab 20,5cm"},"content":{"rendered":"<p>Voll im Trendy Look unsere edle Pokalserie Atlanta. Damit wird ihre Siegerehrung zum absoluten Highlight werden und das zum absoluten TOP Preis.<\/p>\n<p>6er Pokalserie in den Gr\u00f6\u00dfen:<br \/>\n1x Pokal H\u00f6he: 20,5 cm \/ Durchmesser: 8 cm<br \/>\n1x Pokal H\u00f6he: 21,5 cm \/ Durchmesser: 8 cm<br \/>\n1x Pokal H\u00f6he: 22,5 cm \/ Durchmesser: 9 cm<br \/>\n1x Pokal H\u00f6he: 23 cm \/ Durchmesser: 10 cm<br \/>\n1x Pokal H\u00f6he: 24 cm \/ Durchmesser: 10 cm<br \/>\n1x Pokal H\u00f6he: 28 cm \/ Durchmesser: 12 cm<\/p>\n<p>Der Pokalsockel ist aus edlem schwarzen Marmor gefertigt. Fu\u00df ist aus Kunststoff. Der Cup ist aus METALL.<\/p>\n<p>Selbstverst\u00e4ndlich ist im Preis bereits die Gravur je Pokal\u00a0<b>kostenlos<\/b>\u00a0enthalten.<br \/>\nGeben Sie hierzu einfach Ihren gew\u00fcnschten Gravurtext f\u00fcr Ihre Pokale in das Textfeld ein.<\/p>\n<p><b>Bitte beachten Sie &#8211; f\u00fcr das Gravurschild stehen Ihnen 3-4 Zeilen zur Verf\u00fcgung &#8211; pro Zeile ca. 30 Zeichen inkl. Leerzeichen.<\/b><\/p>\n","protected":false},"excerpt":{"rendered":"<p>Voll im Trendy Look unsere edle Pokalserie Atlanta. Damit wird ihre Siegerehrung zum absoluten Highlight werden und das zum absoluten TOP Preis. 6er Pokalserie in den Gr\u00f6\u00dfen: 1x Pokal H\u00f6he: 20,5 cm \/ Durchmesser: 8 cm 1x Pokal H\u00f6he: 21,5 cm \/ Durchmesser: 8 cm 1x Pokal H\u00f6he: 22,5 cm&hellip;<\/p>\n","protected":false},"featured_media":10152,"comment_status":"open","ping_status":"closed","template":"","meta":{"spay_email":""},"product_cat":[16,17,19,20,21,24,22,23],"product_tag":[],"class_list":["post-10143","product","type-product","status-publish","has-post-thumbnail","hentry","product_cat-pokale","product_cat-pokale-pokale","product_cat-3er-pokale-serie","product_cat-5er-pokale-serie","product_cat-6er-pokale-serie","product_cat-7er-pokale-serie","product_cat-8er-pokale-serie","product_cat-9er-pokale-serie"],"_links":{"self":[{"href":"https:\/\/pokale.shop\/ps\/wp-json\/wp\/v2\/product\/10143","targetHints":{"allow":["GET"]}}],"collection":[{"href":"https:\/\/pokale.shop\/ps\/wp-json\/wp\/v2\/product"}],"about":[{"href":"https:\/\/pokale.shop\/ps\/wp-json\/wp\/v2\/types\/product"}],"replies":[{"embeddable":true,"href":"https:\/\/pokale.shop\/ps\/wp-json\/wp\/v2\/comments?post=10143"}],"wp:featuredmedia":[{"embeddable":true,"href":"https:\/\/pokale.shop\/ps\/wp-json\/wp\/v2\/media\/10152"}],"wp:attachment":[{"href":"https:\/\/pokale.shop\/ps\/wp-json\/wp\/v2\/media?parent=10143"}],"wp:term":[{"taxonomy":"product_cat","embeddable":true,"href":"https:\/\/pokale.shop\/ps\/wp-json\/wp\/v2\/product_cat?post=10143"},{"taxonomy":"product_tag","embeddable":true,"href":"https:\/\/pokale.shop\/ps\/wp-json\/wp\/v2\/product_tag?post=10143"}],"curies":[{"name":"wp","href":"https:\/\/api.w.org\/{rel}","templated":true}]}}