{"id":10194,"date":"2021-10-05T13:50:54","date_gmt":"2021-10-05T13:50:54","guid":{"rendered":"https:\/\/pokale.shop\/ps\/?post_type=product&#038;p=10194"},"modified":"2025-05-01T11:55:30","modified_gmt":"2025-05-01T11:55:30","slug":"5er-pokalserie-pokale-blacksilver-ab-21-cm","status":"publish","type":"product","link":"https:\/\/pokale.shop\/ps\/product\/5er-pokalserie-pokale-blacksilver-ab-21-cm\/","title":{"rendered":"5er Pokalserie Pokale BlackSilver ab 21 cm"},"content":{"rendered":"<p>Mit unseren BlackSilver Pokalen wird Ihre Siegerehrung zum absoluten Highlight ! Es sind Pokale f\u00fcr ganz besondere Auszeichnungen und Events zu einem Top Preis.<\/p>\n<p>In folgenden Gr\u00f6\u00dfen erh\u00e4ltlich:<br \/>\n1 x Pokal 21 cm (Durchmesser: 7 cm)<br \/>\n1 x Pokal 22 cm (Durchmesser: 7 cm)<br \/>\n1 x Pokal 23 cm (Durchmesser: 8 cm)<br \/>\n1 x Pokal 25 cm (Durchmesser: 8 cm)<br \/>\n1 x Pokal 26 cm (Durchmesser: 9 cm)<\/p>\n<p>Selbstverst\u00e4ndlich ist im Preis bereits die Gravur und das Emblem je Pokal enthalten.<br \/>\nGeben Sie hierzu einfach Ihren gew\u00fcnschten Gravurtext f\u00fcr alle Pokale in das Textfeld ein.<\/p>\n<p><b>Bitte beachten Sie &#8211; f\u00fcr das Gravurschild stehen Ihnen 3-4 Zeilen zur Verf\u00fcgung &#8211; pro Zeile max. 30 Zeichen inkl. Leerzeichen.<\/b><\/p>\n","protected":false},"excerpt":{"rendered":"<p>Mit unseren BlackSilver Pokalen wird Ihre Siegerehrung zum absoluten Highlight ! Es sind Pokale f\u00fcr ganz besondere Auszeichnungen und Events zu einem Top Preis. In folgenden Gr\u00f6\u00dfen erh\u00e4ltlich: 1 x Pokal 21 cm (Durchmesser: 7 cm) 1 x Pokal 22 cm (Durchmesser: 7 cm) 1 x Pokal 23 cm (Durchmesser:&hellip;<\/p>\n","protected":false},"featured_media":10202,"comment_status":"open","ping_status":"closed","template":"","meta":{"spay_email":""},"product_cat":[16,17,20],"product_tag":[],"class_list":["post-10194","product","type-product","status-publish","has-post-thumbnail","hentry","product_cat-pokale","product_cat-pokale-pokale","product_cat-5er-pokale-serie"],"_links":{"self":[{"href":"https:\/\/pokale.shop\/ps\/wp-json\/wp\/v2\/product\/10194","targetHints":{"allow":["GET"]}}],"collection":[{"href":"https:\/\/pokale.shop\/ps\/wp-json\/wp\/v2\/product"}],"about":[{"href":"https:\/\/pokale.shop\/ps\/wp-json\/wp\/v2\/types\/product"}],"replies":[{"embeddable":true,"href":"https:\/\/pokale.shop\/ps\/wp-json\/wp\/v2\/comments?post=10194"}],"wp:featuredmedia":[{"embeddable":true,"href":"https:\/\/pokale.shop\/ps\/wp-json\/wp\/v2\/media\/10202"}],"wp:attachment":[{"href":"https:\/\/pokale.shop\/ps\/wp-json\/wp\/v2\/media?parent=10194"}],"wp:term":[{"taxonomy":"product_cat","embeddable":true,"href":"https:\/\/pokale.shop\/ps\/wp-json\/wp\/v2\/product_cat?post=10194"},{"taxonomy":"product_tag","embeddable":true,"href":"https:\/\/pokale.shop\/ps\/wp-json\/wp\/v2\/product_tag?post=10194"}],"curies":[{"name":"wp","href":"https:\/\/api.w.org\/{rel}","templated":true}]}}