{"id":10237,"date":"2021-10-05T16:22:08","date_gmt":"2021-10-05T16:22:08","guid":{"rendered":"https:\/\/pokale.shop\/ps\/?post_type=product&#038;p=10237"},"modified":"2024-08-19T14:50:05","modified_gmt":"2024-08-19T14:50:05","slug":"pokalserie-pokale-boston-in-12-verschiedenen-groessen-ab-195cm","status":"publish","type":"product","link":"https:\/\/pokale.shop\/ps\/product\/pokalserie-pokale-boston-in-12-verschiedenen-groessen-ab-195cm\/","title":{"rendered":"Pokalserie Pokale Boston in 12 verschiedenen Gr\u00f6\u00dfen ab 19,5cm"},"content":{"rendered":"<p>Erstellen Sie sich Ihre eigene Pokalserie Boston, w\u00e4hlen Sie aus 12 verschiedenen Pokalgr\u00f6\u00dfen.<\/p>\n<p>Es sind Pokale f\u00fcr gro\u00dfe und kleine Sieger.<\/p>\n<p>In folgenden Gr\u00f6\u00dfen erh\u00e4ltlich:<\/p>\n<p>1 x Pokal 19,5 cm (Durchmesser: 7 cm)<br \/>\n1 x Pokal 20,5 cm (Durchmesser: 7 cm)<br \/>\n1 x Pokal 22 cm (Durchmesser: 8 cm)<br \/>\n1 x Pokal 23 cm (Durchmesser: 8 cm)<br \/>\n1 x Pokal 24 cm (Durchmesser: 9 cm)<br \/>\n1 x Pokal 25 cm (Durchmesser: 9 cm)<br \/>\n1 x Pokal 26 cm (Durchmesser: 10 cm)<br \/>\n1 x Pokal 27 cm (Durchmesser: 10 cm)<br \/>\n1 x Pokal 28 cm (Durchmesser: 12 cm)<br \/>\n1 x Pokal 30 cm (Durchmesser: 12 cm)<br \/>\n1 x Pokal 32 cm (Durchmesser: 14 cm)<br \/>\n1 x Pokal 33 cm (Durchmesser: 14 cm)<\/p>\n<p>Selbstverst\u00e4ndlich ist im Preis bereits die Gravur und das Emblem je Pokal enthalten.<br \/>\nGeben Sie hierzu einfach Ihren gew\u00fcnschten Gravurtext f\u00fcr alle Pokale in das Textfeld ein.<\/p>\n<p><b>Bitte beachten Sie &#8211; f\u00fcr das Gravurschild stehen Ihnen 3-4 Zeilen zur Verf\u00fcgung &#8211; pro Zeile max. 30 Zeichen inkl. Leerzeichen.<\/b><\/p>\n<p>&nbsp;<\/p>\n","protected":false},"excerpt":{"rendered":"<p>Erstellen Sie sich Ihre eigene Pokalserie Boston, w\u00e4hlen Sie aus 12 verschiedenen Pokalgr\u00f6\u00dfen. Es sind Pokale f\u00fcr gro\u00dfe und kleine Sieger. In folgenden Gr\u00f6\u00dfen erh\u00e4ltlich: 1 x Pokal 19,5 cm (Durchmesser: 7 cm) 1 x Pokal 20,5 cm (Durchmesser: 7 cm) 1 x Pokal 22 cm (Durchmesser: 8 cm) 1&hellip;<\/p>\n","protected":false},"featured_media":10236,"comment_status":"open","ping_status":"closed","template":"","meta":{"spay_email":""},"product_cat":[16,17,18],"product_tag":[],"class_list":["post-10237","product","type-product","status-publish","has-post-thumbnail","hentry","product_cat-pokale","product_cat-pokale-pokale","product_cat-einzelpokale"],"_links":{"self":[{"href":"https:\/\/pokale.shop\/ps\/wp-json\/wp\/v2\/product\/10237","targetHints":{"allow":["GET"]}}],"collection":[{"href":"https:\/\/pokale.shop\/ps\/wp-json\/wp\/v2\/product"}],"about":[{"href":"https:\/\/pokale.shop\/ps\/wp-json\/wp\/v2\/types\/product"}],"replies":[{"embeddable":true,"href":"https:\/\/pokale.shop\/ps\/wp-json\/wp\/v2\/comments?post=10237"}],"wp:featuredmedia":[{"embeddable":true,"href":"https:\/\/pokale.shop\/ps\/wp-json\/wp\/v2\/media\/10236"}],"wp:attachment":[{"href":"https:\/\/pokale.shop\/ps\/wp-json\/wp\/v2\/media?parent=10237"}],"wp:term":[{"taxonomy":"product_cat","embeddable":true,"href":"https:\/\/pokale.shop\/ps\/wp-json\/wp\/v2\/product_cat?post=10237"},{"taxonomy":"product_tag","embeddable":true,"href":"https:\/\/pokale.shop\/ps\/wp-json\/wp\/v2\/product_tag?post=10237"}],"curies":[{"name":"wp","href":"https:\/\/api.w.org\/{rel}","templated":true}]}}