{"id":10321,"date":"2021-10-06T13:31:48","date_gmt":"2021-10-06T13:31:48","guid":{"rendered":"https:\/\/pokale.shop\/ps\/?post_type=product&#038;p=10321"},"modified":"2026-02-23T22:53:04","modified_gmt":"2026-02-23T22:53:04","slug":"3er-pokalserie-pokale-boston-ab-195cm","status":"publish","type":"product","link":"https:\/\/pokale.shop\/ps\/product\/3er-pokalserie-pokale-boston-ab-195cm\/","title":{"rendered":"3er Pokalserie Pokale Boston ab 19,5cm"},"content":{"rendered":"<p>Mit unserer Pokalreihe BOSTON in gold\/silber liegen Sie immer richtig.<br \/>\nEs sind Pokale f\u00fcr gro\u00dfe und kleine Sieger.<\/p>\n<p>In folgenden Gr\u00f6\u00dfen erh\u00e4ltlich:<\/p>\n<p>1 x Pokal 19,5 cm (Durchmesser: 7 cm)<br \/>\n1 x Pokal 20,5 cm (Durchmesser: 7 cm)<br \/>\n1 x Pokal 22 cm (Durchmesser: 8 cm)<\/p>\n<p>Selbstverst\u00e4ndlich ist im Preis bereits die Gravur und das Emblem je Pokal enthalten.<br \/>\nGeben Sie hierzu einfach Ihren gew\u00fcnschten Gravurtext f\u00fcr alle Pokale in das Textfeld ein.<\/p>\n<p><b>Bitte beachten Sie &#8211; f\u00fcr das Gravurschild stehen Ihnen 3-4 Zeilen zur Verf\u00fcgung &#8211; pro Zeile max. 30 Zeichen inkl. Leerzeichen.<\/b><\/p>\n<p>&nbsp;<\/p>\n","protected":false},"excerpt":{"rendered":"<p>Mit unserer Pokalreihe BOSTON in gold\/silber liegen Sie immer richtig. Es sind Pokale f\u00fcr gro\u00dfe und kleine Sieger. In folgenden Gr\u00f6\u00dfen erh\u00e4ltlich: 1 x Pokal 19,5 cm (Durchmesser: 7 cm) 1 x Pokal 20,5 cm (Durchmesser: 7 cm) 1 x Pokal 22 cm (Durchmesser: 8 cm) Selbstverst\u00e4ndlich ist im Preis&hellip;<\/p>\n","protected":false},"featured_media":10328,"comment_status":"open","ping_status":"closed","template":"","meta":{"spay_email":""},"product_cat":[16,17,19],"product_tag":[],"class_list":["post-10321","product","type-product","status-publish","has-post-thumbnail","hentry","product_cat-pokale","product_cat-pokale-pokale","product_cat-3er-pokale-serie"],"_links":{"self":[{"href":"https:\/\/pokale.shop\/ps\/wp-json\/wp\/v2\/product\/10321","targetHints":{"allow":["GET"]}}],"collection":[{"href":"https:\/\/pokale.shop\/ps\/wp-json\/wp\/v2\/product"}],"about":[{"href":"https:\/\/pokale.shop\/ps\/wp-json\/wp\/v2\/types\/product"}],"replies":[{"embeddable":true,"href":"https:\/\/pokale.shop\/ps\/wp-json\/wp\/v2\/comments?post=10321"}],"wp:featuredmedia":[{"embeddable":true,"href":"https:\/\/pokale.shop\/ps\/wp-json\/wp\/v2\/media\/10328"}],"wp:attachment":[{"href":"https:\/\/pokale.shop\/ps\/wp-json\/wp\/v2\/media?parent=10321"}],"wp:term":[{"taxonomy":"product_cat","embeddable":true,"href":"https:\/\/pokale.shop\/ps\/wp-json\/wp\/v2\/product_cat?post=10321"},{"taxonomy":"product_tag","embeddable":true,"href":"https:\/\/pokale.shop\/ps\/wp-json\/wp\/v2\/product_tag?post=10321"}],"curies":[{"name":"wp","href":"https:\/\/api.w.org\/{rel}","templated":true}]}}