{"id":10617,"date":"2022-02-28T13:24:41","date_gmt":"2022-02-28T13:24:41","guid":{"rendered":"https:\/\/pokale.shop\/ps\/?post_type=product&#038;p=10617"},"modified":"2023-09-19T09:34:09","modified_gmt":"2023-09-19T09:34:09","slug":"3er-fussball-oktakon-wood-award","status":"publish","type":"product","link":"https:\/\/pokale.shop\/ps\/product\/3er-fussball-oktakon-wood-award\/","title":{"rendered":"3er FUSSBALL OKTAKON WOOD AWARD"},"content":{"rendered":"<p>Eine TOP Auszeichnung f\u00fcr ganz besondere Gewinner, Leistungen und f\u00fcr gro\u00dfe Erfolge im Fussball.<\/p>\n<p>3er Award Serie OKTAKON in zwei Farben erh\u00e4ltlich f\u00fcr Dein TOP EVENT.<\/p>\n<p>Sie erhalten:<br \/>\n1 x Pokal Durchmesser: 21 cm<br \/>\n1 x Pokal Durchmesser: 26 cm<br \/>\n1 x Pokal Durchmesser: 31 cm<\/p>\n<p>Awards bestehen aus Holz zudem erhalten Sie zus\u00e4tzlich einen Kunststoffst\u00e4nder f\u00fcr den besten halt.<\/p>\n<p>Selbstverst\u00e4ndlich ist im Preis bereits die Gravur je Pokal enthalten. Geben Sie hierzu einfach Ihren gew\u00fcnschten Gravurtext f\u00fcr alle Pokale in das Textfeld ein. Bitte beachten Sie &#8211; f\u00fcr die Gravur stehen Ihnen 3-4 Zeilen zur Verf\u00fcgung &#8211; pro Zeile max. 15-20 Zeichen inkl. Leerzeichen. Diese Angaben dienen zur Orientierung f\u00fcr eine optimale Aufteilung des Textes.<\/p>\n","protected":false},"excerpt":{"rendered":"<p>Eine TOP Auszeichnung f\u00fcr ganz besondere Gewinner, Leistungen und f\u00fcr gro\u00dfe Erfolge im Fussball. 3er Award Serie OKTAKON in zwei Farben erh\u00e4ltlich f\u00fcr Dein TOP EVENT. Sie erhalten: 1 x Pokal Durchmesser: 21 cm 1 x Pokal Durchmesser: 26 cm 1 x Pokal Durchmesser: 31 cm Awards bestehen aus Holz&hellip;<\/p>\n","protected":false},"featured_media":10627,"comment_status":"open","ping_status":"closed","template":"","meta":{"spay_email":""},"product_cat":[52,54],"product_tag":[],"class_list":["post-10617","product","type-product","status-publish","has-post-thumbnail","hentry","product_cat-awards","product_cat-acryl-holz-alu-pokale","pa_color-blue","pa_color-rot"],"_links":{"self":[{"href":"https:\/\/pokale.shop\/ps\/wp-json\/wp\/v2\/product\/10617","targetHints":{"allow":["GET"]}}],"collection":[{"href":"https:\/\/pokale.shop\/ps\/wp-json\/wp\/v2\/product"}],"about":[{"href":"https:\/\/pokale.shop\/ps\/wp-json\/wp\/v2\/types\/product"}],"replies":[{"embeddable":true,"href":"https:\/\/pokale.shop\/ps\/wp-json\/wp\/v2\/comments?post=10617"}],"wp:featuredmedia":[{"embeddable":true,"href":"https:\/\/pokale.shop\/ps\/wp-json\/wp\/v2\/media\/10627"}],"wp:attachment":[{"href":"https:\/\/pokale.shop\/ps\/wp-json\/wp\/v2\/media?parent=10617"}],"wp:term":[{"taxonomy":"product_cat","embeddable":true,"href":"https:\/\/pokale.shop\/ps\/wp-json\/wp\/v2\/product_cat?post=10617"},{"taxonomy":"product_tag","embeddable":true,"href":"https:\/\/pokale.shop\/ps\/wp-json\/wp\/v2\/product_tag?post=10617"}],"curies":[{"name":"wp","href":"https:\/\/api.w.org\/{rel}","templated":true}]}}