{"id":10758,"date":"2023-09-07T12:16:23","date_gmt":"2023-09-07T12:16:23","guid":{"rendered":"https:\/\/pokale.shop\/ps\/?post_type=product&#038;p=10758"},"modified":"2025-08-31T15:31:02","modified_gmt":"2025-08-31T15:31:02","slug":"9er-pokalserie-pokale-starlight-ab-235-cm-33cm","status":"publish","type":"product","link":"https:\/\/pokale.shop\/ps\/product\/9er-pokalserie-pokale-starlight-ab-235-cm-33cm\/","title":{"rendered":"9er Pokalserie Pokale Starlight ab 23,5 cm &#8211; 33cm"},"content":{"rendered":"<p><strong>Glanzvolle Auszeichnungen f\u00fcr jeden Anlass<\/strong><\/p>\n<p>M\u00f6chten Sie Ihre Siegerehrung zu einem unvergesslichen Highlight machen? Mit unseren Starlight Pokalen in gold\/silber ist das ein Kinderspiel! Diese hochwertigen Troph\u00e4en sind ideal f\u00fcr ganz besondere Auszeichnungen und Events und bieten ein unschlagbares Preis-Leistungs-Verh\u00e4ltnis.<\/p>\n<p><strong>Vielfalt in Gr\u00f6\u00dfe und Eleganz<\/strong> W\u00e4hlen Sie aus insgesamt 9 verschiedenen Gr\u00f6\u00dfen oder entscheiden Sie sich f\u00fcr das komplette Set, um Ihren Anforderungen gerecht zu werden. Unsere Starlight Pokale sind in folgenden Gr\u00f6\u00dfen erh\u00e4ltlich:<\/p>\n<ol>\n<li>23,5 cm H\u00f6he, 7 cm Durchmesser<\/li>\n<li>24,5 cm H\u00f6he, 7 cm Durchmesser<\/li>\n<li>25,5 cm H\u00f6he, 8 cm Durchmesser<\/li>\n<li>27 cm H\u00f6he, 8 cm Durchmesser<\/li>\n<li>28 cm H\u00f6he, 9 cm Durchmesser<\/li>\n<li>28,5 cm H\u00f6he, 9 cm Durchmesser<\/li>\n<li>29,5 cm H\u00f6he, 10 cm Durchmesser<\/li>\n<li>32 cm H\u00f6he, 10 cm Durchmesser<\/li>\n<li>33 cm H\u00f6he, 12 cm Durchmesser<\/li>\n<\/ol>\n<p>Unsere Starlight Pokale beeindrucken nicht nur durch ihre Gr\u00f6\u00dfe, sondern auch durch ihre detailreiche Gestaltung und den eleganten Gold- und Silbert\u00f6nen.<\/p>\n<p><strong>Personalisierung leicht gemacht<\/strong> Im Preis jeder Troph\u00e4e ist bereits die Gravur und ein passendes Emblem enthalten. Geben Sie einfach Ihren gew\u00fcnschten Gravurtext f\u00fcr alle Pokale in das daf\u00fcr vorgesehene Textfeld ein. Bei der Bestellung des kompletten Sets k\u00f6nnen Sie bequem die Platzierung angeben, z.B., &#8220;1-9. Platz&#8221;. Ihre individuelle Gravur verleiht den Troph\u00e4en eine pers\u00f6nliche Note und macht sie zu einem einzigartigen Erinnerungsst\u00fcck.<\/p>\n<p><strong>Perfekt f\u00fcr jede Veranstaltung<\/strong> Ob Sportwettk\u00e4mpfe, Firmenjubil\u00e4en, Schulabschl\u00fcsse oder andere besondere Anl\u00e4sse \u2013 unsere Starlight Pokale sind die ideale Wahl, um herausragende Leistungen zu w\u00fcrdigen. Sie sind robust, langlebig und werden garantiert zum Blickfang bei Ihrer n\u00e4chsten Siegerehrung.<\/p>\n<p><strong>Fazit<\/strong> Die Starlight Pokale in Gold\/Silber sind nicht nur beeindruckend in ihrer Vielfalt, sondern auch \u00e4u\u00dferst erschwinglich. Mit kostenloser Gravur und hochwertigem Design sind sie die perfekte Wahl f\u00fcr jeden Anlass. Machen Sie Ihre Siegerehrung zu einem unvergesslichen Erlebnis und bestellen Sie noch heute Ihre Starlight Pokale! Bei Fragen oder Sonderw\u00fcnschen steht unser Kundenservice Ihnen gerne zur Verf\u00fcgung.<\/p>\n<p align=\"center\"><b>\u00a0<\/b><\/p>\n","protected":false},"excerpt":{"rendered":"<p>Glanzvolle Auszeichnungen f\u00fcr jeden Anlass M\u00f6chten Sie Ihre Siegerehrung zu einem unvergesslichen Highlight machen? Mit unseren Starlight Pokalen in gold\/silber ist das ein Kinderspiel! Diese hochwertigen Troph\u00e4en sind ideal f\u00fcr ganz besondere Auszeichnungen und Events und bieten ein unschlagbares Preis-Leistungs-Verh\u00e4ltnis. Vielfalt in Gr\u00f6\u00dfe und Eleganz W\u00e4hlen Sie aus insgesamt 9&hellip;<\/p>\n","protected":false},"featured_media":10770,"comment_status":"open","ping_status":"closed","template":"","meta":{"spay_email":""},"product_cat":[16,17,23],"product_tag":[],"class_list":["post-10758","product","type-product","status-publish","has-post-thumbnail","hentry","product_cat-pokale","product_cat-pokale-pokale","product_cat-9er-pokale-serie"],"_links":{"self":[{"href":"https:\/\/pokale.shop\/ps\/wp-json\/wp\/v2\/product\/10758","targetHints":{"allow":["GET"]}}],"collection":[{"href":"https:\/\/pokale.shop\/ps\/wp-json\/wp\/v2\/product"}],"about":[{"href":"https:\/\/pokale.shop\/ps\/wp-json\/wp\/v2\/types\/product"}],"replies":[{"embeddable":true,"href":"https:\/\/pokale.shop\/ps\/wp-json\/wp\/v2\/comments?post=10758"}],"wp:featuredmedia":[{"embeddable":true,"href":"https:\/\/pokale.shop\/ps\/wp-json\/wp\/v2\/media\/10770"}],"wp:attachment":[{"href":"https:\/\/pokale.shop\/ps\/wp-json\/wp\/v2\/media?parent=10758"}],"wp:term":[{"taxonomy":"product_cat","embeddable":true,"href":"https:\/\/pokale.shop\/ps\/wp-json\/wp\/v2\/product_cat?post=10758"},{"taxonomy":"product_tag","embeddable":true,"href":"https:\/\/pokale.shop\/ps\/wp-json\/wp\/v2\/product_tag?post=10758"}],"curies":[{"name":"wp","href":"https:\/\/api.w.org\/{rel}","templated":true}]}}