{"id":10972,"date":"2023-09-19T13:38:30","date_gmt":"2023-09-19T13:38:30","guid":{"rendered":"https:\/\/pokale.shop\/ps\/?post_type=product&#038;p=10972"},"modified":"2023-09-20T14:38:14","modified_gmt":"2023-09-20T14:38:14","slug":"6er-pokalserie-skylon-mit-gravur-und-emblem","status":"publish","type":"product","link":"https:\/\/pokale.shop\/ps\/product\/6er-pokalserie-skylon-mit-gravur-und-emblem\/","title":{"rendered":"6er Pokalserie Skylon mit Gravur und Emblem"},"content":{"rendered":"<p>Verleihen Sie Ihrer Siegerehrung mit unseren exquisiten Skylon Silberpokalen eine unvergessliche Note! Diese Pokale sind perfekt f\u00fcr au\u00dfergew\u00f6hnliche Auszeichnungen und Events und bieten ein unschlagbares Preis-Leistungs-Verh\u00e4ltnis.<\/p>\n<p>Unsere Kollektion umfasst insgesamt 6 Pokale in verschiedenen Gr\u00f6\u00dfen, sodass Sie sicherlich den passenden Pokal f\u00fcr Ihre Veranstaltung finden werden:<\/p>\n<p>1 x Pokal (H\u00f6he: 20 cm &#8211; Durchmesser: 7 cm)<br \/>\n1 x Pokal (H\u00f6he: 21 cm &#8211; Durchmesser: 7 cm)<br \/>\n1 x Pokal (H\u00f6he: 21,5 cm &#8211; Durchmesser: 8 cm)<br \/>\n1 x Pokal (H\u00f6he: 22,5 cm &#8211; Durchmesser: 8 cm)<br \/>\n1 x Pokal (H\u00f6he: 23,5 cm &#8211; Durchmesser: 9 cm)<br \/>\n1 x Pokal (H\u00f6he: 24,5 cm &#8211; Durchmesser: 9 cm)<\/p>\n<p>Inbegriffen in diesem unschlagbaren Angebot sind die individuelle Gravur und ein Emblem f\u00fcr jeden Pokal. Sie k\u00f6nnen ganz einfach Ihren gew\u00fcnschten Gravurtext f\u00fcr alle Pokale in das daf\u00fcr vorgesehene Textfeld eingeben. Platzierungen, beispielsweise 1. bis 6. Platz, k\u00f6nnen Sie ebenfalls angeben, und wir arrangieren die Platzierungen entsprechend der Gr\u00f6\u00dfen der Pokale.<\/p>\n<p>Bitte beachten Sie, dass eine empfohlene Gravur von 3-4 Zeilen vorgesehen ist, wobei jede Zeile maximal 30 Zeichen inklusive Leerzeichen enthalten sollte. Damit garantieren wir eine ansprechende und professionelle Gestaltung Ihrer Gravuren.<\/p>\n<p>W\u00e4hlen Sie unsere Skylon Silberpokale f\u00fcr Ihre n\u00e4chste Siegerehrung und verleihen Sie Ihrem Event den Glanz und die Anerkennung, die es verdient!<\/p>\n<p>&#8221;<\/p>\n<p align=\"center\"><b>\u00a0<\/b><\/p>\n","protected":false},"excerpt":{"rendered":"<p>Verleihen Sie Ihrer Siegerehrung mit unseren exquisiten Skylon Silberpokalen eine unvergessliche Note! Diese Pokale sind perfekt f\u00fcr au\u00dfergew\u00f6hnliche Auszeichnungen und Events und bieten ein unschlagbares Preis-Leistungs-Verh\u00e4ltnis. Unsere Kollektion umfasst insgesamt 6 Pokale in verschiedenen Gr\u00f6\u00dfen, sodass Sie sicherlich den passenden Pokal f\u00fcr Ihre Veranstaltung finden werden: 1 x Pokal (H\u00f6he:&hellip;<\/p>\n","protected":false},"featured_media":10971,"comment_status":"open","ping_status":"closed","template":"","meta":{"spay_email":""},"product_cat":[16,17,21],"product_tag":[],"class_list":["post-10972","product","type-product","status-publish","has-post-thumbnail","hentry","product_cat-pokale","product_cat-pokale-pokale","product_cat-6er-pokale-serie"],"_links":{"self":[{"href":"https:\/\/pokale.shop\/ps\/wp-json\/wp\/v2\/product\/10972","targetHints":{"allow":["GET"]}}],"collection":[{"href":"https:\/\/pokale.shop\/ps\/wp-json\/wp\/v2\/product"}],"about":[{"href":"https:\/\/pokale.shop\/ps\/wp-json\/wp\/v2\/types\/product"}],"replies":[{"embeddable":true,"href":"https:\/\/pokale.shop\/ps\/wp-json\/wp\/v2\/comments?post=10972"}],"wp:featuredmedia":[{"embeddable":true,"href":"https:\/\/pokale.shop\/ps\/wp-json\/wp\/v2\/media\/10971"}],"wp:attachment":[{"href":"https:\/\/pokale.shop\/ps\/wp-json\/wp\/v2\/media?parent=10972"}],"wp:term":[{"taxonomy":"product_cat","embeddable":true,"href":"https:\/\/pokale.shop\/ps\/wp-json\/wp\/v2\/product_cat?post=10972"},{"taxonomy":"product_tag","embeddable":true,"href":"https:\/\/pokale.shop\/ps\/wp-json\/wp\/v2\/product_tag?post=10972"}],"curies":[{"name":"wp","href":"https:\/\/api.w.org\/{rel}","templated":true}]}}