{"id":11123,"date":"2023-09-21T09:21:02","date_gmt":"2023-09-21T09:21:02","guid":{"rendered":"https:\/\/pokale.shop\/ps\/?post_type=product&#038;p=11123"},"modified":"2025-12-29T21:38:21","modified_gmt":"2025-12-29T21:38:21","slug":"12er-pokalserie-pokale-champion-mit-gravur-und-emblem","status":"publish","type":"product","link":"https:\/\/pokale.shop\/ps\/product\/12er-pokalserie-pokale-champion-mit-gravur-und-emblem\/","title":{"rendered":"12er Pokalserie Pokale Champion mit Gravur und Emblem"},"content":{"rendered":"<p>Willkommen bei Wahren Champions Troph\u00e4en, Ihrem Ziel f\u00fcr exklusive Pokale in Gold und Silber. Unsere Troph\u00e4en sind das Nonplusultra f\u00fcr wahre Champions und werden Ihre Siegerehrung zum strahlenden Highlight machen.<\/p>\n<p>Unsere Pokale sind die ultimativen Blickf\u00e4nge bei jeder Siegerehrung und die Garanten f\u00fcr eine erfolgreiche Veranstaltung. Ob Sie eine elegante, klassische oder trendige Auszeichnung suchen &#8211; bei uns finden Sie f\u00fcr jedes Event den perfekten Pokal.<\/p>\n<p>Sie erhalten 12 Pokale bei Kauf einer kompletten Serien in folgenden Gr\u00f6\u00dfen:<\/p>\n<ul>\n<li>1 x Pokal (H\u00f6he: 31 cm \/ Durchmesser: 7 cm)<\/li>\n<li>1 x Pokal (H\u00f6he: 32 cm \/ Durchmesser: 7 cm)<\/li>\n<li>1 x Pokal (H\u00f6he: 33,5 cm \/ Durchmesser: 8 cm)<\/li>\n<li>1 x Pokal (H\u00f6he: 35 cm \/ Durchmesser: 8 cm)<\/li>\n<li>1 x Pokal (H\u00f6he: 36 cm \/ Durchmesser: 9 cm)<\/li>\n<li>1 x Pokal (H\u00f6he: 38 cm \/ Durchmesser: 9 cm)<\/li>\n<li>1 x Pokal (H\u00f6he: 39 cm \/ Durchmesser: 10 cm)<\/li>\n<li>1 x Pokal (H\u00f6he: 41 cm \/ Durchmesser: 10 cm)<\/li>\n<li>1 x Pokal (H\u00f6he: 42 cm \/ Durchmesser: 12 cm)<\/li>\n<li>1 x Pokal (H\u00f6he: 43 cm \/ Durchmesser: 12 cm)<\/li>\n<li>1 x Pokal (H\u00f6he: 44 cm \/ Durchmesser: 14 cm)<\/li>\n<li>1 x Pokal (H\u00f6he: 46 cm \/ Durchmesser: 14 cm)<\/li>\n<\/ul>\n<p>Jeder unserer Pokale wird auf einem Sockel aus edlen weissen Marmor pr\u00e4sentiert, der die Eleganz und Qualit\u00e4t unserer Auszeichnungen unterstreicht.<\/p>\n<p>Inbegriffen in unseren unschlagbaren Preisen sind die individuelle Gravur und ein Emblem f\u00fcr jeden Pokal. Sie k\u00f6nnen Ihren gew\u00fcnschten Gravurtext f\u00fcr alle Pokale in das daf\u00fcr vorgesehene Textfeld eingeben. Platzierungen sind einfach zu handhaben &#8211; geben Sie beispielsweise &#8216;1-12. Platz&#8217; an, und wir ordnen die Platzierungen entsprechend der Gr\u00f6\u00dfe der Pokale an.<\/p>\n<p>Bitte beachten Sie, dass wir f\u00fcr eine ansprechende Gestaltung des Gravurschilds 3-4 Zeilen zur Verf\u00fcgung stellen, wobei pro Zeile maximal 30 Zeichen (einschlie\u00dflich Leerzeichen) erlaubt sind. Wir sind stolz darauf, Ihre Auszeichnungen mit einer hochwertigen Gravur zu personalisieren und sicherzustellen, dass sie einen bleibenden Eindruck hinterlassen.<\/p>\n<p>Entdecken Sie die Welt der Champions bei Wahren Champions Troph\u00e4en und sichern Sie sich noch heute Ihre perfekte Auszeichnung.<\/p>\n","protected":false},"excerpt":{"rendered":"<p>Willkommen bei Wahren Champions Troph\u00e4en, Ihrem Ziel f\u00fcr exklusive Pokale in Gold und Silber. Unsere Troph\u00e4en sind das Nonplusultra f\u00fcr wahre Champions und werden Ihre Siegerehrung zum strahlenden Highlight machen. Unsere Pokale sind die ultimativen Blickf\u00e4nge bei jeder Siegerehrung und die Garanten f\u00fcr eine erfolgreiche Veranstaltung. Ob Sie eine elegante,&hellip;<\/p>\n","protected":false},"featured_media":11122,"comment_status":"open","ping_status":"closed","template":"","meta":{"spay_email":""},"product_cat":[16,17,25],"product_tag":[],"class_list":["post-11123","product","type-product","status-publish","has-post-thumbnail","hentry","product_cat-pokale","product_cat-pokale-pokale","product_cat-12er-pokale-serie"],"_links":{"self":[{"href":"https:\/\/pokale.shop\/ps\/wp-json\/wp\/v2\/product\/11123","targetHints":{"allow":["GET"]}}],"collection":[{"href":"https:\/\/pokale.shop\/ps\/wp-json\/wp\/v2\/product"}],"about":[{"href":"https:\/\/pokale.shop\/ps\/wp-json\/wp\/v2\/types\/product"}],"replies":[{"embeddable":true,"href":"https:\/\/pokale.shop\/ps\/wp-json\/wp\/v2\/comments?post=11123"}],"wp:featuredmedia":[{"embeddable":true,"href":"https:\/\/pokale.shop\/ps\/wp-json\/wp\/v2\/media\/11122"}],"wp:attachment":[{"href":"https:\/\/pokale.shop\/ps\/wp-json\/wp\/v2\/media?parent=11123"}],"wp:term":[{"taxonomy":"product_cat","embeddable":true,"href":"https:\/\/pokale.shop\/ps\/wp-json\/wp\/v2\/product_cat?post=11123"},{"taxonomy":"product_tag","embeddable":true,"href":"https:\/\/pokale.shop\/ps\/wp-json\/wp\/v2\/product_tag?post=11123"}],"curies":[{"name":"wp","href":"https:\/\/api.w.org\/{rel}","templated":true}]}}