{"id":11360,"date":"2023-10-17T14:04:23","date_gmt":"2023-10-17T14:04:23","guid":{"rendered":"https:\/\/pokale.shop\/ps\/?post_type=product&#038;p=11360"},"modified":"2025-12-13T13:45:30","modified_gmt":"2025-12-13T13:45:30","slug":"glaspokale-glanzvolle-eleganz-die-glaspokalserie-mit-sterngravur","status":"publish","type":"product","link":"https:\/\/pokale.shop\/ps\/product\/glaspokale-glanzvolle-eleganz-die-glaspokalserie-mit-sterngravur\/","title":{"rendered":"Glaspokale &#8211; Glanzvolle Eleganz: Die Glaspokalserie mit Sterngravur"},"content":{"rendered":"<p>Sichern Sie sich jetzt Ihren einzigartigen Glaspokal mit exklusiver Designgravur! Unser Onlineshop bietet Ihnen die M\u00f6glichkeit, einen stilvollen Glaspokal mit einem atemberaubenden Sternendesign und einer individuellen Platzierung zu erwerben. Dieser Trendsetter in Sachen Glaspokale ist in drei verschiedenen Gr\u00f6\u00dfen (18 cm, 20 cm und 22 cm) erh\u00e4ltlich und kann sowohl einzeln als auch als komplette Serie erstanden werden.<\/p>\n<p>Ihre individuelle Gravur wird nach Ihren W\u00fcnschen angefertigt, und die Textanordnung erfolgt genau so, wie Sie es auf den Bildern sehen k\u00f6nnen. Sie haben die Freiheit, bis zu 3 bis maximal 4 Zeilen f\u00fcr Ihre Gravur zu nutzen, wobei jede Zeile maximal 30 Zeichen inklusive Leerzeichen enthalten kann.<\/p>\n<p>M\u00f6chten Sie noch mehr M\u00f6glichkeiten zur Individualisierung? Kein Problem! Wir bieten Ihnen die Flexibilit\u00e4t, weitere Platzierungen anzugeben, um Ihre Serie nach Belieben zu erweitern und somit ein einzigartiges Set zu kreieren.<\/p>\n<p>Entdecken Sie jetzt unsere Glaspokale und heben Sie Ihre Veranstaltungen, Wettbewerbe oder Ehrungen auf ein ganz neues Niveau. Bestellen Sie noch heute und erhalten Sie ein Meisterwerk der Glaskunst, das Ihre G\u00e4ste und Preistr\u00e4ger beeindrucken wird.<\/p>\n<p>Platzierungen, beispielsweise 1. bis 3. Platz, k\u00f6nnen Sie ebenfalls angeben, und wir arrangieren die Platzierungen entsprechend der Gr\u00f6\u00dfen der Pokale.<\/p>\n<p>Glaspokal Gr\u00f6\u00dfen: 18cm \/ 20cm \/ 22cm<\/p>\n","protected":false},"excerpt":{"rendered":"<p>Sichern Sie sich jetzt Ihren einzigartigen Glaspokal mit exklusiver Designgravur! Unser Onlineshop bietet Ihnen die M\u00f6glichkeit, einen stilvollen Glaspokal mit einem atemberaubenden Sternendesign und einer individuellen Platzierung zu erwerben. Dieser Trendsetter in Sachen Glaspokale ist in drei verschiedenen Gr\u00f6\u00dfen (18 cm, 20 cm und 22 cm) erh\u00e4ltlich und kann sowohl&hellip;<\/p>\n","protected":false},"featured_media":11368,"comment_status":"open","ping_status":"closed","template":"","meta":{"spay_email":""},"product_cat":[52,53],"product_tag":[],"class_list":["post-11360","product","type-product","status-publish","has-post-thumbnail","hentry","product_cat-awards","product_cat-glaspokale"],"_links":{"self":[{"href":"https:\/\/pokale.shop\/ps\/wp-json\/wp\/v2\/product\/11360","targetHints":{"allow":["GET"]}}],"collection":[{"href":"https:\/\/pokale.shop\/ps\/wp-json\/wp\/v2\/product"}],"about":[{"href":"https:\/\/pokale.shop\/ps\/wp-json\/wp\/v2\/types\/product"}],"replies":[{"embeddable":true,"href":"https:\/\/pokale.shop\/ps\/wp-json\/wp\/v2\/comments?post=11360"}],"wp:featuredmedia":[{"embeddable":true,"href":"https:\/\/pokale.shop\/ps\/wp-json\/wp\/v2\/media\/11368"}],"wp:attachment":[{"href":"https:\/\/pokale.shop\/ps\/wp-json\/wp\/v2\/media?parent=11360"}],"wp:term":[{"taxonomy":"product_cat","embeddable":true,"href":"https:\/\/pokale.shop\/ps\/wp-json\/wp\/v2\/product_cat?post=11360"},{"taxonomy":"product_tag","embeddable":true,"href":"https:\/\/pokale.shop\/ps\/wp-json\/wp\/v2\/product_tag?post=11360"}],"curies":[{"name":"wp","href":"https:\/\/api.w.org\/{rel}","templated":true}]}}