{"id":11403,"date":"2023-10-24T13:12:49","date_gmt":"2023-10-24T13:12:49","guid":{"rendered":"https:\/\/pokale.shop\/ps\/?post_type=product&#038;p=11403"},"modified":"2024-08-29T13:18:47","modified_gmt":"2024-08-29T13:18:47","slug":"fussball-glaspokale-einzigartige-eleganz-und-individualitaet-fuer-ihre-veranstaltungen-mit-2d-fussball-effekt","status":"publish","type":"product","link":"https:\/\/pokale.shop\/ps\/product\/fussball-glaspokale-einzigartige-eleganz-und-individualitaet-fuer-ihre-veranstaltungen-mit-2d-fussball-effekt\/","title":{"rendered":"Fu\u00dfball-Glaspokale: Einzigartige Eleganz und Individualit\u00e4t f\u00fcr Ihre Veranstaltungen mit 2D FUSSBALL Effekt"},"content":{"rendered":"<p>Erleben Sie das ultimative Fu\u00dfballturnier mit unseren einzigartigen Glaspokalen! In unserem Onlineshop finden Sie Glaspokale, die sich wahrhaft von der Masse abheben und Ihre Veranstaltungen, Wettbewerbe oder Ehrungen auf ein v\u00f6llig neues Niveau heben.<\/p>\n<p>Unsere Glaspokale sind keine gew\u00f6hnlichen Troph\u00e4en, sondern wahre Kunstwerke aus Glas. Das Herzst\u00fcck dieser Pokale ist zweifellos der erhabene 2D-Fussball, der majest\u00e4tisch \u00fcber dem Glas thront und in Gold, Silber und Bronze erh\u00e4ltlich ist, um Ihrem Pokal eine einzigartige Eleganz zu verleihen.<\/p>\n<p>Ihre Individualit\u00e4t steht bei uns an erster Stelle. Deshalb bieten wir Ihnen die M\u00f6glichkeit, Ihre ganz pers\u00f6nliche Gravur nach Ihren W\u00fcnschen anzufertigen. Sie k\u00f6nnen bis zu 3 bis maximal 4 Zeilen f\u00fcr Ihre Gravur nutzen, wobei jede Zeile maximal 30 Zeichen inklusive Leerzeichen enthalten kann. Lassen Sie Ihrer Kreativit\u00e4t freien Lauf und gestalten Sie Ihren Pokal mit einer Botschaft, einem Namen oder einem Datum ganz nach Ihren Vorstellungen.<\/p>\n<p>Wenn Sie nach noch mehr Individualisierungsm\u00f6glichkeiten suchen, haben wir auch hierf\u00fcr eine L\u00f6sung. Sie k\u00f6nnen zus\u00e4tzliche Platzierungen angeben, um Ihre Serie nach Belieben zu erweitern. Ganz gleich, ob Sie Troph\u00e4en f\u00fcr den 1. bis 3. Platz oder eine individuelle Platzierung Ihrer Wahl w\u00fcnschen, wir setzen Ihre Vorstellungen um.<\/p>\n<p>Unsere Trendsetter-Glaspokale sind in drei verschiedenen Gr\u00f6\u00dfen (18 cm, 20 cm und 22 cm) erh\u00e4ltlich, perfekt abgestimmt auf die Anforderungen Ihres Turniers.<\/p>\n<p>Z\u00f6gern Sie nicht l\u00e4nger und werten Sie Ihre Veranstaltungen und Ehrungen auf, indem Sie noch heute bestellen. Unsere Glaspokale sind wahre Meisterwerke der Glaskunst und werden Ihre G\u00e4ste und Preistr\u00e4ger gleicherma\u00dfen beeindrucken. Unser Team steht Ihnen gerne zur Seite, um Ihre individuellen W\u00fcnsche zu erf\u00fcllen und Ihnen den Glaspokal Ihrer Tr\u00e4ume zu bieten.<\/p>\n<p>Entdecken Sie jetzt unsere einzigartigen Glaspokale und setzen Sie auf Qualit\u00e4t, Eleganz und Individualit\u00e4t. Wir freuen uns darauf, Sie bei Ihrem n\u00e4chsten Fu\u00dfball-Event-Turnier zu unterst\u00fctzen. Glaspokal-Gr\u00f6\u00dfen: 18 cm, 20 cm und 22 cm.<\/p>\n<p>Material &#8211; Fussball 2D Holz<\/p>\n","protected":false},"excerpt":{"rendered":"<p>Erleben Sie das ultimative Fu\u00dfballturnier mit unseren einzigartigen Glaspokalen! In unserem Onlineshop finden Sie Glaspokale, die sich wahrhaft von der Masse abheben und Ihre Veranstaltungen, Wettbewerbe oder Ehrungen auf ein v\u00f6llig neues Niveau heben. Unsere Glaspokale sind keine gew\u00f6hnlichen Troph\u00e4en, sondern wahre Kunstwerke aus Glas. Das Herzst\u00fcck dieser Pokale ist&hellip;<\/p>\n","protected":false},"featured_media":11416,"comment_status":"open","ping_status":"closed","template":"","meta":{"spay_email":""},"product_cat":[16,32,36,52,53],"product_tag":[],"class_list":["post-11403","product","type-product","status-publish","has-post-thumbnail","hentry","product_cat-pokale","product_cat-themen-pokale","product_cat-fussball-pokale","product_cat-awards","product_cat-glaspokale","pa_color-gold","pa_color-silber","pa_color-bronze"],"_links":{"self":[{"href":"https:\/\/pokale.shop\/ps\/wp-json\/wp\/v2\/product\/11403","targetHints":{"allow":["GET"]}}],"collection":[{"href":"https:\/\/pokale.shop\/ps\/wp-json\/wp\/v2\/product"}],"about":[{"href":"https:\/\/pokale.shop\/ps\/wp-json\/wp\/v2\/types\/product"}],"replies":[{"embeddable":true,"href":"https:\/\/pokale.shop\/ps\/wp-json\/wp\/v2\/comments?post=11403"}],"wp:featuredmedia":[{"embeddable":true,"href":"https:\/\/pokale.shop\/ps\/wp-json\/wp\/v2\/media\/11416"}],"wp:attachment":[{"href":"https:\/\/pokale.shop\/ps\/wp-json\/wp\/v2\/media?parent=11403"}],"wp:term":[{"taxonomy":"product_cat","embeddable":true,"href":"https:\/\/pokale.shop\/ps\/wp-json\/wp\/v2\/product_cat?post=11403"},{"taxonomy":"product_tag","embeddable":true,"href":"https:\/\/pokale.shop\/ps\/wp-json\/wp\/v2\/product_tag?post=11403"}],"curies":[{"name":"wp","href":"https:\/\/api.w.org\/{rel}","templated":true}]}}