{"id":11792,"date":"2024-07-12T13:20:57","date_gmt":"2024-07-12T13:20:57","guid":{"rendered":"https:\/\/pokale.shop\/ps\/?post_type=product&#038;p=11792"},"modified":"2025-05-31T11:18:49","modified_gmt":"2025-05-31T11:18:49","slug":"dart-pokale-top-trophy","status":"publish","type":"product","link":"https:\/\/pokale.shop\/ps\/product\/dart-pokale-top-trophy\/","title":{"rendered":"Dart Pokale TOP TROPHY"},"content":{"rendered":"<p>Willkommen bei Ihrem Online-Shop f\u00fcr goldene Pokale im Bereich Dart! Unsere hochwertigen Pokale sind die perfekte Anerkennung f\u00fcr herausragende Leistungen und bieten eine elegante M\u00f6glichkeit, Erfolge zu feiern. Jeder Pokal in unserer Kollektion besticht durch sein edles Design und seine hervorragende Qualit\u00e4t.<\/p>\n<h2>Elegante Gestaltung und hochwertige Materialien<\/h2>\n<p>Unsere Pokale f\u00fcr Dart sind aus goldfarbenem Kunststoff gefertigt und auf einem robusten schwarzen Kunststoffsockel montiert. Mit einer Gesamth\u00f6he von 16 cm sind sie ideal, um auf Regalen oder in Vitrinen ausgestellt zu werden. Die gl\u00e4nzende Oberfl\u00e4che der goldenen Figur verleiht jedem Pokal eine edle Ausstrahlung, die sowohl Sportler als auch Betrachter beeindruckt.<\/p>\n<h2>Vielseitige Einsatzm\u00f6glichkeiten<\/h2>\n<p>Ob f\u00fcr Turniere, Meisterschaften oder Vereinsfeiern \u2013 unsere Pokale sind vielseitig einsetzbar und eignen sich perfekt, um sportliche Erfolge zu w\u00fcrdigen. Jeder Pokal kann individuell mit einer Gravur versehen werden, um den Namen des Gewinners, das Datum oder eine pers\u00f6nliche Nachricht zu integrieren. Ihnen stehen dabei 3-4 Zeilen zur Verf\u00fcgung, mit maximal 30 Zeichen pro Zeile inklusive Leerzeichen. Und das Beste: Die Gravur ist bereits im Preis enthalten! Dadurch wird jede Auszeichnung zu einem einzigartigen Erinnerungsst\u00fcck.<\/p>\n","protected":false},"excerpt":{"rendered":"<p>Willkommen bei Ihrem Online-Shop f\u00fcr goldene Pokale im Bereich Dart! Unsere hochwertigen Pokale sind die perfekte Anerkennung f\u00fcr herausragende Leistungen und bieten eine elegante M\u00f6glichkeit, Erfolge zu feiern. Jeder Pokal in unserer Kollektion besticht durch sein edles Design und seine hervorragende Qualit\u00e4t. Elegante Gestaltung und hochwertige Materialien Unsere Pokale f\u00fcr&hellip;<\/p>\n","protected":false},"featured_media":11793,"comment_status":"open","ping_status":"closed","template":"","meta":{"spay_email":""},"product_cat":[16,17,18,32,35],"product_tag":[],"class_list":["post-11792","product","type-product","status-publish","has-post-thumbnail","hentry","product_cat-pokale","product_cat-pokale-pokale","product_cat-einzelpokale","product_cat-themen-pokale","product_cat-dart-pokale"],"_links":{"self":[{"href":"https:\/\/pokale.shop\/ps\/wp-json\/wp\/v2\/product\/11792","targetHints":{"allow":["GET"]}}],"collection":[{"href":"https:\/\/pokale.shop\/ps\/wp-json\/wp\/v2\/product"}],"about":[{"href":"https:\/\/pokale.shop\/ps\/wp-json\/wp\/v2\/types\/product"}],"replies":[{"embeddable":true,"href":"https:\/\/pokale.shop\/ps\/wp-json\/wp\/v2\/comments?post=11792"}],"wp:featuredmedia":[{"embeddable":true,"href":"https:\/\/pokale.shop\/ps\/wp-json\/wp\/v2\/media\/11793"}],"wp:attachment":[{"href":"https:\/\/pokale.shop\/ps\/wp-json\/wp\/v2\/media?parent=11792"}],"wp:term":[{"taxonomy":"product_cat","embeddable":true,"href":"https:\/\/pokale.shop\/ps\/wp-json\/wp\/v2\/product_cat?post=11792"},{"taxonomy":"product_tag","embeddable":true,"href":"https:\/\/pokale.shop\/ps\/wp-json\/wp\/v2\/product_tag?post=11792"}],"curies":[{"name":"wp","href":"https:\/\/api.w.org\/{rel}","templated":true}]}}