{"id":11916,"date":"2025-02-03T13:58:03","date_gmt":"2025-02-03T13:58:03","guid":{"rendered":"https:\/\/pokale.shop\/ps\/?post_type=product&#038;p=11916"},"modified":"2025-11-02T09:28:02","modified_gmt":"2025-11-02T09:28:02","slug":"3er-pokalserie-campus","status":"publish","type":"product","link":"https:\/\/pokale.shop\/ps\/product\/3er-pokalserie-campus\/","title":{"rendered":"3er HENKEL Pokalserie CAMPUS ab 20cm"},"content":{"rendered":"<p><strong>CAMPUS Henkel-Pokale \u2013 Elegantes Design zum TOP-Preis<\/strong><\/p>\n<p>Machen Sie Ihre Siegerehrung zu einem unvergesslichen Erlebnis mit unseren hochwertigen CAMPUS Henkel-Pokalen. Perfekt f\u00fcr besondere Auszeichnungen und Events.<\/p>\n<h3><strong>Verf\u00fcgbare Gr\u00f6\u00dfen:<\/strong><\/h3>\n<ul>\n<li>Pokal (H\u00f6he: 20 cm \/ Durchmesser: 8 cm)<\/li>\n<li>Pokal (H\u00f6he: 21 cm \/ Durchmesser: 8 cm)<\/li>\n<li>Pokal (H\u00f6he: 23 cm \/ Durchmesser: 8 cm)<\/li>\n<\/ul>\n<p><strong>Exklusiver Sockel aus wei\u00dfem Marmor:<\/strong><br \/>\nDie edle Basis verleiht jedem Pokal eine hochwertige Optik und sorgt f\u00fcr Stabilit\u00e4t.<\/p>\n<h3><strong>Inklusive Gravur und Emblem<\/strong><\/h3>\n<ul>\n<li>Pers\u00f6nliche Gravur: Geben Sie Ihren Wunschtext direkt ins Textfeld ein<\/li>\n<li>Bis zu <strong>3-4 Zeilen<\/strong> mit je maximal <strong>30 Zeichen inkl. Leerzeichen<\/strong> pro Zeile m\u00f6glich<\/li>\n<\/ul>\n<p>Sichern Sie sich die CAMPUS Henkel-Pokale und lassen Sie Ihre Gewinner im Rampenlicht gl\u00e4nzen!<\/p>\n<p>&nbsp;<\/p>\n","protected":false},"excerpt":{"rendered":"<p>CAMPUS Henkel-Pokale \u2013 Elegantes Design zum TOP-Preis Machen Sie Ihre Siegerehrung zu einem unvergesslichen Erlebnis mit unseren hochwertigen CAMPUS Henkel-Pokalen. Perfekt f\u00fcr besondere Auszeichnungen und Events. Verf\u00fcgbare Gr\u00f6\u00dfen: Pokal (H\u00f6he: 20 cm \/ Durchmesser: 8 cm) Pokal (H\u00f6he: 21 cm \/ Durchmesser: 8 cm) Pokal (H\u00f6he: 23 cm \/ Durchmesser:&hellip;<\/p>\n","protected":false},"featured_media":11921,"comment_status":"open","ping_status":"closed","template":"","meta":{"spay_email":""},"product_cat":[16,17,18,19],"product_tag":[],"class_list":["post-11916","product","type-product","status-publish","has-post-thumbnail","hentry","product_cat-pokale","product_cat-pokale-pokale","product_cat-einzelpokale","product_cat-3er-pokale-serie"],"_links":{"self":[{"href":"https:\/\/pokale.shop\/ps\/wp-json\/wp\/v2\/product\/11916","targetHints":{"allow":["GET"]}}],"collection":[{"href":"https:\/\/pokale.shop\/ps\/wp-json\/wp\/v2\/product"}],"about":[{"href":"https:\/\/pokale.shop\/ps\/wp-json\/wp\/v2\/types\/product"}],"replies":[{"embeddable":true,"href":"https:\/\/pokale.shop\/ps\/wp-json\/wp\/v2\/comments?post=11916"}],"wp:featuredmedia":[{"embeddable":true,"href":"https:\/\/pokale.shop\/ps\/wp-json\/wp\/v2\/media\/11921"}],"wp:attachment":[{"href":"https:\/\/pokale.shop\/ps\/wp-json\/wp\/v2\/media?parent=11916"}],"wp:term":[{"taxonomy":"product_cat","embeddable":true,"href":"https:\/\/pokale.shop\/ps\/wp-json\/wp\/v2\/product_cat?post=11916"},{"taxonomy":"product_tag","embeddable":true,"href":"https:\/\/pokale.shop\/ps\/wp-json\/wp\/v2\/product_tag?post=11916"}],"curies":[{"name":"wp","href":"https:\/\/api.w.org\/{rel}","templated":true}]}}