{"id":12224,"date":"2026-03-11T16:29:59","date_gmt":"2026-03-11T16:29:59","guid":{"rendered":"https:\/\/pokale.shop\/ps\/?post_type=product&#038;p=12224"},"modified":"2026-03-11T17:56:46","modified_gmt":"2026-03-11T17:56:46","slug":"10er-pokalserie-montana-blue-elegante-silber-blaue-oder-silber-rote-pokale-fuer-jede-siegerehrung","status":"publish","type":"product","link":"https:\/\/pokale.shop\/ps\/product\/10er-pokalserie-montana-blue-elegante-silber-blaue-oder-silber-rote-pokale-fuer-jede-siegerehrung\/","title":{"rendered":"10er Pokalserie Montana Blue \u2013 elegante Silber-Blaue oder Silber Rote Pokale f\u00fcr jede Siegerehrung"},"content":{"rendered":"<p data-start=\"203\" data-end=\"650\">Die <strong data-start=\"207\" data-end=\"239\">10er Pokalserie Montana Blue oder Montana RED<\/strong> \u00fcberzeugt mit einer eleganten Kombination aus <strong data-start=\"286\" data-end=\"310\">silberfarbenem Pokal<\/strong>, <strong data-start=\"312\" data-end=\"338\">blauen\/roten Designelementen<\/strong> und einem stabilen <strong data-start=\"358\" data-end=\"374\">Marmorsockel<\/strong>. Durch die abgestufte Gr\u00f6\u00dfenreihe eignet sich diese hochwertige <strong data-start=\"439\" data-end=\"453\">Pokalserie<\/strong> ideal f\u00fcr <strong data-start=\"464\" data-end=\"531\">Turniere, Vereinsmeisterschaften, Schulsport, Firmenwettbewerbe<\/strong> und viele weitere Ehrungen. Das moderne Design in <strong data-start=\"582\" data-end=\"601\">Silber Blau oder Silber Rot<\/strong> wirkt sportlich, edel und vielseitig einsetzbar.<\/p>\n<p data-start=\"652\" data-end=\"1065\">Wer eine komplette <strong data-start=\"671\" data-end=\"690\">10er Pokalserie<\/strong> sucht, findet mit <strong data-start=\"709\" data-end=\"725\">Montana Blue oder Montana Red<\/strong> die passende L\u00f6sung f\u00fcr Siegerpl\u00e4tze und Platzierungen. Die Serie ist perfekt f\u00fcr Veranstalter, Vereine und Organisationen, die mehrere <strong data-start=\"862\" data-end=\"894\">Pokale im einheitlichen Look<\/strong> auszeichnen m\u00f6chten. Dank der harmonischen Formgebung und der attraktiven Farbgebung sorgt die <strong data-start=\"990\" data-end=\"1017\">Pokalserie Montana Blue<\/strong> f\u00fcr eine starke Pr\u00e4senz bei jeder Siegerehrung.<\/p>\n<p>Materialhinweis:<\/p>\n<ul>\n<li>Sockel: Marmor<\/li>\n<li>Fu\u00df: Kunststoff<\/li>\n<li><span dir=\"auto\" style=\"vertical-align: inherit;\"><span dir=\"auto\" style=\"vertical-align: inherit;\">Pokal: Metall<\/span><\/span><\/li>\n<\/ul>\n<p>Selbstverst\u00e4ndlich ist die Gravur und das Emblem bereits im Preis inbegriffen. Geben Sie einfach den gew\u00fcnschten Gravurtext f\u00fcr alle Troph\u00e4en in das entsprechende Textfeld ein.<\/p>\n<p>Bitte beachten Sie: F\u00fcr die Gravurplatte stehen 3-4 Zeilen zur Verf\u00fcgung, mit maximal 30 Zeichen pro Zeile, einschlie\u00dflich Leerzeichen. Damit wird Ihre Gravurplatte genau nach Ihren W\u00fcnschen gestaltet.<\/p>\n","protected":false},"excerpt":{"rendered":"<p>Die 10er Pokalserie Montana Blue oder Montana RED \u00fcberzeugt mit einer eleganten Kombination aus silberfarbenem Pokal, blauen\/roten Designelementen und einem stabilen Marmorsockel. Durch die abgestufte Gr\u00f6\u00dfenreihe eignet sich diese hochwertige Pokalserie ideal f\u00fcr Turniere, Vereinsmeisterschaften, Schulsport, Firmenwettbewerbe und viele weitere Ehrungen. Das moderne Design in Silber Blau oder Silber Rot&hellip;<\/p>\n","protected":false},"featured_media":12260,"comment_status":"open","ping_status":"closed","template":"","meta":{"spay_email":""},"product_cat":[16,17,26],"product_tag":[],"class_list":["post-12224","product","type-product","status-publish","has-post-thumbnail","hentry","product_cat-pokale","product_cat-pokale-pokale","product_cat-10er-pokale-serie"],"_links":{"self":[{"href":"https:\/\/pokale.shop\/ps\/wp-json\/wp\/v2\/product\/12224","targetHints":{"allow":["GET"]}}],"collection":[{"href":"https:\/\/pokale.shop\/ps\/wp-json\/wp\/v2\/product"}],"about":[{"href":"https:\/\/pokale.shop\/ps\/wp-json\/wp\/v2\/types\/product"}],"replies":[{"embeddable":true,"href":"https:\/\/pokale.shop\/ps\/wp-json\/wp\/v2\/comments?post=12224"}],"wp:featuredmedia":[{"embeddable":true,"href":"https:\/\/pokale.shop\/ps\/wp-json\/wp\/v2\/media\/12260"}],"wp:attachment":[{"href":"https:\/\/pokale.shop\/ps\/wp-json\/wp\/v2\/media?parent=12224"}],"wp:term":[{"taxonomy":"product_cat","embeddable":true,"href":"https:\/\/pokale.shop\/ps\/wp-json\/wp\/v2\/product_cat?post=12224"},{"taxonomy":"product_tag","embeddable":true,"href":"https:\/\/pokale.shop\/ps\/wp-json\/wp\/v2\/product_tag?post=12224"}],"curies":[{"name":"wp","href":"https:\/\/api.w.org\/{rel}","templated":true}]}}