{"id":127,"date":"2021-06-02T19:56:40","date_gmt":"2021-06-02T19:56:40","guid":{"rendered":"http:\/\/localhost\/import\/product\/top-medaillen-bander-11-oder-22mm\/"},"modified":"2023-12-19T18:06:44","modified_gmt":"2023-12-19T18:06:44","slug":"top-medaillen-bander-11-oder-22mm","status":"publish","type":"product","link":"https:\/\/pokale.shop\/ps\/product\/top-medaillen-bander-11-oder-22mm\/","title":{"rendered":"TOP Medaillen B\u00e4nder 11 oder 22mm"},"content":{"rendered":"<p><span style=\"vertical-align: inherit;\"><span style=\"vertical-align: inherit;\"><span style=\"vertical-align: inherit;\"><span style=\"vertical-align: inherit;\"><span style=\"vertical-align: inherit;\"><span style=\"vertical-align: inherit;\">W\u00e4hlen Sie hier die passenden Halsb\u00e4nder f\u00fcr Ihre Medaillen aus.<\/span><\/span><\/span><\/span><\/span><\/span><\/p>\n","protected":false},"excerpt":{"rendered":"<p>W\u00e4hlen Sie hier die passenden Halsb\u00e4nder f\u00fcr Ihre Medaillen aus.<\/p>\n","protected":false},"featured_media":128,"comment_status":"open","ping_status":"closed","template":"","meta":{"spay_email":""},"product_cat":[16,51,55,56,57,58],"product_tag":[],"class_list":["post-127","product","type-product","status-publish","has-post-thumbnail","hentry","product_cat-pokale","product_cat-zubehor","product_cat-medaillen","product_cat-medaillen-25mm-emblem","product_cat-medaillen-50mm-emblem","product_cat-motiv-medaillen","pa_band-schwarz-rot-gelb","pa_band-schwarz-gelb","pa_band-schwarz-weiss","pa_band-schwarz-rot","pa_band-blau-weiss","pa_band-blau-gelb","pa_band-gr-ge","pa_band-gruen-weiss","pa_band-rot-weiss"],"_links":{"self":[{"href":"https:\/\/pokale.shop\/ps\/wp-json\/wp\/v2\/product\/127","targetHints":{"allow":["GET"]}}],"collection":[{"href":"https:\/\/pokale.shop\/ps\/wp-json\/wp\/v2\/product"}],"about":[{"href":"https:\/\/pokale.shop\/ps\/wp-json\/wp\/v2\/types\/product"}],"replies":[{"embeddable":true,"href":"https:\/\/pokale.shop\/ps\/wp-json\/wp\/v2\/comments?post=127"}],"wp:featuredmedia":[{"embeddable":true,"href":"https:\/\/pokale.shop\/ps\/wp-json\/wp\/v2\/media\/128"}],"wp:attachment":[{"href":"https:\/\/pokale.shop\/ps\/wp-json\/wp\/v2\/media?parent=127"}],"wp:term":[{"taxonomy":"product_cat","embeddable":true,"href":"https:\/\/pokale.shop\/ps\/wp-json\/wp\/v2\/product_cat?post=127"},{"taxonomy":"product_tag","embeddable":true,"href":"https:\/\/pokale.shop\/ps\/wp-json\/wp\/v2\/product_tag?post=127"}],"curies":[{"name":"wp","href":"https:\/\/api.w.org\/{rel}","templated":true}]}}