{"id":1705,"date":"2021-06-02T20:01:00","date_gmt":"2021-06-02T20:01:00","guid":{"rendered":"http:\/\/localhost\/import\/product\/pokale-glasstander-rondo-ab-12cm\/"},"modified":"2022-02-08T14:36:24","modified_gmt":"2022-02-08T14:36:24","slug":"pokale-glasstander-rondo-ab-12cm","status":"publish","type":"product","link":"https:\/\/pokale.shop\/ps\/product\/pokale-glasstander-rondo-ab-12cm\/","title":{"rendered":"Pokale Glasst\u00e4nder Rondo ab 12cm"},"content":{"rendered":"<p>Wenn es mal was anderes sein soll, empfehlen wir diese kleine RONDO &#8211; Glasst\u00e4nder Serie. Aber auch als einzelnes Geschenk eignet sich dieser RONDO Pokal hervorragend.<\/p>\n<p>Selbstverst\u00e4ndlich ist im Preis bereits die Gravur und das Emblem je Pokal enthalten.<br \/>\nGeben Sie hierzu einfach Ihren gew\u00fcnschten Gravurtext f\u00fcr alle Pokale in das Textfeld ein.<\/p>\n<p><b>Bitte beachten Sie &#8211; f\u00fcr das Gravurschild stehen Ihnen 3 Zeilen zur Verf\u00fcgung &#8211; pro Zeile max. 23 Zeichen inkl. Leerzeichen.<\/b><\/p>\n","protected":false},"excerpt":{"rendered":"<p>Wenn es mal was anderes sein soll, empfehlen wir diese kleine RONDO &#8211; Glasst\u00e4nder Serie. Aber auch als einzelnes Geschenk eignet sich dieser RONDO Pokal hervorragend. Selbstverst\u00e4ndlich ist im Preis bereits die Gravur und das Emblem je Pokal enthalten. Geben Sie hierzu einfach Ihren gew\u00fcnschten Gravurtext f\u00fcr alle Pokale in&hellip;<\/p>\n","protected":false},"featured_media":1706,"comment_status":"open","ping_status":"closed","template":"","meta":{"spay_email":""},"product_cat":[52,53],"product_tag":[],"class_list":["post-1705","product","type-product","status-publish","has-post-thumbnail","hentry","product_cat-awards","product_cat-glaspokale"],"_links":{"self":[{"href":"https:\/\/pokale.shop\/ps\/wp-json\/wp\/v2\/product\/1705","targetHints":{"allow":["GET"]}}],"collection":[{"href":"https:\/\/pokale.shop\/ps\/wp-json\/wp\/v2\/product"}],"about":[{"href":"https:\/\/pokale.shop\/ps\/wp-json\/wp\/v2\/types\/product"}],"replies":[{"embeddable":true,"href":"https:\/\/pokale.shop\/ps\/wp-json\/wp\/v2\/comments?post=1705"}],"wp:featuredmedia":[{"embeddable":true,"href":"https:\/\/pokale.shop\/ps\/wp-json\/wp\/v2\/media\/1706"}],"wp:attachment":[{"href":"https:\/\/pokale.shop\/ps\/wp-json\/wp\/v2\/media?parent=1705"}],"wp:term":[{"taxonomy":"product_cat","embeddable":true,"href":"https:\/\/pokale.shop\/ps\/wp-json\/wp\/v2\/product_cat?post=1705"},{"taxonomy":"product_tag","embeddable":true,"href":"https:\/\/pokale.shop\/ps\/wp-json\/wp\/v2\/product_tag?post=1705"}],"curies":[{"name":"wp","href":"https:\/\/api.w.org\/{rel}","templated":true}]}}