{"id":1710,"date":"2021-06-02T20:01:04","date_gmt":"2021-06-02T20:01:04","guid":{"rendered":"http:\/\/localhost\/import\/product\/pokale-glasstander-rosso-ab-11-cm\/"},"modified":"2022-02-08T14:37:59","modified_gmt":"2022-02-08T14:37:59","slug":"pokale-glasstander-rosso-ab-11-cm","status":"publish","type":"product","link":"https:\/\/pokale.shop\/ps\/product\/pokale-glasstander-rosso-ab-11-cm\/","title":{"rendered":"Pokale Glasst\u00e4nder Rosso ab 11 cm"},"content":{"rendered":"<p>Das ideale Geschenk zum Jubil\u00e4um oder Geburtstag. Zum Beispiel einfach Jubil\u00e4umszahl eintragen (Motiv Nr.:) dann entsprechenden zweizeiligen Text angeben. Fertig ist das Geburtstaggeschenk.<\/p>\n<p>Selbstverst\u00e4ndlich ist im Preis bereits die Gravur und das Emblem je Pokal enthalten.<br \/>\nGeben Sie hierzu einfach Ihren gew\u00fcnschten Gravurtext f\u00fcr alle Pokale in das Textfeld ein.<\/p>\n<p><b>Bitte beachten Sie &#8211; f\u00fcr das Gravurschild stehen Ihnen 3 Zeilen zur Verf\u00fcgung &#8211; pro Zeile max. 23 Zeichen inkl. Leerzeichen.<\/b><\/p>\n","protected":false},"excerpt":{"rendered":"<p>Das ideale Geschenk zum Jubil\u00e4um oder Geburtstag. Zum Beispiel einfach Jubil\u00e4umszahl eintragen (Motiv Nr.:) dann entsprechenden zweizeiligen Text angeben. Fertig ist das Geburtstaggeschenk. Selbstverst\u00e4ndlich ist im Preis bereits die Gravur und das Emblem je Pokal enthalten. Geben Sie hierzu einfach Ihren gew\u00fcnschten Gravurtext f\u00fcr alle Pokale in das Textfeld ein.&hellip;<\/p>\n","protected":false},"featured_media":1711,"comment_status":"open","ping_status":"closed","template":"","meta":{"spay_email":""},"product_cat":[52,53],"product_tag":[],"class_list":["post-1710","product","type-product","status-publish","has-post-thumbnail","hentry","product_cat-awards","product_cat-glaspokale"],"_links":{"self":[{"href":"https:\/\/pokale.shop\/ps\/wp-json\/wp\/v2\/product\/1710","targetHints":{"allow":["GET"]}}],"collection":[{"href":"https:\/\/pokale.shop\/ps\/wp-json\/wp\/v2\/product"}],"about":[{"href":"https:\/\/pokale.shop\/ps\/wp-json\/wp\/v2\/types\/product"}],"replies":[{"embeddable":true,"href":"https:\/\/pokale.shop\/ps\/wp-json\/wp\/v2\/comments?post=1710"}],"wp:featuredmedia":[{"embeddable":true,"href":"https:\/\/pokale.shop\/ps\/wp-json\/wp\/v2\/media\/1711"}],"wp:attachment":[{"href":"https:\/\/pokale.shop\/ps\/wp-json\/wp\/v2\/media?parent=1710"}],"wp:term":[{"taxonomy":"product_cat","embeddable":true,"href":"https:\/\/pokale.shop\/ps\/wp-json\/wp\/v2\/product_cat?post=1710"},{"taxonomy":"product_tag","embeddable":true,"href":"https:\/\/pokale.shop\/ps\/wp-json\/wp\/v2\/product_tag?post=1710"}],"curies":[{"name":"wp","href":"https:\/\/api.w.org\/{rel}","templated":true}]}}