{"id":1741,"date":"2021-06-02T20:01:22","date_gmt":"2021-06-02T20:01:22","guid":{"rendered":"http:\/\/localhost\/import\/product\/pokale-glastrophae-miracle-ab-175-cm\/"},"modified":"2021-06-30T08:13:23","modified_gmt":"2021-06-30T08:13:23","slug":"pokale-glastrophae-miracle-ab-175-cm","status":"publish","type":"product","link":"https:\/\/pokale.shop\/ps\/product\/pokale-glastrophae-miracle-ab-175-cm\/","title":{"rendered":"Pokale &#8211; Glastroph\u00e4e Miracle ab 17,5 cm"},"content":{"rendered":"<p>Achtecke Glastroph\u00e4en mit handwerklich meisterhaften Kantenschliff. Eine echte alternative zu den bisherigen Pokalen.<\/p>\n<p>Selbstverst\u00e4ndlich ist im Preis bereits die Gravur und das Emblem je Pokal enthalten.<br \/>\nGeben Sie hierzu einfach Ihren gew\u00fcnschten Gravurtext f\u00fcr alle Pokale in das Textfeld ein.<\/p>\n<p><b>Bitte beachten Sie &#8211; f\u00fcr das Gravurschild stehen Ihnen 3 Zeilen zur Verf\u00fcgung &#8211; pro Zeile max. 23 Zeichen inkl. Leerzeichen. <\/b><\/p>\n<p align=\"center\"><b>\u00a0<\/b><\/p>\n","protected":false},"excerpt":{"rendered":"<p>Achtecke Glastroph\u00e4en mit handwerklich meisterhaften Kantenschliff. Eine echte alternative zu den bisherigen Pokalen. Selbstverst\u00e4ndlich ist im Preis bereits die Gravur und das Emblem je Pokal enthalten. Geben Sie hierzu einfach Ihren gew\u00fcnschten Gravurtext f\u00fcr alle Pokale in das Textfeld ein. Bitte beachten Sie &#8211; f\u00fcr das Gravurschild stehen Ihnen 3&hellip;<\/p>\n","protected":false},"featured_media":1742,"comment_status":"open","ping_status":"closed","template":"","meta":{"spay_email":""},"product_cat":[52,53],"product_tag":[],"class_list":["post-1741","product","type-product","status-publish","has-post-thumbnail","hentry","product_cat-awards","product_cat-glaspokale"],"_links":{"self":[{"href":"https:\/\/pokale.shop\/ps\/wp-json\/wp\/v2\/product\/1741","targetHints":{"allow":["GET"]}}],"collection":[{"href":"https:\/\/pokale.shop\/ps\/wp-json\/wp\/v2\/product"}],"about":[{"href":"https:\/\/pokale.shop\/ps\/wp-json\/wp\/v2\/types\/product"}],"replies":[{"embeddable":true,"href":"https:\/\/pokale.shop\/ps\/wp-json\/wp\/v2\/comments?post=1741"}],"wp:featuredmedia":[{"embeddable":true,"href":"https:\/\/pokale.shop\/ps\/wp-json\/wp\/v2\/media\/1742"}],"wp:attachment":[{"href":"https:\/\/pokale.shop\/ps\/wp-json\/wp\/v2\/media?parent=1741"}],"wp:term":[{"taxonomy":"product_cat","embeddable":true,"href":"https:\/\/pokale.shop\/ps\/wp-json\/wp\/v2\/product_cat?post=1741"},{"taxonomy":"product_tag","embeddable":true,"href":"https:\/\/pokale.shop\/ps\/wp-json\/wp\/v2\/product_tag?post=1741"}],"curies":[{"name":"wp","href":"https:\/\/api.w.org\/{rel}","templated":true}]}}