{"id":1895,"date":"2021-06-02T20:02:14","date_gmt":"2021-06-02T20:02:14","guid":{"rendered":"http:\/\/localhost\/import\/product\/pokale-resin-figur-karate\/"},"modified":"2021-06-30T06:19:52","modified_gmt":"2021-06-30T06:19:52","slug":"pokale-resin-figur-karate","status":"publish","type":"product","link":"https:\/\/pokale.shop\/ps\/product\/pokale-resin-figur-karate\/","title":{"rendered":"Pokale Resin Figur Karate"},"content":{"rendered":"<p>Pokale Karate Judo Kampfsport &#8211; neue, schwere, elegante und trendige Figuren &#8211; damit liegen Sie immer richtig bei jeder Auszeichnung.<\/p>\n<p>Selbstverst\u00e4ndlich ist im Preis bereits die Gravur je Pokal enthalten.<br \/>\nGeben Sie hierzu einfach Ihren gew\u00fcnschten Gravurtext f\u00fcr alle Pokale in das Textfeld ein.<\/p>\n<p><b>Bitte beachten Sie &#8211; f\u00fcr das Gravurschild stehen Ihnen 3-4 Zeilen zur Verf\u00fcgung &#8211; pro Zeile max. 30 Zeichen inkl. Leerzeichen. <\/b><\/p>\n","protected":false},"excerpt":{"rendered":"<p>Pokale Karate Judo Kampfsport &#8211; neue, schwere, elegante und trendige Figuren &#8211; damit liegen Sie immer richtig bei jeder Auszeichnung. Selbstverst\u00e4ndlich ist im Preis bereits die Gravur je Pokal enthalten. Geben Sie hierzu einfach Ihren gew\u00fcnschten Gravurtext f\u00fcr alle Pokale in das Textfeld ein. Bitte beachten Sie &#8211; f\u00fcr das&hellip;<\/p>\n","protected":false},"featured_media":1896,"comment_status":"open","ping_status":"closed","template":"","meta":{"spay_email":""},"product_cat":[16,17,18,32,42],"product_tag":[],"class_list":["post-1895","product","type-product","status-publish","has-post-thumbnail","hentry","product_cat-pokale","product_cat-pokale-pokale","product_cat-einzelpokale","product_cat-themen-pokale","product_cat-kampfsport-pokale"],"_links":{"self":[{"href":"https:\/\/pokale.shop\/ps\/wp-json\/wp\/v2\/product\/1895","targetHints":{"allow":["GET"]}}],"collection":[{"href":"https:\/\/pokale.shop\/ps\/wp-json\/wp\/v2\/product"}],"about":[{"href":"https:\/\/pokale.shop\/ps\/wp-json\/wp\/v2\/types\/product"}],"replies":[{"embeddable":true,"href":"https:\/\/pokale.shop\/ps\/wp-json\/wp\/v2\/comments?post=1895"}],"wp:featuredmedia":[{"embeddable":true,"href":"https:\/\/pokale.shop\/ps\/wp-json\/wp\/v2\/media\/1896"}],"wp:attachment":[{"href":"https:\/\/pokale.shop\/ps\/wp-json\/wp\/v2\/media?parent=1895"}],"wp:term":[{"taxonomy":"product_cat","embeddable":true,"href":"https:\/\/pokale.shop\/ps\/wp-json\/wp\/v2\/product_cat?post=1895"},{"taxonomy":"product_tag","embeddable":true,"href":"https:\/\/pokale.shop\/ps\/wp-json\/wp\/v2\/product_tag?post=1895"}],"curies":[{"name":"wp","href":"https:\/\/api.w.org\/{rel}","templated":true}]}}