{"id":1915,"date":"2021-06-02T20:02:23","date_gmt":"2021-06-02T20:02:23","guid":{"rendered":"http:\/\/localhost\/import\/product\/pokale-modern-schutzen-gewehr\/"},"modified":"2022-02-01T14:43:06","modified_gmt":"2022-02-01T14:43:06","slug":"pokale-modern-schutzen-gewehr","status":"publish","type":"product","link":"https:\/\/pokale.shop\/ps\/product\/pokale-modern-schutzen-gewehr\/","title":{"rendered":"Pokale MODERN Sch\u00fctzen Gewehr in 3 Gr\u00f6\u00dfen 16cm\/18cm\/20cm"},"content":{"rendered":"<p>Pokale Sch\u00fctzen Gewehr Schiesssport. Moderne Sch\u00fctzensport Pokale f\u00fcr dein Event.<\/p>\n<p>In den Gr\u00f6\u00dfen 16cm\/18cm\/20cm lieferbar.<\/p>\n<p>Selbstverst\u00e4ndlich ist im Preis bereits die Gravur je Pokal enthalten.<br \/>\nGeben Sie hierzu einfach Ihren gew\u00fcnschten Gravurtext f\u00fcr alle Pokale in das Textfeld ein.<\/p>\n<p><b>Bitte beachten Sie &#8211; f\u00fcr das Gravurschild stehen Ihnen 3-4 Zeilen zur Verf\u00fcgung &#8211; pro Zeile max. 30 Zeichen inkl. Leerzeichen. <\/b><\/p>\n","protected":false},"excerpt":{"rendered":"<p>Pokale Sch\u00fctzen Gewehr Schiesssport. Moderne Sch\u00fctzensport Pokale f\u00fcr dein Event. In den Gr\u00f6\u00dfen 16cm\/18cm\/20cm lieferbar. Selbstverst\u00e4ndlich ist im Preis bereits die Gravur je Pokal enthalten. Geben Sie hierzu einfach Ihren gew\u00fcnschten Gravurtext f\u00fcr alle Pokale in das Textfeld ein. Bitte beachten Sie &#8211; f\u00fcr das Gravurschild stehen Ihnen 3-4 Zeilen&hellip;<\/p>\n","protected":false},"featured_media":10395,"comment_status":"open","ping_status":"closed","template":"","meta":{"spay_email":""},"product_cat":[16,17,18,32,45],"product_tag":[],"class_list":["post-1915","product","type-product","status-publish","has-post-thumbnail","hentry","product_cat-pokale","product_cat-pokale-pokale","product_cat-einzelpokale","product_cat-themen-pokale","product_cat-schutzen-pokale"],"_links":{"self":[{"href":"https:\/\/pokale.shop\/ps\/wp-json\/wp\/v2\/product\/1915","targetHints":{"allow":["GET"]}}],"collection":[{"href":"https:\/\/pokale.shop\/ps\/wp-json\/wp\/v2\/product"}],"about":[{"href":"https:\/\/pokale.shop\/ps\/wp-json\/wp\/v2\/types\/product"}],"replies":[{"embeddable":true,"href":"https:\/\/pokale.shop\/ps\/wp-json\/wp\/v2\/comments?post=1915"}],"wp:featuredmedia":[{"embeddable":true,"href":"https:\/\/pokale.shop\/ps\/wp-json\/wp\/v2\/media\/10395"}],"wp:attachment":[{"href":"https:\/\/pokale.shop\/ps\/wp-json\/wp\/v2\/media?parent=1915"}],"wp:term":[{"taxonomy":"product_cat","embeddable":true,"href":"https:\/\/pokale.shop\/ps\/wp-json\/wp\/v2\/product_cat?post=1915"},{"taxonomy":"product_tag","embeddable":true,"href":"https:\/\/pokale.shop\/ps\/wp-json\/wp\/v2\/product_tag?post=1915"}],"curies":[{"name":"wp","href":"https:\/\/api.w.org\/{rel}","templated":true}]}}