{"id":2058,"date":"2021-06-02T20:03:16","date_gmt":"2021-06-02T20:03:16","guid":{"rendered":"http:\/\/localhost\/import\/product\/pokale-golden-supreme-ab-32-cm\/"},"modified":"2026-04-01T11:53:19","modified_gmt":"2026-04-01T11:53:19","slug":"pokale-golden-supreme-ab-32-cm","status":"publish","type":"product","link":"https:\/\/pokale.shop\/ps\/product\/pokale-golden-supreme-ab-32-cm\/","title":{"rendered":"Pokale GOLDEN SUPREME in 10 Gr\u00f6\u00dfen von 30cm bis 46cm"},"content":{"rendered":"<p>Mit unseren GOLDEN SUPREME Pokalen wird Ihre Siegerehrung zum absoluten Highlight ! Es sind Pokale f\u00fcr ganz besondere Auszeichnungen und Events zu einem Top Preis.<\/p>\n<p>Diese Pokale sind der Blickfang bei jeder Siegerehrung und der Garant f\u00fcr eine erfolgreiche Veranstaltung.<\/p>\n<p>Pokale\u00a0in folgenden Gr\u00f6\u00dfen:<br \/>\n1 x Pokal (H\u00f6he: 30 cm &#8211; Durchmesser: 8 cm)<br \/>\n1 x Pokal (H\u00f6he: 31 cm &#8211; Durchmesser: 8 cm )<br \/>\n1 x Pokal (H\u00f6he: 33 cm &#8211; Durchmesser: 10 cm)<br \/>\n1 x Pokal (H\u00f6he: 35 cm &#8211; Durchmesser: 10 cm )<br \/>\n1 x Pokal (H\u00f6he: 37 cm &#8211; Durchmesser: 12 cm)<br \/>\n1 x Pokal (H\u00f6he: 39 cm &#8211; Durchmesser: 12 cm)<br \/>\n1 x Pokal (H\u00f6he: 41 cm &#8211; Durchmesser: 14 cm)<br \/>\n1 x Pokal (H\u00f6he: 43 cm &#8211; Durchmesser: 14 cm)<br \/>\n1 x Pokal (H\u00f6he: 45 cm &#8211; Durchmesser: 16 cm)<br \/>\n1 x Pokal (H\u00f6he: 46 cm &#8211; Durchmesser: 16 cm)<\/p>\n<p>Selbstverst\u00e4ndlich ist im Preis bereits die Gravur und das Emblem je Pokal enthalten.<br \/>\nGeben Sie hierzu einfach Ihren gew\u00fcnschten Gravurtext f\u00fcr alle Pokale in das Textfeld ein.<\/p>\n<p><b>Bitte beachten Sie &#8211; f\u00fcr das Gravurschild stehen Ihnen 3-4 Zeilen zur Verf\u00fcgung &#8211; pro Zeile max. 30 Zeichen inkl. Leerzeichen. <\/b><\/p>\n<p align=\"center\">\n","protected":false},"excerpt":{"rendered":"<p>Mit unseren GOLDEN SUPREME Pokalen wird Ihre Siegerehrung zum absoluten Highlight ! Es sind Pokale f\u00fcr ganz besondere Auszeichnungen und Events zu einem Top Preis. Diese Pokale sind der Blickfang bei jeder Siegerehrung und der Garant f\u00fcr eine erfolgreiche Veranstaltung. Pokale\u00a0in folgenden Gr\u00f6\u00dfen: 1 x Pokal (H\u00f6he: 30 cm &#8211;&hellip;<\/p>\n","protected":false},"featured_media":9939,"comment_status":"open","ping_status":"closed","template":"","meta":{"spay_email":""},"product_cat":[16,17,18],"product_tag":[],"class_list":["post-2058","product","type-product","status-publish","has-post-thumbnail","hentry","product_cat-pokale","product_cat-pokale-pokale","product_cat-einzelpokale"],"_links":{"self":[{"href":"https:\/\/pokale.shop\/ps\/wp-json\/wp\/v2\/product\/2058","targetHints":{"allow":["GET"]}}],"collection":[{"href":"https:\/\/pokale.shop\/ps\/wp-json\/wp\/v2\/product"}],"about":[{"href":"https:\/\/pokale.shop\/ps\/wp-json\/wp\/v2\/types\/product"}],"replies":[{"embeddable":true,"href":"https:\/\/pokale.shop\/ps\/wp-json\/wp\/v2\/comments?post=2058"}],"wp:featuredmedia":[{"embeddable":true,"href":"https:\/\/pokale.shop\/ps\/wp-json\/wp\/v2\/media\/9939"}],"wp:attachment":[{"href":"https:\/\/pokale.shop\/ps\/wp-json\/wp\/v2\/media?parent=2058"}],"wp:term":[{"taxonomy":"product_cat","embeddable":true,"href":"https:\/\/pokale.shop\/ps\/wp-json\/wp\/v2\/product_cat?post=2058"},{"taxonomy":"product_tag","embeddable":true,"href":"https:\/\/pokale.shop\/ps\/wp-json\/wp\/v2\/product_tag?post=2058"}],"curies":[{"name":"wp","href":"https:\/\/api.w.org\/{rel}","templated":true}]}}