{"id":2207,"date":"2021-06-02T20:04:30","date_gmt":"2021-06-02T20:04:30","guid":{"rendered":"http:\/\/localhost\/import\/product\/3er-serie-resin-figur-fussball-torschutze\/"},"modified":"2021-06-30T05:25:35","modified_gmt":"2021-06-30T05:25:35","slug":"3er-serie-resin-figur-fussball-torschutze","status":"publish","type":"product","link":"https:\/\/pokale.shop\/ps\/product\/3er-serie-resin-figur-fussball-torschutze\/","title":{"rendered":"3er Serie Resin Figur Fussball Torsch\u00fctze"},"content":{"rendered":"<p>Die Kr\u00f6nung des Torsch\u00fctzenk\u00f6nig steht an ? Dann sollten Sie diese Figuren nicht vergessen !<\/p>\n<p>Sie erhalten 3 Figuren in folgenden Gr\u00f6\u00dfen:<br \/>\n1 x Figur H\u00f6he: 10 cm<\/p>\n<p>1 x Figur H\u00f6he: 11,3 cm<\/p>\n<p>1 x Figur H\u00f6he: 13 cm<\/p>\n<p>Selbstverst\u00e4ndlich ist im Preis bereits die Gravur je Pokal enthalten.<br \/>\nGeben Sie hierzu einfach Ihren gew\u00fcnschten Gravurtext f\u00fcr alle Pokale in das Textfeld ein.<\/p>\n<p><b>Bitte beachten Sie &#8211; f\u00fcr das Gravurschild stehen Ihnen 3 Zeilen zur Verf\u00fcgung &#8211; pro Zeile max. 23 Zeichen inkl. Leerzeichen. <\/b><\/p>\n","protected":false},"excerpt":{"rendered":"<p>Die Kr\u00f6nung des Torsch\u00fctzenk\u00f6nig steht an ? Dann sollten Sie diese Figuren nicht vergessen ! Sie erhalten 3 Figuren in folgenden Gr\u00f6\u00dfen: 1 x Figur H\u00f6he: 10 cm 1 x Figur H\u00f6he: 11,3 cm 1 x Figur H\u00f6he: 13 cm Selbstverst\u00e4ndlich ist im Preis bereits die Gravur je Pokal enthalten.&hellip;<\/p>\n","protected":false},"featured_media":2208,"comment_status":"open","ping_status":"closed","template":"","meta":{"spay_email":""},"product_cat":[16,32,36],"product_tag":[],"class_list":["post-2207","product","type-product","status-publish","has-post-thumbnail","hentry","product_cat-pokale","product_cat-themen-pokale","product_cat-fussball-pokale"],"_links":{"self":[{"href":"https:\/\/pokale.shop\/ps\/wp-json\/wp\/v2\/product\/2207","targetHints":{"allow":["GET"]}}],"collection":[{"href":"https:\/\/pokale.shop\/ps\/wp-json\/wp\/v2\/product"}],"about":[{"href":"https:\/\/pokale.shop\/ps\/wp-json\/wp\/v2\/types\/product"}],"replies":[{"embeddable":true,"href":"https:\/\/pokale.shop\/ps\/wp-json\/wp\/v2\/comments?post=2207"}],"wp:featuredmedia":[{"embeddable":true,"href":"https:\/\/pokale.shop\/ps\/wp-json\/wp\/v2\/media\/2208"}],"wp:attachment":[{"href":"https:\/\/pokale.shop\/ps\/wp-json\/wp\/v2\/media?parent=2207"}],"wp:term":[{"taxonomy":"product_cat","embeddable":true,"href":"https:\/\/pokale.shop\/ps\/wp-json\/wp\/v2\/product_cat?post=2207"},{"taxonomy":"product_tag","embeddable":true,"href":"https:\/\/pokale.shop\/ps\/wp-json\/wp\/v2\/product_tag?post=2207"}],"curies":[{"name":"wp","href":"https:\/\/api.w.org\/{rel}","templated":true}]}}