{"id":2225,"date":"2021-06-02T20:04:37","date_gmt":"2021-06-02T20:04:37","guid":{"rendered":"http:\/\/localhost\/import\/product\/3er-serie-resin-figur-fussball-torwart\/"},"modified":"2021-06-30T05:17:08","modified_gmt":"2021-06-30T05:17:08","slug":"3er-serie-resin-figur-fussball-torwart","status":"publish","type":"product","link":"https:\/\/pokale.shop\/ps\/product\/3er-serie-resin-figur-fussball-torwart\/","title":{"rendered":"3er Serie Resin Figur Fussball Torwart"},"content":{"rendered":"<p>Mit diesem Pokal wird der vielleicht wichtigste Mann auf dem Platz ausgezeichnet. Der beste Torh\u00fcter des Turnieres erh\u00e4lt mit diesem wundersch\u00f6nen Pokal seine Auszeichnung und Anerkennung.<\/p>\n<p>Sie erhalten 3 Figuren in folgenden Gr\u00f6\u00dfen:<br \/>\n1 x Figur H\u00f6he: 13,5 cm<\/p>\n<p>1 x Figur H\u00f6he: 16 cm<\/p>\n<p>1 x Figur H\u00f6he: 20 cm<\/p>\n<p>Selbstverst\u00e4ndlich ist im Preis bereits die Gravur je Pokal enthalten.<br \/>\nGeben Sie hierzu einfach Ihren gew\u00fcnschten Gravurtext f\u00fcr alle Pokale in das Textfeld ein.<\/p>\n<p><b>Bitte beachten Sie &#8211; f\u00fcr das Gravurschild stehen Ihnen 3 Zeilen zur Verf\u00fcgung &#8211; pro Zeile max. 23 Zeichen inkl. Leerzeichen. <\/b><\/p>\n","protected":false},"excerpt":{"rendered":"<p>Mit diesem Pokal wird der vielleicht wichtigste Mann auf dem Platz ausgezeichnet. Der beste Torh\u00fcter des Turnieres erh\u00e4lt mit diesem wundersch\u00f6nen Pokal seine Auszeichnung und Anerkennung. Sie erhalten 3 Figuren in folgenden Gr\u00f6\u00dfen: 1 x Figur H\u00f6he: 13,5 cm 1 x Figur H\u00f6he: 16 cm 1 x Figur H\u00f6he: 20&hellip;<\/p>\n","protected":false},"featured_media":2226,"comment_status":"open","ping_status":"closed","template":"","meta":{"spay_email":""},"product_cat":[16,32,36],"product_tag":[],"class_list":["post-2225","product","type-product","status-publish","has-post-thumbnail","hentry","product_cat-pokale","product_cat-themen-pokale","product_cat-fussball-pokale"],"_links":{"self":[{"href":"https:\/\/pokale.shop\/ps\/wp-json\/wp\/v2\/product\/2225","targetHints":{"allow":["GET"]}}],"collection":[{"href":"https:\/\/pokale.shop\/ps\/wp-json\/wp\/v2\/product"}],"about":[{"href":"https:\/\/pokale.shop\/ps\/wp-json\/wp\/v2\/types\/product"}],"replies":[{"embeddable":true,"href":"https:\/\/pokale.shop\/ps\/wp-json\/wp\/v2\/comments?post=2225"}],"wp:featuredmedia":[{"embeddable":true,"href":"https:\/\/pokale.shop\/ps\/wp-json\/wp\/v2\/media\/2226"}],"wp:attachment":[{"href":"https:\/\/pokale.shop\/ps\/wp-json\/wp\/v2\/media?parent=2225"}],"wp:term":[{"taxonomy":"product_cat","embeddable":true,"href":"https:\/\/pokale.shop\/ps\/wp-json\/wp\/v2\/product_cat?post=2225"},{"taxonomy":"product_tag","embeddable":true,"href":"https:\/\/pokale.shop\/ps\/wp-json\/wp\/v2\/product_tag?post=2225"}],"curies":[{"name":"wp","href":"https:\/\/api.w.org\/{rel}","templated":true}]}}