{"id":2685,"date":"2021-06-02T20:07:04","date_gmt":"2021-06-02T20:07:04","guid":{"rendered":"http:\/\/localhost\/import\/product\/8er-fussball-pokalserie-pokale-prestige-ab-31-cm\/"},"modified":"2026-01-06T14:25:36","modified_gmt":"2026-01-06T14:25:36","slug":"8er-fussball-pokalserie-pokale-prestige-ab-31-cm","status":"publish","type":"product","link":"https:\/\/pokale.shop\/ps\/product\/8er-fussball-pokalserie-pokale-prestige-ab-31-cm\/","title":{"rendered":"8er Fussball Pokalserie Pokale Prestige ab 31 cm"},"content":{"rendered":"<p>Vollst\u00e4ndige Serie von 8 Fu\u00dfballpokalen inklusive Gravur und Figur.<\/p>\n<p>Die Troph\u00e4en f\u00fcr ganz besondere Auszeichnungen und Events<\/p>\n<p>Mit unseren GOLDEN PRESTIGE Pokalen wird Ihre Preisverleihung garantiert zum absoluten Highlight!<\/p>\n<p>1 x Pokal (H\u00f6he: 31 cm \/ Durchmesser: 8 cm)<\/p>\n<p>1 x Pokal (H\u00f6he: 32 cm \/ Durchmesser: 8 cm)<\/p>\n<p>1 x Pokal (H\u00f6he: 33 cm \/ Durchmesser: 8 cm)<\/p>\n<p>1 x Pokal (H\u00f6he: 34 cm \/ Durchmesser: 10 cm)<\/p>\n<p>1 x Pokal (H\u00f6he: 35 cm \/ Durchmesser: 10 cm)<\/p>\n<p>1 x Pokal (H\u00f6he: 36 cm \/ Durchmesser: 10 cm)<\/p>\n<p>1 x Pokal (H\u00f6he: 38 cm \/ Durchmesser: 12 cm)<\/p>\n<p>1 x Pokal (H\u00f6he: 38,5 cm \/ Durchmesser: 12 cm)<\/p>\n<p>Die Pokalbasis ist aus feinem schwarzem Marmor gefertigt.<\/p>\n<p>Selbstverst\u00e4ndlich ist der Preis bereits inklusive Gravur f\u00fcr jeden Pokal. Geben Sie einfach Ihren gew\u00fcnschten Gravurtext f\u00fcr alle Troph\u00e4en in das Textfeld ein.<\/p>\n<p>Bitte beachten Sie &#8211; es stehen Ihnen 3-4 Zeilen f\u00fcr die Gravurplatte zur Verf\u00fcgung &#8211; maximal 30 Zeichen pro Zeile, einschlie\u00dflich Leerzeichen.<\/p>\n","protected":false},"excerpt":{"rendered":"<p>Vollst\u00e4ndige Serie von 8 Fu\u00dfballpokalen inklusive Gravur und Figur. Die Troph\u00e4en f\u00fcr ganz besondere Auszeichnungen und Events Mit unseren GOLDEN PRESTIGE Pokalen wird Ihre Preisverleihung garantiert zum absoluten Highlight! 1 x Pokal (H\u00f6he: 31 cm \/ Durchmesser: 8 cm) 1 x Pokal (H\u00f6he: 32 cm \/ Durchmesser: 8 cm) 1&hellip;<\/p>\n","protected":false},"featured_media":11433,"comment_status":"open","ping_status":"closed","template":"","meta":{"spay_email":""},"product_cat":[16,17,22],"product_tag":[],"class_list":["post-2685","product","type-product","status-publish","has-post-thumbnail","hentry","product_cat-pokale","product_cat-pokale-pokale","product_cat-8er-pokale-serie"],"_links":{"self":[{"href":"https:\/\/pokale.shop\/ps\/wp-json\/wp\/v2\/product\/2685","targetHints":{"allow":["GET"]}}],"collection":[{"href":"https:\/\/pokale.shop\/ps\/wp-json\/wp\/v2\/product"}],"about":[{"href":"https:\/\/pokale.shop\/ps\/wp-json\/wp\/v2\/types\/product"}],"replies":[{"embeddable":true,"href":"https:\/\/pokale.shop\/ps\/wp-json\/wp\/v2\/comments?post=2685"}],"wp:featuredmedia":[{"embeddable":true,"href":"https:\/\/pokale.shop\/ps\/wp-json\/wp\/v2\/media\/11433"}],"wp:attachment":[{"href":"https:\/\/pokale.shop\/ps\/wp-json\/wp\/v2\/media?parent=2685"}],"wp:term":[{"taxonomy":"product_cat","embeddable":true,"href":"https:\/\/pokale.shop\/ps\/wp-json\/wp\/v2\/product_cat?post=2685"},{"taxonomy":"product_tag","embeddable":true,"href":"https:\/\/pokale.shop\/ps\/wp-json\/wp\/v2\/product_tag?post=2685"}],"curies":[{"name":"wp","href":"https:\/\/api.w.org\/{rel}","templated":true}]}}