{"id":2767,"date":"2021-06-02T20:07:51","date_gmt":"2021-06-02T20:07:51","guid":{"rendered":"http:\/\/localhost\/import\/product\/3er-pokalserie-pokale-goldsilver-15-cm\/"},"modified":"2025-04-24T10:04:23","modified_gmt":"2025-04-24T10:04:23","slug":"3er-pokalserie-pokale-goldsilver-15-cm","status":"publish","type":"product","link":"https:\/\/pokale.shop\/ps\/product\/3er-pokalserie-pokale-goldsilver-15-cm\/","title":{"rendered":"Pokalserie Pokale GoldSilver 13 cm"},"content":{"rendered":"<p>Der ideale Pokal f\u00fcr alle Anl\u00e4sse. Hier zum Top-Preis!<\/p>\n<p>H\u00f6he: 13 cm<br \/>\nDurchmesser: 9 cm<br \/>\nFarbe: Gold\/Silber<\/p>\n<p>Der Pokalfu\u00df besteht aus edlem schwarzem Marmor.<\/p>\n<p>1 x Gold\/Silber Pokale, 13 cm<\/p>\n<p>Gravur und Emblem sind selbstverst\u00e4ndlich bereits im Preis enthalten.<br \/>\nGeben Sie einfach Ihren gew\u00fcnschten Gravurtext f\u00fcr alle Pokale in das Textfeld ein.<\/p>\n<p>Bitte beachten: F\u00fcr die Gravurplatte stehen Ihnen 3-4 Zeilen zur Verf\u00fcgung \u2013 maximal 23 Zeichen pro Zeile inklusive Leerzeichen.<\/p>\n","protected":false},"excerpt":{"rendered":"<p>Der ideale Pokal f\u00fcr alle Anl\u00e4sse. Hier zum Top-Preis! H\u00f6he: 13 cm Durchmesser: 9 cm Farbe: Gold\/Silber Der Pokalfu\u00df besteht aus edlem schwarzem Marmor. 1 x Gold\/Silber Pokale, 13 cm Gravur und Emblem sind selbstverst\u00e4ndlich bereits im Preis enthalten. Geben Sie einfach Ihren gew\u00fcnschten Gravurtext f\u00fcr alle Pokale in das&hellip;<\/p>\n","protected":false},"featured_media":2768,"comment_status":"open","ping_status":"closed","template":"","meta":{"spay_email":""},"product_cat":[16,17,19],"product_tag":[],"class_list":["post-2767","product","type-product","status-publish","has-post-thumbnail","hentry","product_cat-pokale","product_cat-pokale-pokale","product_cat-3er-pokale-serie"],"_links":{"self":[{"href":"https:\/\/pokale.shop\/ps\/wp-json\/wp\/v2\/product\/2767","targetHints":{"allow":["GET"]}}],"collection":[{"href":"https:\/\/pokale.shop\/ps\/wp-json\/wp\/v2\/product"}],"about":[{"href":"https:\/\/pokale.shop\/ps\/wp-json\/wp\/v2\/types\/product"}],"replies":[{"embeddable":true,"href":"https:\/\/pokale.shop\/ps\/wp-json\/wp\/v2\/comments?post=2767"}],"wp:featuredmedia":[{"embeddable":true,"href":"https:\/\/pokale.shop\/ps\/wp-json\/wp\/v2\/media\/2768"}],"wp:attachment":[{"href":"https:\/\/pokale.shop\/ps\/wp-json\/wp\/v2\/media?parent=2767"}],"wp:term":[{"taxonomy":"product_cat","embeddable":true,"href":"https:\/\/pokale.shop\/ps\/wp-json\/wp\/v2\/product_cat?post=2767"},{"taxonomy":"product_tag","embeddable":true,"href":"https:\/\/pokale.shop\/ps\/wp-json\/wp\/v2\/product_tag?post=2767"}],"curies":[{"name":"wp","href":"https:\/\/api.w.org\/{rel}","templated":true}]}}