{"id":2814,"date":"2021-06-02T20:08:02","date_gmt":"2021-06-02T20:08:02","guid":{"rendered":"http:\/\/localhost\/import\/product\/pokale-figur-badminton-166-cm\/"},"modified":"2021-09-10T09:20:40","modified_gmt":"2021-09-10T09:20:40","slug":"pokale-figur-badminton-166-cm","status":"publish","type":"product","link":"https:\/\/pokale.shop\/ps\/product\/pokale-figur-badminton-166-cm\/","title":{"rendered":"Pokale &#8211; Figur Badminton 16,6 cm"},"content":{"rendered":"<p>Edle und hochwertige Figur im extravagantes Design und ausdrucksstarken Profil.<\/p>\n<p>H\u00f6he: 16,6 cm<\/p>\n<p>Der Pokalsockel ist aus edlem schwarzen Marmor gefertigt.<\/p>\n<p>Selbstverst\u00e4ndlich ist im Preis bereits die Gravur enthalten.<br \/>\nGeben Sie hierzu einfach Ihren gew\u00fcnschten Gravurtext in das Textfeld ein.<\/p>\n<p><b>Bitte beachten Sie &#8211; f\u00fcr das Gravurschild stehen Ihnen 3 Zeilen zur Verf\u00fcgung &#8211; pro Zeile max. 23 Zeichen inkl. Leerzeichen.<\/b><\/p>\n","protected":false},"excerpt":{"rendered":"<p>Edle und hochwertige Figur im extravagantes Design und ausdrucksstarken Profil. H\u00f6he: 16,6 cm Der Pokalsockel ist aus edlem schwarzen Marmor gefertigt. Selbstverst\u00e4ndlich ist im Preis bereits die Gravur enthalten. Geben Sie hierzu einfach Ihren gew\u00fcnschten Gravurtext in das Textfeld ein. Bitte beachten Sie &#8211; f\u00fcr das Gravurschild stehen Ihnen 3&hellip;<\/p>\n","protected":false},"featured_media":2815,"comment_status":"open","ping_status":"closed","template":"","meta":{"spay_email":""},"product_cat":[16,17,18,32,48],"product_tag":[],"class_list":["post-2814","product","type-product","status-publish","has-post-thumbnail","hentry","product_cat-pokale","product_cat-pokale-pokale","product_cat-einzelpokale","product_cat-themen-pokale","product_cat-sonstige-pokale"],"_links":{"self":[{"href":"https:\/\/pokale.shop\/ps\/wp-json\/wp\/v2\/product\/2814","targetHints":{"allow":["GET"]}}],"collection":[{"href":"https:\/\/pokale.shop\/ps\/wp-json\/wp\/v2\/product"}],"about":[{"href":"https:\/\/pokale.shop\/ps\/wp-json\/wp\/v2\/types\/product"}],"replies":[{"embeddable":true,"href":"https:\/\/pokale.shop\/ps\/wp-json\/wp\/v2\/comments?post=2814"}],"wp:featuredmedia":[{"embeddable":true,"href":"https:\/\/pokale.shop\/ps\/wp-json\/wp\/v2\/media\/2815"}],"wp:attachment":[{"href":"https:\/\/pokale.shop\/ps\/wp-json\/wp\/v2\/media?parent=2814"}],"wp:term":[{"taxonomy":"product_cat","embeddable":true,"href":"https:\/\/pokale.shop\/ps\/wp-json\/wp\/v2\/product_cat?post=2814"},{"taxonomy":"product_tag","embeddable":true,"href":"https:\/\/pokale.shop\/ps\/wp-json\/wp\/v2\/product_tag?post=2814"}],"curies":[{"name":"wp","href":"https:\/\/api.w.org\/{rel}","templated":true}]}}