{"id":2818,"date":"2021-06-02T20:08:05","date_gmt":"2021-06-02T20:08:05","guid":{"rendered":"http:\/\/localhost\/import\/product\/pokale-figur-billard-12-cm\/"},"modified":"2021-07-21T09:34:13","modified_gmt":"2021-07-21T09:34:13","slug":"pokale-figur-billard-12-cm","status":"publish","type":"product","link":"https:\/\/pokale.shop\/ps\/product\/pokale-figur-billard-12-cm\/","title":{"rendered":"Pokale &#8211; Figur Billard 12 cm"},"content":{"rendered":"<p>Edle und hochwertige Figur im extravagantes Design und ausdrucksstarken Profil.<\/p>\n<p>Sie erhalten:<\/p>\n<p>eine Figur Billard<\/p>\n<p>Farbe: in gold, silber und resin erh\u00e4ltlich<\/p>\n<p>auf einem Marmor-Sockel<\/p>\n<p>H\u00f6he: 12 cm<\/p>\n<p>Der Pokalsockel ist aus edlem schwarzen Marmor gefertigt.<\/p>\n<p>Selbstverst\u00e4ndlich ist im Preis bereits die Gravur enthalten.<br \/>\nGeben Sie hierzu einfach Ihren gew\u00fcnschten Gravurtext in das Textfeld ein.<\/p>\n<p><b>Bitte beachten Sie &#8211; f\u00fcr das Gravurschild stehen Ihnen 3 Zeilen zur Verf\u00fcgung &#8211; pro Zeile max. 23 Zeichen inkl. Leerzeichen. <\/b><\/p>\n","protected":false},"excerpt":{"rendered":"<p>Edle und hochwertige Figur im extravagantes Design und ausdrucksstarken Profil. Sie erhalten: eine Figur Billard Farbe: in gold, silber und resin erh\u00e4ltlich auf einem Marmor-Sockel H\u00f6he: 12 cm Der Pokalsockel ist aus edlem schwarzen Marmor gefertigt. Selbstverst\u00e4ndlich ist im Preis bereits die Gravur enthalten. Geben Sie hierzu einfach Ihren gew\u00fcnschten&hellip;<\/p>\n","protected":false},"featured_media":2819,"comment_status":"open","ping_status":"closed","template":"","meta":{"spay_email":""},"product_cat":[16,32,33],"product_tag":[],"class_list":["post-2818","product","type-product","status-publish","has-post-thumbnail","hentry","product_cat-pokale","product_cat-themen-pokale","product_cat-billard-pokale","pa_color-gold","pa_color-silber","pa_color-resin"],"_links":{"self":[{"href":"https:\/\/pokale.shop\/ps\/wp-json\/wp\/v2\/product\/2818","targetHints":{"allow":["GET"]}}],"collection":[{"href":"https:\/\/pokale.shop\/ps\/wp-json\/wp\/v2\/product"}],"about":[{"href":"https:\/\/pokale.shop\/ps\/wp-json\/wp\/v2\/types\/product"}],"replies":[{"embeddable":true,"href":"https:\/\/pokale.shop\/ps\/wp-json\/wp\/v2\/comments?post=2818"}],"wp:featuredmedia":[{"embeddable":true,"href":"https:\/\/pokale.shop\/ps\/wp-json\/wp\/v2\/media\/2819"}],"wp:attachment":[{"href":"https:\/\/pokale.shop\/ps\/wp-json\/wp\/v2\/media?parent=2818"}],"wp:term":[{"taxonomy":"product_cat","embeddable":true,"href":"https:\/\/pokale.shop\/ps\/wp-json\/wp\/v2\/product_cat?post=2818"},{"taxonomy":"product_tag","embeddable":true,"href":"https:\/\/pokale.shop\/ps\/wp-json\/wp\/v2\/product_tag?post=2818"}],"curies":[{"name":"wp","href":"https:\/\/api.w.org\/{rel}","templated":true}]}}