{"id":2831,"date":"2021-06-02T20:08:13","date_gmt":"2021-06-02T20:08:13","guid":{"rendered":"http:\/\/localhost\/import\/product\/pokale-figur-angeln-12-cm\/"},"modified":"2026-04-14T08:56:16","modified_gmt":"2026-04-14T08:56:16","slug":"pokale-figur-angeln-12-cm","status":"publish","type":"product","link":"https:\/\/pokale.shop\/ps\/product\/pokale-figur-angeln-12-cm\/","title":{"rendered":"Pokale &#8211; Figur Angeln 12 cm"},"content":{"rendered":"<p>Sehr sch\u00f6ne Angler Fisch Figur im extravagantes Design und ausdrucksstarken Profil.<\/p>\n<p>Sie erhalten:<br \/>\neine Figur Angeln<\/p>\n<p>Farbe: in gold<\/p>\n<p>auf einem Marmor-Sockel<\/p>\n<p>H\u00f6he: 12 cm<\/p>\n<p>Der Pokalsockel ist aus edlem schwarzen Marmor gefertigt.<\/p>\n<p>Selbstverst\u00e4ndlich ist im Preis bereits die Gravur enthalten.&lt;br&gt;<br \/>\nGeben Sie hierzu einfach Ihren gew\u00fcnschten Gravurtext in das Textfeld ein.<\/p>\n<p>Bitte beachten Sie &#8211; f\u00fcr das Gravurschild stehen Ihnen 3-4 Zeilen zur Verf\u00fcgung &#8211; pro Zeile max. 30 Zeichen inkl. Leerzeichen.<\/p>\n","protected":false},"excerpt":{"rendered":"<p>Sehr sch\u00f6ne Angler Fisch Figur im extravagantes Design und ausdrucksstarken Profil. Sie erhalten: eine Figur Angeln Farbe: in gold auf einem Marmor-Sockel H\u00f6he: 12 cm Der Pokalsockel ist aus edlem schwarzen Marmor gefertigt. Selbstverst\u00e4ndlich ist im Preis bereits die Gravur enthalten.&lt;br&gt; Geben Sie hierzu einfach Ihren gew\u00fcnschten Gravurtext in das&hellip;<\/p>\n","protected":false},"featured_media":2832,"comment_status":"open","ping_status":"closed","template":"","meta":{"spay_email":""},"product_cat":[16,32,40],"product_tag":[],"class_list":["post-2831","product","type-product","status-publish","has-post-thumbnail","hentry","product_cat-pokale","product_cat-themen-pokale","product_cat-angel-pokale"],"_links":{"self":[{"href":"https:\/\/pokale.shop\/ps\/wp-json\/wp\/v2\/product\/2831","targetHints":{"allow":["GET"]}}],"collection":[{"href":"https:\/\/pokale.shop\/ps\/wp-json\/wp\/v2\/product"}],"about":[{"href":"https:\/\/pokale.shop\/ps\/wp-json\/wp\/v2\/types\/product"}],"replies":[{"embeddable":true,"href":"https:\/\/pokale.shop\/ps\/wp-json\/wp\/v2\/comments?post=2831"}],"wp:featuredmedia":[{"embeddable":true,"href":"https:\/\/pokale.shop\/ps\/wp-json\/wp\/v2\/media\/2832"}],"wp:attachment":[{"href":"https:\/\/pokale.shop\/ps\/wp-json\/wp\/v2\/media?parent=2831"}],"wp:term":[{"taxonomy":"product_cat","embeddable":true,"href":"https:\/\/pokale.shop\/ps\/wp-json\/wp\/v2\/product_cat?post=2831"},{"taxonomy":"product_tag","embeddable":true,"href":"https:\/\/pokale.shop\/ps\/wp-json\/wp\/v2\/product_tag?post=2831"}],"curies":[{"name":"wp","href":"https:\/\/api.w.org\/{rel}","templated":true}]}}