{"id":3170,"date":"2021-06-02T20:31:27","date_gmt":"2021-06-02T20:31:27","guid":{"rendered":"http:\/\/localhost\/import\/product\/pokale-figur-schutze-16-cm\/"},"modified":"2025-12-09T18:20:17","modified_gmt":"2025-12-09T18:20:17","slug":"pokale-figur-schutze-16-cm","status":"publish","type":"product","link":"https:\/\/pokale.shop\/ps\/product\/pokale-figur-schutze-16-cm\/","title":{"rendered":"Pokale &#8211; Figur Sch\u00fctze 16 cm"},"content":{"rendered":"<p>Pokale Schiessen und Pistole Figur im extravagantes Design und ausdrucksstarken Profil.<\/p>\n<p>Sie erhalten:<\/p>\n<p>eine Figur Sch\u00fctze &#8211; Pistole oder Gewehr<br \/>\nFarbe: in gold, silber und resin erh\u00e4ltlich<br \/>\nauf einem Marmor-Sockel<\/p>\n<p>H\u00f6he: 16 cm<\/p>\n<p>Die Figur ist als Sch\u00fctze Pistole oder Sch\u00fctze Gewehr erh\u00e4ltlich.<\/p>\n<p>Der Pokalsockel ist aus edlem schwarzen Marmor gefertigt.<\/p>\n<p>Selbstverst\u00e4ndlich ist im Preis bereits die Gravur enthalten.<br \/>\nGeben Sie hierzu einfach Ihren gew\u00fcnschten Gravurtext in das Textfeld ein.<\/p>\n<p><b>Bitte beachten Sie &#8211; f\u00fcr das Gravurschild stehen Ihnen 3-4 Zeilen zur Verf\u00fcgung &#8211; pro Zeile max. 30 Zeichen inkl. Leerzeichen.<\/b><\/p>\n","protected":false},"excerpt":{"rendered":"<p>Pokale Schiessen und Pistole Figur im extravagantes Design und ausdrucksstarken Profil. Sie erhalten: eine Figur Sch\u00fctze &#8211; Pistole oder Gewehr Farbe: in gold, silber und resin erh\u00e4ltlich auf einem Marmor-Sockel H\u00f6he: 16 cm Die Figur ist als Sch\u00fctze Pistole oder Sch\u00fctze Gewehr erh\u00e4ltlich. Der Pokalsockel ist aus edlem schwarzen Marmor&hellip;<\/p>\n","protected":false},"featured_media":3171,"comment_status":"open","ping_status":"closed","template":"","meta":{"spay_email":""},"product_cat":[16,17,18,32,45],"product_tag":[],"class_list":["post-3170","product","type-product","status-publish","has-post-thumbnail","hentry","product_cat-pokale","product_cat-pokale-pokale","product_cat-einzelpokale","product_cat-themen-pokale","product_cat-schutzen-pokale","pa_color-gold","pa_color-silber","pa_color-resin"],"_links":{"self":[{"href":"https:\/\/pokale.shop\/ps\/wp-json\/wp\/v2\/product\/3170","targetHints":{"allow":["GET"]}}],"collection":[{"href":"https:\/\/pokale.shop\/ps\/wp-json\/wp\/v2\/product"}],"about":[{"href":"https:\/\/pokale.shop\/ps\/wp-json\/wp\/v2\/types\/product"}],"replies":[{"embeddable":true,"href":"https:\/\/pokale.shop\/ps\/wp-json\/wp\/v2\/comments?post=3170"}],"wp:featuredmedia":[{"embeddable":true,"href":"https:\/\/pokale.shop\/ps\/wp-json\/wp\/v2\/media\/3171"}],"wp:attachment":[{"href":"https:\/\/pokale.shop\/ps\/wp-json\/wp\/v2\/media?parent=3170"}],"wp:term":[{"taxonomy":"product_cat","embeddable":true,"href":"https:\/\/pokale.shop\/ps\/wp-json\/wp\/v2\/product_cat?post=3170"},{"taxonomy":"product_tag","embeddable":true,"href":"https:\/\/pokale.shop\/ps\/wp-json\/wp\/v2\/product_tag?post=3170"}],"curies":[{"name":"wp","href":"https:\/\/api.w.org\/{rel}","templated":true}]}}