{"id":3178,"date":"2021-06-02T20:31:38","date_gmt":"2021-06-02T20:31:38","guid":{"rendered":"http:\/\/localhost\/import\/product\/pokale-figur-volleyball-17-cm\/"},"modified":"2021-09-10T14:06:54","modified_gmt":"2021-09-10T14:06:54","slug":"pokale-figur-volleyball-17-cm","status":"publish","type":"product","link":"https:\/\/pokale.shop\/ps\/product\/pokale-figur-volleyball-17-cm\/","title":{"rendered":"Pokale &#8211; Figur Volleyball 17 cm"},"content":{"rendered":"<p>Edle und hochwertige Figur im extravagantes Design und ausdrucksstarken Profil.<\/p>\n<p>H\u00f6he: 17 cm<\/p>\n<p>Die Figur ist f\u00fcr Damen oder Herren erh\u00e4ltlich.<\/p>\n<p>Der Pokalsockel ist aus edlem schwarzen Marmor gefertigt.<\/p>\n<p>Selbstverst\u00e4ndlich ist im Preis bereits die Gravur enthalten.<br \/>\nGeben Sie hierzu einfach Ihren gew\u00fcnschten Gravurtext in das Textfeld ein.<\/p>\n<p><b>Bitte beachten Sie &#8211; f\u00fcr das Gravurschild stehen Ihnen 3-4 Zeilen zur Verf\u00fcgung &#8211; pro Zeile max. 30 Zeichen inkl. Leerzeichen.<\/b><\/p>\n","protected":false},"excerpt":{"rendered":"<p>Edle und hochwertige Figur im extravagantes Design und ausdrucksstarken Profil. H\u00f6he: 17 cm Die Figur ist f\u00fcr Damen oder Herren erh\u00e4ltlich. Der Pokalsockel ist aus edlem schwarzen Marmor gefertigt. Selbstverst\u00e4ndlich ist im Preis bereits die Gravur enthalten. Geben Sie hierzu einfach Ihren gew\u00fcnschten Gravurtext in das Textfeld ein. Bitte beachten&hellip;<\/p>\n","protected":false},"featured_media":3179,"comment_status":"open","ping_status":"closed","template":"","meta":{"spay_email":""},"product_cat":[16,17,18,32,48],"product_tag":[],"class_list":["post-3178","product","type-product","status-publish","has-post-thumbnail","hentry","product_cat-pokale","product_cat-pokale-pokale","product_cat-einzelpokale","product_cat-themen-pokale","product_cat-sonstige-pokale","pa_color-gold","pa_color-silber","pa_color-resin"],"_links":{"self":[{"href":"https:\/\/pokale.shop\/ps\/wp-json\/wp\/v2\/product\/3178","targetHints":{"allow":["GET"]}}],"collection":[{"href":"https:\/\/pokale.shop\/ps\/wp-json\/wp\/v2\/product"}],"about":[{"href":"https:\/\/pokale.shop\/ps\/wp-json\/wp\/v2\/types\/product"}],"replies":[{"embeddable":true,"href":"https:\/\/pokale.shop\/ps\/wp-json\/wp\/v2\/comments?post=3178"}],"wp:featuredmedia":[{"embeddable":true,"href":"https:\/\/pokale.shop\/ps\/wp-json\/wp\/v2\/media\/3179"}],"wp:attachment":[{"href":"https:\/\/pokale.shop\/ps\/wp-json\/wp\/v2\/media?parent=3178"}],"wp:term":[{"taxonomy":"product_cat","embeddable":true,"href":"https:\/\/pokale.shop\/ps\/wp-json\/wp\/v2\/product_cat?post=3178"},{"taxonomy":"product_tag","embeddable":true,"href":"https:\/\/pokale.shop\/ps\/wp-json\/wp\/v2\/product_tag?post=3178"}],"curies":[{"name":"wp","href":"https:\/\/api.w.org\/{rel}","templated":true}]}}