{"id":3244,"date":"2021-06-02T20:32:47","date_gmt":"2021-06-02T20:32:47","guid":{"rendered":"http:\/\/localhost\/import\/product\/pokale-fussball-weltpokal-30-cm\/"},"modified":"2025-10-12T18:18:41","modified_gmt":"2025-10-12T18:18:41","slug":"pokale-fussball-weltpokal-30-cm","status":"publish","type":"product","link":"https:\/\/pokale.shop\/ps\/product\/pokale-fussball-weltpokal-30-cm\/","title":{"rendered":"Pokale Fussball Weltpokal 30 cm"},"content":{"rendered":"<p>Mit diesem besonderen Pokal liegst Du bei jeder Siegerehrung richtig.<\/p>\n<p>H\u00f6he: 30 cm<\/p>\n<p>Nat\u00fcrlich ist im Preis f\u00fcr jeden Pokal bereits die Gravur enthalten.<\/p>\n<p>Gib bei allen Pokalen einfach Deinen gew\u00fcnschten Gravurtext in das Textfeld ein.<\/p>\n<p>Bitte beachten &#8211; f\u00fcr die Gravurplatte stehen Dir 3-4 Zeilen zur Verf\u00fcgung &#8211; maximal 30 Zeichen pro Zeile inkl. Leerzeichen.<\/p>\n","protected":false},"excerpt":{"rendered":"<p>Mit diesem besonderen Pokal liegst Du bei jeder Siegerehrung richtig. H\u00f6he: 30 cm Nat\u00fcrlich ist im Preis f\u00fcr jeden Pokal bereits die Gravur enthalten. Gib bei allen Pokalen einfach Deinen gew\u00fcnschten Gravurtext in das Textfeld ein. Bitte beachten &#8211; f\u00fcr die Gravurplatte stehen Dir 3-4 Zeilen zur Verf\u00fcgung &#8211; maximal&hellip;<\/p>\n","protected":false},"featured_media":3245,"comment_status":"open","ping_status":"closed","template":"","meta":{"spay_email":""},"product_cat":[16,32,36],"product_tag":[],"class_list":["post-3244","product","type-product","status-publish","has-post-thumbnail","hentry","product_cat-pokale","product_cat-themen-pokale","product_cat-fussball-pokale"],"_links":{"self":[{"href":"https:\/\/pokale.shop\/ps\/wp-json\/wp\/v2\/product\/3244","targetHints":{"allow":["GET"]}}],"collection":[{"href":"https:\/\/pokale.shop\/ps\/wp-json\/wp\/v2\/product"}],"about":[{"href":"https:\/\/pokale.shop\/ps\/wp-json\/wp\/v2\/types\/product"}],"replies":[{"embeddable":true,"href":"https:\/\/pokale.shop\/ps\/wp-json\/wp\/v2\/comments?post=3244"}],"wp:featuredmedia":[{"embeddable":true,"href":"https:\/\/pokale.shop\/ps\/wp-json\/wp\/v2\/media\/3245"}],"wp:attachment":[{"href":"https:\/\/pokale.shop\/ps\/wp-json\/wp\/v2\/media?parent=3244"}],"wp:term":[{"taxonomy":"product_cat","embeddable":true,"href":"https:\/\/pokale.shop\/ps\/wp-json\/wp\/v2\/product_cat?post=3244"},{"taxonomy":"product_tag","embeddable":true,"href":"https:\/\/pokale.shop\/ps\/wp-json\/wp\/v2\/product_tag?post=3244"}],"curies":[{"name":"wp","href":"https:\/\/api.w.org\/{rel}","templated":true}]}}