{"id":3292,"date":"2021-06-02T20:33:43","date_gmt":"2021-06-02T20:33:43","guid":{"rendered":"http:\/\/localhost\/import\/product\/3er-pokalserie-pokale-resin-figur-handball-herren-ab-16-cm\/"},"modified":"2021-09-26T09:54:00","modified_gmt":"2021-09-26T09:54:00","slug":"3er-pokalserie-pokale-resin-figur-handball-herren-ab-16-cm","status":"publish","type":"product","link":"https:\/\/pokale.shop\/ps\/product\/3er-pokalserie-pokale-resin-figur-handball-herren-ab-16-cm\/","title":{"rendered":"3er Pokalserie Pokale Resin Figur Handball Herren ab 16 cm"},"content":{"rendered":"<p>Mit dieser klassischen und eleganten Figur liegen Sie bei jeder Siegerehrung richtig.<\/p>\n<p>Sie erhalten 3 Handball Figuren Herren in folgenden Gr\u00f6\u00dfen:<br \/>\n1 x Figur H\u00f6he: 16 cm<br \/>\n1 x Figur H\u00f6he: 19 cm<br \/>\n1 x Figur H\u00f6he: 22 cm<\/p>\n<p>Selbstverst\u00e4ndlich ist im Preis bereits die Gravur je Pokal enthalten.<br \/>\nGeben Sie hierzu einfach Ihren gew\u00fcnschten Gravurtext f\u00fcr alle Pokale in das Textfeld ein.<\/p>\n<p><b>Bitte beachten Sie &#8211; f\u00fcr das Gravurschild stehen Ihnen 3-4 Zeilen zur Verf\u00fcgung &#8211; pro Zeile max. 30 Zeichen inkl. Leerzeichen.<\/b><\/p>\n","protected":false},"excerpt":{"rendered":"<p>Mit dieser klassischen und eleganten Figur liegen Sie bei jeder Siegerehrung richtig. Sie erhalten 3 Handball Figuren Herren in folgenden Gr\u00f6\u00dfen: 1 x Figur H\u00f6he: 16 cm 1 x Figur H\u00f6he: 19 cm 1 x Figur H\u00f6he: 22 cm Selbstverst\u00e4ndlich ist im Preis bereits die Gravur je Pokal enthalten. Geben&hellip;<\/p>\n","protected":false},"featured_media":3293,"comment_status":"open","ping_status":"closed","template":"","meta":{"spay_email":""},"product_cat":[16,32,37],"product_tag":[],"class_list":["post-3292","product","type-product","status-publish","has-post-thumbnail","hentry","product_cat-pokale","product_cat-themen-pokale","product_cat-handball-pokale"],"_links":{"self":[{"href":"https:\/\/pokale.shop\/ps\/wp-json\/wp\/v2\/product\/3292","targetHints":{"allow":["GET"]}}],"collection":[{"href":"https:\/\/pokale.shop\/ps\/wp-json\/wp\/v2\/product"}],"about":[{"href":"https:\/\/pokale.shop\/ps\/wp-json\/wp\/v2\/types\/product"}],"replies":[{"embeddable":true,"href":"https:\/\/pokale.shop\/ps\/wp-json\/wp\/v2\/comments?post=3292"}],"wp:featuredmedia":[{"embeddable":true,"href":"https:\/\/pokale.shop\/ps\/wp-json\/wp\/v2\/media\/3293"}],"wp:attachment":[{"href":"https:\/\/pokale.shop\/ps\/wp-json\/wp\/v2\/media?parent=3292"}],"wp:term":[{"taxonomy":"product_cat","embeddable":true,"href":"https:\/\/pokale.shop\/ps\/wp-json\/wp\/v2\/product_cat?post=3292"},{"taxonomy":"product_tag","embeddable":true,"href":"https:\/\/pokale.shop\/ps\/wp-json\/wp\/v2\/product_tag?post=3292"}],"curies":[{"name":"wp","href":"https:\/\/api.w.org\/{rel}","templated":true}]}}