{"id":3346,"date":"2021-06-02T20:34:27","date_gmt":"2021-06-02T20:34:27","guid":{"rendered":"http:\/\/localhost\/import\/product\/pokale-goldstar-22-cm\/"},"modified":"2024-01-16T16:38:11","modified_gmt":"2024-01-16T16:38:11","slug":"pokale-goldstar-22-cm","status":"publish","type":"product","link":"https:\/\/pokale.shop\/ps\/product\/pokale-goldstar-22-cm\/","title":{"rendered":"Pokal GoldStar 22 cm"},"content":{"rendered":"<p>Ein Pokal f\u00fcr ganz besondere Auszeichnungen und Events zu einem Top Preis.<\/p>\n<p>H\u00f6he: 22 cm<br \/>\nDurchmesser: 6,5 cm<\/p>\n<p>Selbstverst\u00e4ndlich ist im Preis bereits die Gravur und das Emblem je Pokal enthalten.<br \/>\nGeben Sie hierzu einfach Ihren gew\u00fcnschten Gravurtext f\u00fcr alle Pokale in das Textfeld ein.<\/p>\n<p><b>Bitte beachten Sie &#8211; f\u00fcr das Gravurschild stehen Ihnen 3-4 Zeilen zur Verf\u00fcgung &#8211; pro Zeile max. 30 Zeichen inkl. Leerzeichen. <\/b><\/p>\n","protected":false},"excerpt":{"rendered":"<p>Ein Pokal f\u00fcr ganz besondere Auszeichnungen und Events zu einem Top Preis. H\u00f6he: 22 cm Durchmesser: 6,5 cm Selbstverst\u00e4ndlich ist im Preis bereits die Gravur und das Emblem je Pokal enthalten. Geben Sie hierzu einfach Ihren gew\u00fcnschten Gravurtext f\u00fcr alle Pokale in das Textfeld ein. Bitte beachten Sie &#8211; f\u00fcr&hellip;<\/p>\n","protected":false},"featured_media":3347,"comment_status":"open","ping_status":"closed","template":"","meta":{"spay_email":""},"product_cat":[16,17,18],"product_tag":[],"class_list":["post-3346","product","type-product","status-publish","has-post-thumbnail","hentry","product_cat-pokale","product_cat-pokale-pokale","product_cat-einzelpokale"],"_links":{"self":[{"href":"https:\/\/pokale.shop\/ps\/wp-json\/wp\/v2\/product\/3346","targetHints":{"allow":["GET"]}}],"collection":[{"href":"https:\/\/pokale.shop\/ps\/wp-json\/wp\/v2\/product"}],"about":[{"href":"https:\/\/pokale.shop\/ps\/wp-json\/wp\/v2\/types\/product"}],"replies":[{"embeddable":true,"href":"https:\/\/pokale.shop\/ps\/wp-json\/wp\/v2\/comments?post=3346"}],"wp:featuredmedia":[{"embeddable":true,"href":"https:\/\/pokale.shop\/ps\/wp-json\/wp\/v2\/media\/3347"}],"wp:attachment":[{"href":"https:\/\/pokale.shop\/ps\/wp-json\/wp\/v2\/media?parent=3346"}],"wp:term":[{"taxonomy":"product_cat","embeddable":true,"href":"https:\/\/pokale.shop\/ps\/wp-json\/wp\/v2\/product_cat?post=3346"},{"taxonomy":"product_tag","embeddable":true,"href":"https:\/\/pokale.shop\/ps\/wp-json\/wp\/v2\/product_tag?post=3346"}],"curies":[{"name":"wp","href":"https:\/\/api.w.org\/{rel}","templated":true}]}}