{"id":3380,"date":"2021-06-02T20:35:16","date_gmt":"2021-06-02T20:35:16","guid":{"rendered":"http:\/\/localhost\/import\/product\/glaspokale-serie-red-line-3\/"},"modified":"2025-08-05T15:08:13","modified_gmt":"2025-08-05T15:08:13","slug":"glaspokale-serie-red-line-3","status":"publish","type":"product","link":"https:\/\/pokale.shop\/ps\/product\/glaspokale-serie-red-line-3\/","title":{"rendered":"Glaspokale Serie Red Line 3"},"content":{"rendered":"<p>Einzigartiger Glaspokal inklusive<br \/>\n<b>Lasergravur!<\/b><\/p>\n<p>Elegant, klassisch und trendig kommen diese Glaspokale aus unserem Hause daher. Unsere Glaspokale aus der Serie RED LINE sind f\u00fcr alle Auszeichnungen und Sportarten bestens geeignet !<\/p>\n<p>Farbe: gr\u00fcnglas &#8211; klar\/100% durchsichtig<\/p>\n<p>Diesen Glaspokal k\u00f6nnen Sie in drei verschiedenen Gr\u00f6\u00dfen bei uns bestellen oder g\u00fcnstiger als 3er Serie.<\/p>\n<p>Farbe rot &#8211; Material Plexiglas<\/p>\n<p>Hinweis zur Lasergravur:<\/p>\n<p><b>INFO &#8211; Lasergravur:<\/b><\/p>\n<p>Ihr Pokal soll einzigartig und individuell werden. Das machen wir auch. Geben Sie unten in das Textfeld Ihren gew\u00fcnschten Gravurtext an. Maximal stehen Ihnen <b>4 Zeilen mit ca. 30 Zeichen<\/b> zur Verf\u00fcgung. Wir platzieren dann Ihren Text entsprechend auf dem Pokal.<\/p>\n<p>W\u00fcnschen Sie zus\u00e4tzlich ein Logo \/ Bild senden Sie uns dieses zusammen mit Ihrer Bestellbest\u00e4tigung (die Sie von uns automatisch erhalten nach Ihrer Bestellung) an uns.<br \/>\n<b>DATENFORMAT<\/b> &#8211; senden Sie uns nur .cdr, pdf oder .eps Dateien im Vektorformat &#8211; .jpg, .gif .png k\u00f6nnen nicht verarbeitet werden !<\/p>\n","protected":false},"excerpt":{"rendered":"<p>Einzigartiger Glaspokal inklusive Lasergravur! Elegant, klassisch und trendig kommen diese Glaspokale aus unserem Hause daher. Unsere Glaspokale aus der Serie RED LINE sind f\u00fcr alle Auszeichnungen und Sportarten bestens geeignet ! Farbe: gr\u00fcnglas &#8211; klar\/100% durchsichtig Diesen Glaspokal k\u00f6nnen Sie in drei verschiedenen Gr\u00f6\u00dfen bei uns bestellen oder g\u00fcnstiger als&hellip;<\/p>\n","protected":false},"featured_media":3381,"comment_status":"open","ping_status":"closed","template":"","meta":{"spay_email":""},"product_cat":[52,53],"product_tag":[],"class_list":["post-3380","product","type-product","status-publish","has-post-thumbnail","hentry","product_cat-awards","product_cat-glaspokale"],"_links":{"self":[{"href":"https:\/\/pokale.shop\/ps\/wp-json\/wp\/v2\/product\/3380","targetHints":{"allow":["GET"]}}],"collection":[{"href":"https:\/\/pokale.shop\/ps\/wp-json\/wp\/v2\/product"}],"about":[{"href":"https:\/\/pokale.shop\/ps\/wp-json\/wp\/v2\/types\/product"}],"replies":[{"embeddable":true,"href":"https:\/\/pokale.shop\/ps\/wp-json\/wp\/v2\/comments?post=3380"}],"wp:featuredmedia":[{"embeddable":true,"href":"https:\/\/pokale.shop\/ps\/wp-json\/wp\/v2\/media\/3381"}],"wp:attachment":[{"href":"https:\/\/pokale.shop\/ps\/wp-json\/wp\/v2\/media?parent=3380"}],"wp:term":[{"taxonomy":"product_cat","embeddable":true,"href":"https:\/\/pokale.shop\/ps\/wp-json\/wp\/v2\/product_cat?post=3380"},{"taxonomy":"product_tag","embeddable":true,"href":"https:\/\/pokale.shop\/ps\/wp-json\/wp\/v2\/product_tag?post=3380"}],"curies":[{"name":"wp","href":"https:\/\/api.w.org\/{rel}","templated":true}]}}