{"id":3386,"date":"2021-06-02T20:35:26","date_gmt":"2021-06-02T20:35:26","guid":{"rendered":"http:\/\/localhost\/import\/product\/pokale-poker-skat-glaspokal-mit-gravur\/"},"modified":"2025-12-13T12:33:47","modified_gmt":"2025-12-13T12:33:47","slug":"pokale-poker-skat-glaspokal-mit-gravur","status":"publish","type":"product","link":"https:\/\/pokale.shop\/ps\/product\/pokale-poker-skat-glaspokal-mit-gravur\/","title":{"rendered":"Pokale POKER &#038; SKAT Glaspokal mit Gravur"},"content":{"rendered":"<p>Au\u00dfergew\u00f6hnlich, einzigartig und in unserem Hause entworfen ist unser <b>POKER SKAT<\/b> Glaspokal. Bestens geeignet f\u00fcr jede gro\u00dfe und kleine Poker- und Skatrunde. Nat\u00fcrlich halten wir f\u00fcr Sie alle 4 Farbmotive zur Verf\u00fcgung.<\/p>\n<p><b>Preis inklusive Lasergravur!<\/b><\/p>\n<p>Farbe: gr\u00fcnglas &#8211; klar\/100% durchsichtig<br \/>\n2D Motiv aus schwarzen oder roten Plexiglas je nach Motivwahl<br \/>\nGlaspokal H\u00f6he: 15 cm<br \/>\nGesamtbreite 14 cm<\/p>\n<p><b>INFO &#8211; Lasergravur:<\/b><\/p>\n<p>Ihr Pokal soll einzigartig und individuell werden. Das machen wir auch. Geben Sie unten in das Textfeld Ihren gew\u00fcnschten Gravurtext an. Wir platzieren dann Ihren Text entsprechend auf dem Pokal.<\/p>\n<p>W\u00fcnschen Sie zus\u00e4tzlich ein Logo \/ Bild senden Sie uns dieses zusammen mit Ihrer Bestellbest\u00e4tigung (die Sie von uns automatisch erhalten nach Ihrer Bestellung) an uns.<br \/>\n<b>DATENFORMAT<\/b> &#8211; senden Sie uns nur .cdr, pdf oder .eps Dateien im Vektorformat &#8211; .jpg, .gif .png k\u00f6nnen <strong>nicht<\/strong> verarbeitet werden !<\/p>\n<p>W\u00fcnschen Sie alle 4 Glaspokale (Karo, Herz, Pike, Kreuz), so w\u00e4hlen Sie unter der Option Typ &#8211; <b>ALLE<\/b> &#8211; geben Sie dann im Gravurtextfeld gleich alle Texte f\u00fcr alle Pokale an.<\/p>\n","protected":false},"excerpt":{"rendered":"<p>Au\u00dfergew\u00f6hnlich, einzigartig und in unserem Hause entworfen ist unser POKER SKAT Glaspokal. Bestens geeignet f\u00fcr jede gro\u00dfe und kleine Poker- und Skatrunde. Nat\u00fcrlich halten wir f\u00fcr Sie alle 4 Farbmotive zur Verf\u00fcgung. Preis inklusive Lasergravur! Farbe: gr\u00fcnglas &#8211; klar\/100% durchsichtig 2D Motiv aus schwarzen oder roten Plexiglas je nach Motivwahl&hellip;<\/p>\n","protected":false},"featured_media":3387,"comment_status":"open","ping_status":"closed","template":"","meta":{"spay_email":""},"product_cat":[16,32,38,52,53],"product_tag":[],"class_list":["post-3386","product","type-product","status-publish","has-post-thumbnail","hentry","product_cat-pokale","product_cat-themen-pokale","product_cat-skat-poker-pokale","product_cat-awards","product_cat-glaspokale"],"_links":{"self":[{"href":"https:\/\/pokale.shop\/ps\/wp-json\/wp\/v2\/product\/3386","targetHints":{"allow":["GET"]}}],"collection":[{"href":"https:\/\/pokale.shop\/ps\/wp-json\/wp\/v2\/product"}],"about":[{"href":"https:\/\/pokale.shop\/ps\/wp-json\/wp\/v2\/types\/product"}],"replies":[{"embeddable":true,"href":"https:\/\/pokale.shop\/ps\/wp-json\/wp\/v2\/comments?post=3386"}],"wp:featuredmedia":[{"embeddable":true,"href":"https:\/\/pokale.shop\/ps\/wp-json\/wp\/v2\/media\/3387"}],"wp:attachment":[{"href":"https:\/\/pokale.shop\/ps\/wp-json\/wp\/v2\/media?parent=3386"}],"wp:term":[{"taxonomy":"product_cat","embeddable":true,"href":"https:\/\/pokale.shop\/ps\/wp-json\/wp\/v2\/product_cat?post=3386"},{"taxonomy":"product_tag","embeddable":true,"href":"https:\/\/pokale.shop\/ps\/wp-json\/wp\/v2\/product_tag?post=3386"}],"curies":[{"name":"wp","href":"https:\/\/api.w.org\/{rel}","templated":true}]}}