{"id":3396,"date":"2021-06-02T20:35:39","date_gmt":"2021-06-02T20:35:39","guid":{"rendered":"http:\/\/localhost\/import\/product\/pokale-poker-glaspokal-mit-gravur\/"},"modified":"2021-06-29T06:50:59","modified_gmt":"2021-06-29T06:50:59","slug":"pokale-poker-glaspokal-mit-gravur","status":"publish","type":"product","link":"https:\/\/pokale.shop\/ps\/product\/pokale-poker-glaspokal-mit-gravur\/","title":{"rendered":"Pokale POKER Glaspokal mit Gravur"},"content":{"rendered":"<p>Au\u00dfergew\u00f6hnlich, einzigartig und in unserem Hause entworfen ist unser POKER Glaspokal. Bestens geeignet f\u00fcr jede gro\u00dfe und kleine Pokerrunde.<br \/>\nDer ideale Poker Pokal f\u00fcr Ihr n\u00e4chstes Poker Event.<\/p>\n<p><b>Preis inklusive Lasergravur!<\/b><\/p>\n<p>Farbe: gr\u00fcnglas &#8211; klar\/100% durchsichtig<br \/>\n2D Motive aus schwarzen oder roten Plexiglas je nach Motivwahl<br \/>\nGlaspokal H\u00f6he: 15 &#8211; 19cm<br \/>\nGesamtbreite 14 cm<\/p>\n<p><b>INFO &#8211; Lasergravur:<\/b><\/p>\n<p>Ihr Pokal soll einzigartig und individuell werden. Das machen wir auch. Geben Sie unten in das Textfeld Ihren gew\u00fcnschten Gravurtext an. Wir platzieren dann Ihren Text entsprechend auf dem Pokal.<\/p>\n<p>W\u00fcnschen Sie zus\u00e4tzlich ein Logo \/ Bild senden Sie uns dieses zusammen mit Ihrer Bestellbest\u00e4tigung (die Sie von uns automatisch erhalten nach Ihrer Bestellung) an uns.<br \/>\n<b>DATENFORMAT<\/b> &#8211; senden Sie uns nur .cdr, pdf oder .eps Dateien im Vektorformat &#8211; .jpg, .gif .png k\u00f6nnen nicht verarbeitet werden !<\/p>\n","protected":false},"excerpt":{"rendered":"<p>Au\u00dfergew\u00f6hnlich, einzigartig und in unserem Hause entworfen ist unser POKER Glaspokal. Bestens geeignet f\u00fcr jede gro\u00dfe und kleine Pokerrunde. Der ideale Poker Pokal f\u00fcr Ihr n\u00e4chstes Poker Event. Preis inklusive Lasergravur! Farbe: gr\u00fcnglas &#8211; klar\/100% durchsichtig 2D Motive aus schwarzen oder roten Plexiglas je nach Motivwahl Glaspokal H\u00f6he: 15 &#8211;&hellip;<\/p>\n","protected":false},"featured_media":3397,"comment_status":"open","ping_status":"closed","template":"","meta":{"spay_email":""},"product_cat":[16,32,38,52,53],"product_tag":[],"class_list":["post-3396","product","type-product","status-publish","has-post-thumbnail","hentry","product_cat-pokale","product_cat-themen-pokale","product_cat-skat-poker-pokale","product_cat-awards","product_cat-glaspokale"],"_links":{"self":[{"href":"https:\/\/pokale.shop\/ps\/wp-json\/wp\/v2\/product\/3396","targetHints":{"allow":["GET"]}}],"collection":[{"href":"https:\/\/pokale.shop\/ps\/wp-json\/wp\/v2\/product"}],"about":[{"href":"https:\/\/pokale.shop\/ps\/wp-json\/wp\/v2\/types\/product"}],"replies":[{"embeddable":true,"href":"https:\/\/pokale.shop\/ps\/wp-json\/wp\/v2\/comments?post=3396"}],"wp:featuredmedia":[{"embeddable":true,"href":"https:\/\/pokale.shop\/ps\/wp-json\/wp\/v2\/media\/3397"}],"wp:attachment":[{"href":"https:\/\/pokale.shop\/ps\/wp-json\/wp\/v2\/media?parent=3396"}],"wp:term":[{"taxonomy":"product_cat","embeddable":true,"href":"https:\/\/pokale.shop\/ps\/wp-json\/wp\/v2\/product_cat?post=3396"},{"taxonomy":"product_tag","embeddable":true,"href":"https:\/\/pokale.shop\/ps\/wp-json\/wp\/v2\/product_tag?post=3396"}],"curies":[{"name":"wp","href":"https:\/\/api.w.org\/{rel}","templated":true}]}}