{"id":3398,"date":"2021-06-02T20:35:43","date_gmt":"2021-06-02T20:35:43","guid":{"rendered":"http:\/\/localhost\/import\/product\/kart-pokale-racing-trophy-1-glaspokale-mit-gravur\/"},"modified":"2021-06-29T06:47:14","modified_gmt":"2021-06-29T06:47:14","slug":"kart-pokale-racing-trophy-1-glaspokale-mit-gravur","status":"publish","type":"product","link":"https:\/\/pokale.shop\/ps\/product\/kart-pokale-racing-trophy-1-glaspokale-mit-gravur\/","title":{"rendered":"Kart Pokale RACING Trophy 1 Glaspokale mit Gravur"},"content":{"rendered":"<p>Wieder ein Glaspokal direkt aus unserem Hause. Unsere Glaspokale <b>RACING<\/b> sind bestens geeignet f\u00fcr jede gro\u00dfe und kleine Auszeichnung im Motorsport. Eine echte Racing Trophy.<\/p>\n<p>Nat\u00fcrlich sind auch diese Glaspokale bestens geeignet f\u00fcr alle Autoh\u00e4user, Werkst\u00e4tten, Motorclubs und Dienstleister im Auto Bereich.<\/p>\n<p>Ein schwarzer Motor Kolben aus Plexiglas verleiht dem Glaspokal eine ganz besondere individuelle Note.<\/p>\n<p><b>Preis inklusive Lasergravur!<\/b><\/p>\n<p>RACING TROPHY<br \/>\nFarbe: gr\u00fcnglas &#8211; klar\/100% durchsichtig<br \/>\n2D Motor Kolben aus schwarzen Plexiglas<br \/>\nGlaspokal H\u00f6he: 15 \/ 17 \/ 19cm<br \/>\nGesamtbreite 14 cm<\/p>\n<p><b>INFO &#8211; Lasergravur:<\/b><\/p>\n<p>Ihr Pokal soll einzigartig und individuell werden. Das machen wir auch. Geben Sie unten in das Textfeld Ihren gew\u00fcnschten Gravurtext an. Wir platzieren dann Ihren Text entsprechend auf dem Pokal.<\/p>\n<p>W\u00fcnschen Sie zus\u00e4tzlich ein Logo \/ Bild senden Sie uns dieses zusammen mit Ihrer Bestellbest\u00e4tigung (die Sie von uns automatisch erhalten nach Ihrer Bestellung) an uns.<br \/>\n<b>DATENFORMAT<\/b> &#8211; senden Sie uns nur .cdr, pdf oder .eps Dateien im Vektorformat &#8211; .jpg, .gif .png k\u00f6nnen nicht verarbeitet werden !<\/p>\n","protected":false},"excerpt":{"rendered":"<p>Wieder ein Glaspokal direkt aus unserem Hause. Unsere Glaspokale RACING sind bestens geeignet f\u00fcr jede gro\u00dfe und kleine Auszeichnung im Motorsport. Eine echte Racing Trophy. Nat\u00fcrlich sind auch diese Glaspokale bestens geeignet f\u00fcr alle Autoh\u00e4user, Werkst\u00e4tten, Motorclubs und Dienstleister im Auto Bereich. Ein schwarzer Motor Kolben aus Plexiglas verleiht dem&hellip;<\/p>\n","protected":false},"featured_media":3399,"comment_status":"open","ping_status":"closed","template":"","meta":{"spay_email":""},"product_cat":[16,32,41,52,53],"product_tag":[],"class_list":["post-3398","product","type-product","status-publish","has-post-thumbnail","hentry","product_cat-pokale","product_cat-themen-pokale","product_cat-motorsport-pokale","product_cat-awards","product_cat-glaspokale"],"_links":{"self":[{"href":"https:\/\/pokale.shop\/ps\/wp-json\/wp\/v2\/product\/3398","targetHints":{"allow":["GET"]}}],"collection":[{"href":"https:\/\/pokale.shop\/ps\/wp-json\/wp\/v2\/product"}],"about":[{"href":"https:\/\/pokale.shop\/ps\/wp-json\/wp\/v2\/types\/product"}],"replies":[{"embeddable":true,"href":"https:\/\/pokale.shop\/ps\/wp-json\/wp\/v2\/comments?post=3398"}],"wp:featuredmedia":[{"embeddable":true,"href":"https:\/\/pokale.shop\/ps\/wp-json\/wp\/v2\/media\/3399"}],"wp:attachment":[{"href":"https:\/\/pokale.shop\/ps\/wp-json\/wp\/v2\/media?parent=3398"}],"wp:term":[{"taxonomy":"product_cat","embeddable":true,"href":"https:\/\/pokale.shop\/ps\/wp-json\/wp\/v2\/product_cat?post=3398"},{"taxonomy":"product_tag","embeddable":true,"href":"https:\/\/pokale.shop\/ps\/wp-json\/wp\/v2\/product_tag?post=3398"}],"curies":[{"name":"wp","href":"https:\/\/api.w.org\/{rel}","templated":true}]}}