{"id":3516,"date":"2021-06-02T20:37:26","date_gmt":"2021-06-02T20:37:26","guid":{"rendered":"http:\/\/localhost\/import\/product\/pokale-silverliberty-25-cm\/"},"modified":"2023-12-04T10:34:30","modified_gmt":"2023-12-04T10:34:30","slug":"pokale-silverliberty-25-cm","status":"publish","type":"product","link":"https:\/\/pokale.shop\/ps\/product\/pokale-silverliberty-25-cm\/","title":{"rendered":"Pokale SilverLiberty 25 cm"},"content":{"rendered":"<p>Mit unserem Pokal SilverLiberty wird Ihre Siegerehrung zum absoluten Highlight !<br \/>\nEin Pokal f\u00fcr ganz besondere Auszeichnungen und Events zu einem Top Preis.<\/p>\n<p>Im Preis enthalten sind nat\u00fcrlich die Gravur und und das Emblem !<\/p>\n<p>H\u00f6he: 25 cm<br \/>\nDurchmesser: 8 cm<\/p>\n<p>Selbstverst\u00e4ndlich ist im Preis bereits die Gravur und das Emblem je Pokal enthalten.<br \/>\nGeben Sie hierzu einfach Ihren gew\u00fcnschten Gravurtext f\u00fcr alle Pokale in das Textfeld ein.<\/p>\n<p><b>Bitte beachten Sie &#8211; f\u00fcr das Gravurschild stehen Ihnen 3 Zeilen zur Verf\u00fcgung &#8211; pro Zeile max. 23 Zeichen inkl. Leerzeichen. <\/b><\/p>\n<p align=\"center\"><b>\u00a0<\/b><\/p>\n","protected":false},"excerpt":{"rendered":"<p>Mit unserem Pokal SilverLiberty wird Ihre Siegerehrung zum absoluten Highlight ! Ein Pokal f\u00fcr ganz besondere Auszeichnungen und Events zu einem Top Preis. Im Preis enthalten sind nat\u00fcrlich die Gravur und und das Emblem ! H\u00f6he: 25 cm Durchmesser: 8 cm Selbstverst\u00e4ndlich ist im Preis bereits die Gravur und das&hellip;<\/p>\n","protected":false},"featured_media":3517,"comment_status":"open","ping_status":"closed","template":"","meta":{"spay_email":""},"product_cat":[16,17,18],"product_tag":[],"class_list":["post-3516","product","type-product","status-publish","has-post-thumbnail","hentry","product_cat-pokale","product_cat-pokale-pokale","product_cat-einzelpokale"],"_links":{"self":[{"href":"https:\/\/pokale.shop\/ps\/wp-json\/wp\/v2\/product\/3516","targetHints":{"allow":["GET"]}}],"collection":[{"href":"https:\/\/pokale.shop\/ps\/wp-json\/wp\/v2\/product"}],"about":[{"href":"https:\/\/pokale.shop\/ps\/wp-json\/wp\/v2\/types\/product"}],"replies":[{"embeddable":true,"href":"https:\/\/pokale.shop\/ps\/wp-json\/wp\/v2\/comments?post=3516"}],"wp:featuredmedia":[{"embeddable":true,"href":"https:\/\/pokale.shop\/ps\/wp-json\/wp\/v2\/media\/3517"}],"wp:attachment":[{"href":"https:\/\/pokale.shop\/ps\/wp-json\/wp\/v2\/media?parent=3516"}],"wp:term":[{"taxonomy":"product_cat","embeddable":true,"href":"https:\/\/pokale.shop\/ps\/wp-json\/wp\/v2\/product_cat?post=3516"},{"taxonomy":"product_tag","embeddable":true,"href":"https:\/\/pokale.shop\/ps\/wp-json\/wp\/v2\/product_tag?post=3516"}],"curies":[{"name":"wp","href":"https:\/\/api.w.org\/{rel}","templated":true}]}}