{"id":3538,"date":"2021-06-02T20:37:48","date_gmt":"2021-06-02T20:37:48","guid":{"rendered":"http:\/\/localhost\/import\/product\/6er-pokalserie-pokale-silverliberty-ab-21-cm\/"},"modified":"2023-12-04T10:28:14","modified_gmt":"2023-12-04T10:28:14","slug":"6er-pokalserie-pokale-silverliberty-ab-21-cm","status":"publish","type":"product","link":"https:\/\/pokale.shop\/ps\/product\/6er-pokalserie-pokale-silverliberty-ab-21-cm\/","title":{"rendered":"6er Pokalserie Pokale SilverLiberty ab 21 cm"},"content":{"rendered":"<p>Mit unseren SilverLiberty Pokalen wird Ihre Siegerehrung zum absoluten Highlight !<br \/>\nEs sind Pokale f\u00fcr ganz besondere Auszeichnungen und Events zu einem Top Preis.<\/p>\n<p>Sie erhalten <b>6 Pokale<\/b> in folgenden Gr\u00f6\u00dfen:<br \/>\n1 x Pokal 21 cm (Durchmesser: 7 cm)<br \/>\n1 x Pokal 22 cm (Durchmesser: 7 cm)<br \/>\n1 x Pokal 23 cm (Durchmesser: 8 cm)<br \/>\n1 x Pokal 25 cm (Durchmesser: 8 cm)<br \/>\n1 x Pokal 26 cm (Durchmesser: 9 cm)<br \/>\n1 x Pokal 28 cm (Durchmesser: 9 cm)<\/p>\n<p>Selbstverst\u00e4ndlich ist im Preis bereits die Gravur und das Emblem je Pokal enthalten.<br \/>\nGeben Sie hierzu einfach Ihren gew\u00fcnschten Gravurtext f\u00fcr alle Pokale in das Textfeld ein.<\/p>\n<p><b>Bitte beachten Sie &#8211; f\u00fcr das Gravurschild stehen Ihnen 3 Zeilen zur Verf\u00fcgung &#8211; pro Zeile max. 23 Zeichen inkl. Leerzeichen. <\/b><\/p>\n<p align=\"center\"><b>\u00a0<\/b><\/p>\n<p>Diese Pokale erhalten Sie auch in unserem Shop in der Kategorie<br \/>\n<b><\/b><br \/>\nDamit haben Sie die M\u00f6glichkeit Ihre individuelle Pokalserie nach Ihren eigenen W\u00fcnschen zusammenzustellen.<\/p>\n","protected":false},"excerpt":{"rendered":"<p>Mit unseren SilverLiberty Pokalen wird Ihre Siegerehrung zum absoluten Highlight ! Es sind Pokale f\u00fcr ganz besondere Auszeichnungen und Events zu einem Top Preis. Sie erhalten 6 Pokale in folgenden Gr\u00f6\u00dfen: 1 x Pokal 21 cm (Durchmesser: 7 cm) 1 x Pokal 22 cm (Durchmesser: 7 cm) 1 x Pokal&hellip;<\/p>\n","protected":false},"featured_media":3539,"comment_status":"open","ping_status":"closed","template":"","meta":{"spay_email":""},"product_cat":[16,17,21],"product_tag":[],"class_list":["post-3538","product","type-product","status-publish","has-post-thumbnail","hentry","product_cat-pokale","product_cat-pokale-pokale","product_cat-6er-pokale-serie"],"_links":{"self":[{"href":"https:\/\/pokale.shop\/ps\/wp-json\/wp\/v2\/product\/3538","targetHints":{"allow":["GET"]}}],"collection":[{"href":"https:\/\/pokale.shop\/ps\/wp-json\/wp\/v2\/product"}],"about":[{"href":"https:\/\/pokale.shop\/ps\/wp-json\/wp\/v2\/types\/product"}],"replies":[{"embeddable":true,"href":"https:\/\/pokale.shop\/ps\/wp-json\/wp\/v2\/comments?post=3538"}],"wp:featuredmedia":[{"embeddable":true,"href":"https:\/\/pokale.shop\/ps\/wp-json\/wp\/v2\/media\/3539"}],"wp:attachment":[{"href":"https:\/\/pokale.shop\/ps\/wp-json\/wp\/v2\/media?parent=3538"}],"wp:term":[{"taxonomy":"product_cat","embeddable":true,"href":"https:\/\/pokale.shop\/ps\/wp-json\/wp\/v2\/product_cat?post=3538"},{"taxonomy":"product_tag","embeddable":true,"href":"https:\/\/pokale.shop\/ps\/wp-json\/wp\/v2\/product_tag?post=3538"}],"curies":[{"name":"wp","href":"https:\/\/api.w.org\/{rel}","templated":true}]}}