{"id":3544,"date":"2021-06-02T20:37:57","date_gmt":"2021-06-02T20:37:57","guid":{"rendered":"http:\/\/localhost\/import\/product\/9er-pokalserie-pokale-silverliberty-ab-21-cm\/"},"modified":"2025-06-27T10:10:16","modified_gmt":"2025-06-27T10:10:16","slug":"9er-pokalserie-pokale-silverliberty-ab-21-cm","status":"publish","type":"product","link":"https:\/\/pokale.shop\/ps\/product\/9er-pokalserie-pokale-silverliberty-ab-21-cm\/","title":{"rendered":"9er Pokalserie Pokale SilverLiberty &#8211; Die ultimativen Troph\u00e4en f\u00fcr besondere Auszeichnungen!"},"content":{"rendered":"<p>Mit unseren SilberLiberty Pokalen wird Ihre Preisverleihung garantiert zum absoluten Highlight! Diese Troph\u00e4en sind f\u00fcr ganz besondere Auszeichnungen und Events zu einem unschlagbaren Preis erh\u00e4ltlich.<\/p>\n<p>Sie erhalten insgesamt 9 Pokale in den folgenden Gr\u00f6\u00dfen:<br \/>\n1 x Pokal 21 cm (Durchmesser: 7 cm)<br \/>\n1 x Pokal 22 cm (Durchmesser: 7 cm)<br \/>\n1 x Pokal 23 cm (Durchmesser: 8 cm)<br \/>\n1 x Pokal 25 cm (Durchmesser: 8 cm)<br \/>\n1 x Pokal 26 cm (Durchmesser: 9 cm)<br \/>\n1 x Pokal 28 cm (Durchmesser: 9 cm)<br \/>\n1 x Pokal 29 cm (Durchmesser: 10 cm)<br \/>\n1 x Pokal 30 cm (Durchmesser: 10 cm)<br \/>\n1 x Pokal 32 cm (Durchmesser: 12 cm)<\/p>\n<p>Selbstverst\u00e4ndlich ist der Preis bereits inklusive Gravur und Emblem f\u00fcr jeden Pokal. Geben Sie einfach Ihren gew\u00fcnschten Gravurtext f\u00fcr alle Pokale im Textfeld ein.<\/p>\n<p>Bitte beachten Sie, dass f\u00fcr die Gravurplatte 3 Zeilen zur Verf\u00fcgung stehen, mit maximal 23 Zeichen pro Zeile, einschlie\u00dflich Leerzeichen.<\/p>\n<p>Mit unseren SilberLiberty Pokalen wird Ihre Preisverleihung nicht nur zu einem visuellen H\u00f6hepunkt, sondern auch zu einer bleibenden Erinnerung f\u00fcr die Geehrten. Die hochwertige Verarbeitung und das edle Design machen diese Troph\u00e4en zu etwas ganz Besonderem. Die verschiedenen Gr\u00f6\u00dfen erm\u00f6glichen es Ihnen, die passende Auszeichnung f\u00fcr unterschiedliche Leistungsstufen oder Kategorien zu w\u00e4hlen.<\/p>\n<p>Die Gravur und das Emblem werden von unseren Experten pr\u00e4zise und professionell angebracht, um sicherzustellen, dass Ihre Botschaft perfekt zur Geltung kommt. Egal, ob es sich um den Namen des Preistr\u00e4gers, das Datum der Veranstaltung oder eine inspirierende Botschaft handelt, unsere Gravur wird Ihren Pokalen eine pers\u00f6nliche Note verleihen.<\/p>\n<p>Die SilberLiberty Pokale sind nicht nur f\u00fcr Sportveranstaltungen geeignet, sondern eignen sich auch hervorragend f\u00fcr Firmenveranstaltungen, Schulabschl\u00fcsse, Vereinsjubil\u00e4en und andere besondere Anl\u00e4sse. Sie werden von ihrer au\u00dfergew\u00f6hnlichen Qualit\u00e4t und Eleganz begeistert sein.<\/p>\n<p>Bestellen Sie noch heute Ihre SilberLiberty Pokale und lassen Sie Ihre Preisverleihung unvergesslich werden. Mit diesen Troph\u00e4en schaffen Sie eine Wertsch\u00e4tzung, die f\u00fcr immer in Erinnerung bleiben wird.<b>\u00a0<\/b><\/p>\n","protected":false},"excerpt":{"rendered":"<p>Mit unseren SilberLiberty Pokalen wird Ihre Preisverleihung garantiert zum absoluten Highlight! Diese Troph\u00e4en sind f\u00fcr ganz besondere Auszeichnungen und Events zu einem unschlagbaren Preis erh\u00e4ltlich. Sie erhalten insgesamt 9 Pokale in den folgenden Gr\u00f6\u00dfen: 1 x Pokal 21 cm (Durchmesser: 7 cm) 1 x Pokal 22 cm (Durchmesser: 7 cm)&hellip;<\/p>\n","protected":false},"featured_media":3545,"comment_status":"open","ping_status":"closed","template":"","meta":{"spay_email":""},"product_cat":[16,17,23],"product_tag":[],"class_list":["post-3544","product","type-product","status-publish","has-post-thumbnail","hentry","product_cat-pokale","product_cat-pokale-pokale","product_cat-9er-pokale-serie"],"_links":{"self":[{"href":"https:\/\/pokale.shop\/ps\/wp-json\/wp\/v2\/product\/3544","targetHints":{"allow":["GET"]}}],"collection":[{"href":"https:\/\/pokale.shop\/ps\/wp-json\/wp\/v2\/product"}],"about":[{"href":"https:\/\/pokale.shop\/ps\/wp-json\/wp\/v2\/types\/product"}],"replies":[{"embeddable":true,"href":"https:\/\/pokale.shop\/ps\/wp-json\/wp\/v2\/comments?post=3544"}],"wp:featuredmedia":[{"embeddable":true,"href":"https:\/\/pokale.shop\/ps\/wp-json\/wp\/v2\/media\/3545"}],"wp:attachment":[{"href":"https:\/\/pokale.shop\/ps\/wp-json\/wp\/v2\/media?parent=3544"}],"wp:term":[{"taxonomy":"product_cat","embeddable":true,"href":"https:\/\/pokale.shop\/ps\/wp-json\/wp\/v2\/product_cat?post=3544"},{"taxonomy":"product_tag","embeddable":true,"href":"https:\/\/pokale.shop\/ps\/wp-json\/wp\/v2\/product_tag?post=3544"}],"curies":[{"name":"wp","href":"https:\/\/api.w.org\/{rel}","templated":true}]}}