{"id":3636,"date":"2021-06-02T20:39:24","date_gmt":"2021-06-02T20:39:24","guid":{"rendered":"http:\/\/localhost\/import\/product\/9er-pokalserie-pokale-wellington-ab-12-cm\/"},"modified":"2023-12-18T10:15:06","modified_gmt":"2023-12-18T10:15:06","slug":"9er-pokalserie-pokale-wellington-ab-12-cm","status":"publish","type":"product","link":"https:\/\/pokale.shop\/ps\/product\/9er-pokalserie-pokale-wellington-ab-12-cm\/","title":{"rendered":"9er Pokalserie Pokale Wellington Sparen Sie mit unserer exklusiven Troph\u00e4enserie"},"content":{"rendered":"<p>***Exklusive Troph\u00e4enserie mit 9 Pokalen, inklusive Gravur und Emblem zu einem unschlagbaren Preis.***<\/p>\n<p>Unsere Troph\u00e4en sind der Blickfang bei jeder Preisverleihung und die Garantie f\u00fcr eine erfolgreiche Veranstaltung.<\/p>\n<p>Egal, ob elegant, klassisch oder trendig &#8211; bei uns finden Sie die passende Troph\u00e4e f\u00fcr jede Veranstaltung.<\/p>\n<p>Sie erhalten 9 Pokale in den folgenden Gr\u00f6\u00dfen:<\/p>\n<p>1 x Pokal (H\u00f6he: 12 cm \/ Durchmesser: 7 cm)<\/p>\n<p>1 x Pokal (H\u00f6he: 13 cm \/ Durchmesser: 7 cm)<\/p>\n<p>1 x Pokal (H\u00f6he: 13,5 cm \/ Durchmesser: 8 cm)<\/p>\n<p>1 x Pokal (H\u00f6he: 15 cm \/ Durchmesser: 8 cm)<\/p>\n<p>1 x Pokal (H\u00f6he: 15,5 cm \/ Durchmesser: 9 cm)<\/p>\n<p>1 x Pokal (H\u00f6he: 17,5 cm \/ Durchmesser: 9 cm)<\/p>\n<p>1 x Pokal (H\u00f6he: 18 cm \/ Durchmesser: 10 cm)<\/p>\n<p>1 x Pokal (H\u00f6he: 19 cm \/ Durchmesser: 10 cm)<\/p>\n<p>1 x Pokal (H\u00f6he: 20 cm \/ Durchmesser: 12 cm)<\/p>\n<p>Der Fu\u00df der Pokale besteht aus feinem wei\u00dfem Marmor.<\/p>\n<p>Selbstverst\u00e4ndlich ist der Preis bereits inklusive Gravur und Emblem f\u00fcr jeden Pokal. Geben Sie einfach Ihren gew\u00fcnschten Gravurtext f\u00fcr alle Troph\u00e4en in das Textfeld ein.<\/p>\n<p>Bitte beachten Sie &#8211; f\u00fcr die Gravurplatte stehen 3-4 Zeilen zur Verf\u00fcgung, mit maximal 30 Zeichen pro Zeile inklusive Leerzeichen.<\/p>\n<p>***Ihre Troph\u00e4en f\u00fcr unvergessliche Erfolge***<\/p>\n<p>Machen Sie Ihre Veranstaltung unvergesslich mit diesen exquisiten Troph\u00e4en. Jeder Pokal in dieser Kollektion wird mit gro\u00dfer Sorgfalt und Pr\u00e4zision gefertigt. Die Vielfalt der Gr\u00f6\u00dfen erm\u00f6glicht es Ihnen, den perfekten Pokal f\u00fcr jede Art von Auszeichnung zu w\u00e4hlen.<\/p>\n<p>***Hochwertige Materialien***<\/p>\n<p>Die Pokalbasis aus feinem wei\u00dfem Marmor verleiht den Troph\u00e4en ein elegantes und edles Erscheinungsbild. Dieser robuste Fu\u00df sorgt f\u00fcr Stabilit\u00e4t und verleiht den Pokalen gleichzeitig eine zeitlose Sch\u00f6nheit.<\/p>\n<p>***Individuelle Gravur***<\/p>\n<p>Ihre Troph\u00e4en werden mit einer individuellen Gravur versehen, die bereits im Preis inbegriffen ist. Geben Sie einfach den gew\u00fcnschten Gravurtext in das daf\u00fcr vorgesehene Textfeld ein. Mit 3-4 verf\u00fcgbaren Zeilen und bis zu 30 Zeichen pro Zeile haben Sie ausreichend Platz, um Ihre Botschaft, den Namen des Preistr\u00e4gers oder das Datum der Veranstaltung zu verewigen.<\/p>\n<p>***Perfekt f\u00fcr jede Gelegenheit***<\/p>\n<p>Ob f\u00fcr Sportveranstaltungen, Firmenfeiern, Schulabschl\u00fcsse oder andere besondere Anl\u00e4sse, diese Troph\u00e4enserie ist die ideale Wahl. Sie vereint Eleganz, Qualit\u00e4t und einen erschwinglichen Preis und wird sicherlich jedes Ereignis zu einem unvergesslichen Moment machen.<\/p>\n<p>Investieren Sie in diese exquisite Troph\u00e4enserie und beeindrucken Sie Ihre Preistr\u00e4ger und G\u00e4ste gleicherma\u00dfen. Machen Sie Ihre Veranstaltung zu etwas ganz Besonderem und belohnen Sie Leistungen mit Stil und Klasse.<\/p>\n<p>&nbsp;<\/p>\n<p>&nbsp;<\/p>\n","protected":false},"excerpt":{"rendered":"<p>***Exklusive Troph\u00e4enserie mit 9 Pokalen, inklusive Gravur und Emblem zu einem unschlagbaren Preis.*** Unsere Troph\u00e4en sind der Blickfang bei jeder Preisverleihung und die Garantie f\u00fcr eine erfolgreiche Veranstaltung. Egal, ob elegant, klassisch oder trendig &#8211; bei uns finden Sie die passende Troph\u00e4e f\u00fcr jede Veranstaltung. Sie erhalten 9 Pokale in&hellip;<\/p>\n","protected":false},"featured_media":3637,"comment_status":"open","ping_status":"closed","template":"","meta":{"spay_email":""},"product_cat":[16,17,23],"product_tag":[],"class_list":["post-3636","product","type-product","status-publish","has-post-thumbnail","hentry","product_cat-pokale","product_cat-pokale-pokale","product_cat-9er-pokale-serie"],"_links":{"self":[{"href":"https:\/\/pokale.shop\/ps\/wp-json\/wp\/v2\/product\/3636","targetHints":{"allow":["GET"]}}],"collection":[{"href":"https:\/\/pokale.shop\/ps\/wp-json\/wp\/v2\/product"}],"about":[{"href":"https:\/\/pokale.shop\/ps\/wp-json\/wp\/v2\/types\/product"}],"replies":[{"embeddable":true,"href":"https:\/\/pokale.shop\/ps\/wp-json\/wp\/v2\/comments?post=3636"}],"wp:featuredmedia":[{"embeddable":true,"href":"https:\/\/pokale.shop\/ps\/wp-json\/wp\/v2\/media\/3637"}],"wp:attachment":[{"href":"https:\/\/pokale.shop\/ps\/wp-json\/wp\/v2\/media?parent=3636"}],"wp:term":[{"taxonomy":"product_cat","embeddable":true,"href":"https:\/\/pokale.shop\/ps\/wp-json\/wp\/v2\/product_cat?post=3636"},{"taxonomy":"product_tag","embeddable":true,"href":"https:\/\/pokale.shop\/ps\/wp-json\/wp\/v2\/product_tag?post=3636"}],"curies":[{"name":"wp","href":"https:\/\/api.w.org\/{rel}","templated":true}]}}