{"id":3652,"date":"2021-06-02T20:39:46","date_gmt":"2021-06-02T20:39:46","guid":{"rendered":"http:\/\/localhost\/import\/product\/pokale-olymp-billard-ab-27cm\/"},"modified":"2021-09-26T10:20:04","modified_gmt":"2021-09-26T10:20:04","slug":"pokale-olymp-billard-ab-27cm","status":"publish","type":"product","link":"https:\/\/pokale.shop\/ps\/product\/pokale-olymp-billard-ab-27cm\/","title":{"rendered":"Pokale &#8211; OLYMP Billard ab 27cm"},"content":{"rendered":"<p>Sensationelle Pokalserie im exclusiven Design. Eine 3er Pokalserie einmal ganz anders. Mit diesen gro\u00dfen Billard Pokalen liegen Sie bei jeder Siegerehrung richtig. Diese Pokale k\u00f6nnen Sie auch einzeln in unserem Shop bestellen.<\/p>\n<p>3er Serie H\u00f6hen : 27\/28\/29cm<\/p>\n<p>Sockel: edler schwarzer Marmor<br \/>\nFigur: Kunststoff gold<\/p>\n<p>Selbstverst\u00e4ndlich ist im Preis bereits die Gravur und das Emblem je Pokal enthalten.<br \/>\nGeben Sie hierzu einfach Ihren gew\u00fcnschten Gravurtext f\u00fcr alle Pokale in das Textfeld ein.<\/p>\n<p><b>Bitte beachten Sie &#8211; f\u00fcr das Gravurschild stehen Ihnen 3-4 Zeilen zur Verf\u00fcgung &#8211; pro Zeile max. 30 Zeichen inkl. Leerzeichen.<\/b><\/p>\n","protected":false},"excerpt":{"rendered":"<p>Sensationelle Pokalserie im exclusiven Design. Eine 3er Pokalserie einmal ganz anders. Mit diesen gro\u00dfen Billard Pokalen liegen Sie bei jeder Siegerehrung richtig. Diese Pokale k\u00f6nnen Sie auch einzeln in unserem Shop bestellen. 3er Serie H\u00f6hen : 27\/28\/29cm Sockel: edler schwarzer Marmor Figur: Kunststoff gold Selbstverst\u00e4ndlich ist im Preis bereits die&hellip;<\/p>\n","protected":false},"featured_media":3653,"comment_status":"open","ping_status":"closed","template":"","meta":{"spay_email":""},"product_cat":[16,17,18,19,32,33],"product_tag":[],"class_list":["post-3652","product","type-product","status-publish","has-post-thumbnail","hentry","product_cat-pokale","product_cat-pokale-pokale","product_cat-einzelpokale","product_cat-3er-pokale-serie","product_cat-themen-pokale","product_cat-billard-pokale"],"_links":{"self":[{"href":"https:\/\/pokale.shop\/ps\/wp-json\/wp\/v2\/product\/3652","targetHints":{"allow":["GET"]}}],"collection":[{"href":"https:\/\/pokale.shop\/ps\/wp-json\/wp\/v2\/product"}],"about":[{"href":"https:\/\/pokale.shop\/ps\/wp-json\/wp\/v2\/types\/product"}],"replies":[{"embeddable":true,"href":"https:\/\/pokale.shop\/ps\/wp-json\/wp\/v2\/comments?post=3652"}],"wp:featuredmedia":[{"embeddable":true,"href":"https:\/\/pokale.shop\/ps\/wp-json\/wp\/v2\/media\/3653"}],"wp:attachment":[{"href":"https:\/\/pokale.shop\/ps\/wp-json\/wp\/v2\/media?parent=3652"}],"wp:term":[{"taxonomy":"product_cat","embeddable":true,"href":"https:\/\/pokale.shop\/ps\/wp-json\/wp\/v2\/product_cat?post=3652"},{"taxonomy":"product_tag","embeddable":true,"href":"https:\/\/pokale.shop\/ps\/wp-json\/wp\/v2\/product_tag?post=3652"}],"curies":[{"name":"wp","href":"https:\/\/api.w.org\/{rel}","templated":true}]}}