{"id":3662,"date":"2021-06-02T20:40:04","date_gmt":"2021-06-02T20:40:04","guid":{"rendered":"http:\/\/localhost\/import\/product\/3er-pokalserie-olymp-fussball\/"},"modified":"2024-05-05T18:58:14","modified_gmt":"2024-05-05T18:58:14","slug":"3er-pokalserie-olymp-fussball","status":"publish","type":"product","link":"https:\/\/pokale.shop\/ps\/product\/3er-pokalserie-olymp-fussball\/","title":{"rendered":"3er Pokalserie &#8211; OLYMP Fussball ab 25cm"},"content":{"rendered":"<p>Eine wahre Olymp Pokalserie im exclusiven Design. Eine 3er Pokalserie einmal ganz anders. Mit diesen gro\u00dfen Fussball Pokalen liegen Sie bei jeder Siegerehrung richtig. Diese Pokale k\u00f6nnen Sie auch einzeln in unserem Shop bestellen.<\/p>\n<p>3er Serie H\u00f6hen : 25\/26\/27cm<\/p>\n<p>Sockel: edler schwarzer Marmor<br \/>\nFigur: Kunststoff gold<\/p>\n<p>Selbstverst\u00e4ndlich ist im Preis bereits die Gravur und das Emblem je Pokal enthalten.<br \/>\nGeben Sie hierzu einfach Ihren gew\u00fcnschten Gravurtext f\u00fcr alle Pokale in das Textfeld ein.<\/p>\n<p><b>Bitte beachten Sie &#8211; f\u00fcr das Gravurschild stehen Ihnen 3-4 Zeilen zur Verf\u00fcgung &#8211; pro Zeile max. 30 Zeichen inkl. Leerzeichen.<\/b><\/p>\n<p>&nbsp;<\/p>\n","protected":false},"excerpt":{"rendered":"<p>Eine wahre Olymp Pokalserie im exclusiven Design. Eine 3er Pokalserie einmal ganz anders. Mit diesen gro\u00dfen Fussball Pokalen liegen Sie bei jeder Siegerehrung richtig. Diese Pokale k\u00f6nnen Sie auch einzeln in unserem Shop bestellen. 3er Serie H\u00f6hen : 25\/26\/27cm Sockel: edler schwarzer Marmor Figur: Kunststoff gold Selbstverst\u00e4ndlich ist im Preis&hellip;<\/p>\n","protected":false},"featured_media":3663,"comment_status":"open","ping_status":"closed","template":"","meta":{"spay_email":""},"product_cat":[16,17,19,32,36],"product_tag":[],"class_list":["post-3662","product","type-product","status-publish","has-post-thumbnail","hentry","product_cat-pokale","product_cat-pokale-pokale","product_cat-3er-pokale-serie","product_cat-themen-pokale","product_cat-fussball-pokale"],"_links":{"self":[{"href":"https:\/\/pokale.shop\/ps\/wp-json\/wp\/v2\/product\/3662","targetHints":{"allow":["GET"]}}],"collection":[{"href":"https:\/\/pokale.shop\/ps\/wp-json\/wp\/v2\/product"}],"about":[{"href":"https:\/\/pokale.shop\/ps\/wp-json\/wp\/v2\/types\/product"}],"replies":[{"embeddable":true,"href":"https:\/\/pokale.shop\/ps\/wp-json\/wp\/v2\/comments?post=3662"}],"wp:featuredmedia":[{"embeddable":true,"href":"https:\/\/pokale.shop\/ps\/wp-json\/wp\/v2\/media\/3663"}],"wp:attachment":[{"href":"https:\/\/pokale.shop\/ps\/wp-json\/wp\/v2\/media?parent=3662"}],"wp:term":[{"taxonomy":"product_cat","embeddable":true,"href":"https:\/\/pokale.shop\/ps\/wp-json\/wp\/v2\/product_cat?post=3662"},{"taxonomy":"product_tag","embeddable":true,"href":"https:\/\/pokale.shop\/ps\/wp-json\/wp\/v2\/product_tag?post=3662"}],"curies":[{"name":"wp","href":"https:\/\/api.w.org\/{rel}","templated":true}]}}