{"id":3740,"date":"2021-06-02T20:41:35","date_gmt":"2021-06-02T20:41:35","guid":{"rendered":"http:\/\/localhost\/import\/product\/wanderpokal-chicago-challenge-39cm\/"},"modified":"2025-04-25T13:56:01","modified_gmt":"2025-04-25T13:56:01","slug":"wanderpokal-chicago-challenge-39cm","status":"publish","type":"product","link":"https:\/\/pokale.shop\/ps\/product\/wanderpokal-chicago-challenge-39cm\/","title":{"rendered":"Wanderpokal Chicago Challenge 39cm"},"content":{"rendered":"<p>Mit diesem edlen Wanderpokal CHICAGO wird ihre Siegerehrung zum absoluten Highlight werden. Mit einem tollem geschwungenen Pokalfu\u00df in silber und einer edlen Cup Schale in Gold erhalten Sie hier ein Designer Pokal zum TOP Preis.<\/p>\n<p>Pokal Gr\u00f6\u00dfe:<\/p>\n<p>1x Pokal H\u00f6he: 39 cm \/ Durchmesser: <b>14 cm<\/b><\/p>\n<p>Der Pokalsockel ist aus edlem schwarzen Marmor gefertigt. Fu\u00df und Schale ist aus Kunststoff. Der Cup &amp; Deckel (abnehmbar) ist aus METALL.<\/p>\n<p>Selbstverst\u00e4ndlich ist im Preis bereits die Gravur und das Emblem <b>kostenlos<\/b> enthalten.<br \/>\nGeben Sie hierzu einfach Ihren gew\u00fcnschten Gravurtext f\u00fcr Ihren Pokal in das Textfeld ein.<\/p>\n<p><b>Bitte beachten Sie &#8211; f\u00fcr das Gravurschild stehen Ihnen 3-4 Zeilen zur Verf\u00fcgung &#8211; pro Zeile ca. 30 Zeichen inkl. Leerzeichen. <\/b><\/p>\n","protected":false},"excerpt":{"rendered":"<p>Mit diesem edlen Wanderpokal CHICAGO wird ihre Siegerehrung zum absoluten Highlight werden. Mit einem tollem geschwungenen Pokalfu\u00df in silber und einer edlen Cup Schale in Gold erhalten Sie hier ein Designer Pokal zum TOP Preis. Pokal Gr\u00f6\u00dfe: 1x Pokal H\u00f6he: 39 cm \/ Durchmesser: 14 cm Der Pokalsockel ist aus&hellip;<\/p>\n","protected":false},"featured_media":3741,"comment_status":"open","ping_status":"closed","template":"","meta":{"spay_email":""},"product_cat":[16,30],"product_tag":[],"class_list":["post-3740","product","type-product","status-publish","has-post-thumbnail","hentry","product_cat-pokale","product_cat-wanderpokale"],"_links":{"self":[{"href":"https:\/\/pokale.shop\/ps\/wp-json\/wp\/v2\/product\/3740","targetHints":{"allow":["GET"]}}],"collection":[{"href":"https:\/\/pokale.shop\/ps\/wp-json\/wp\/v2\/product"}],"about":[{"href":"https:\/\/pokale.shop\/ps\/wp-json\/wp\/v2\/types\/product"}],"replies":[{"embeddable":true,"href":"https:\/\/pokale.shop\/ps\/wp-json\/wp\/v2\/comments?post=3740"}],"wp:featuredmedia":[{"embeddable":true,"href":"https:\/\/pokale.shop\/ps\/wp-json\/wp\/v2\/media\/3741"}],"wp:attachment":[{"href":"https:\/\/pokale.shop\/ps\/wp-json\/wp\/v2\/media?parent=3740"}],"wp:term":[{"taxonomy":"product_cat","embeddable":true,"href":"https:\/\/pokale.shop\/ps\/wp-json\/wp\/v2\/product_cat?post=3740"},{"taxonomy":"product_tag","embeddable":true,"href":"https:\/\/pokale.shop\/ps\/wp-json\/wp\/v2\/product_tag?post=3740"}],"curies":[{"name":"wp","href":"https:\/\/api.w.org\/{rel}","templated":true}]}}