{"id":3774,"date":"2021-06-02T20:42:14","date_gmt":"2021-06-02T20:42:14","guid":{"rendered":"http:\/\/localhost\/import\/product\/8er-pokalserie-pokale-silvertower-ab-22-cm\/"},"modified":"2025-05-05T08:58:31","modified_gmt":"2025-05-05T08:58:31","slug":"8er-pokalserie-pokale-silvertower-ab-22-cm","status":"publish","type":"product","link":"https:\/\/pokale.shop\/ps\/product\/8er-pokalserie-pokale-silvertower-ab-22-cm\/","title":{"rendered":"8er Pokalserie Pokale SilverTower ab 22 cm"},"content":{"rendered":"<p>Komplette 8er Pokalserie inklusive Gravur und Emblem &#8211; die Pokale f\u00fcr Sieger !<\/p>\n<p>Sie erhalten 8 Pokale in folgenden Gr\u00f6\u00dfen:<br \/>\n1 x Pokal (H\u00f6he: 22 cm \/ Durchmesser: 8 cm)<\/p>\n<p>1 x Pokal (H\u00f6he: 23 cm \/ Durchmesser: 8 cm)<\/p>\n<p>1 x Pokal (H\u00f6he: 23,5 cm \/ Durchmesser: 9 cm)<\/p>\n<p>1 x Pokal (H\u00f6he: 25,5 cm \/ Durchmesser: 9 cm)<\/p>\n<p>1 x Pokal (H\u00f6he: 26 cm \/ Durchmesser: 10 cm)<\/p>\n<p>1 x Pokal (H\u00f6he: 28 cm \/ Durchmesser: 10 cm)<\/p>\n<p>1 x Pokal (H\u00f6he: 29 cm \/ Durchmesser: 12 cm)<\/p>\n<p>1 x Pokal (H\u00f6he: 30 cm \/ Durchmesser: 12 cm)<\/p>\n<p>Der Pokalsockel ist aus edlem schwarzen Marmor gefertigt.<\/p>\n<p>Selbstverst\u00e4ndlich ist im Preis bereits die Gravur und das Emblem je Pokal enthalten.<br \/>\nGeben Sie hierzu einfach Ihren gew\u00fcnschten Gravurtext f\u00fcr alle Pokale in das Textfeld ein.<\/p>\n<p><b>Bitte beachten Sie &#8211; f\u00fcr das Gravurschild stehen Ihnen 3-4 Zeilen zur Verf\u00fcgung &#8211; pro Zeile max. 30 Zeichen inkl. Leerzeichen. <\/b><\/p>\n","protected":false},"excerpt":{"rendered":"<p>Komplette 8er Pokalserie inklusive Gravur und Emblem &#8211; die Pokale f\u00fcr Sieger ! Sie erhalten 8 Pokale in folgenden Gr\u00f6\u00dfen: 1 x Pokal (H\u00f6he: 22 cm \/ Durchmesser: 8 cm) 1 x Pokal (H\u00f6he: 23 cm \/ Durchmesser: 8 cm) 1 x Pokal (H\u00f6he: 23,5 cm \/ Durchmesser: 9 cm)&hellip;<\/p>\n","protected":false},"featured_media":3775,"comment_status":"open","ping_status":"closed","template":"","meta":{"spay_email":""},"product_cat":[16,17,22],"product_tag":[],"class_list":["post-3774","product","type-product","status-publish","has-post-thumbnail","hentry","product_cat-pokale","product_cat-pokale-pokale","product_cat-8er-pokale-serie"],"_links":{"self":[{"href":"https:\/\/pokale.shop\/ps\/wp-json\/wp\/v2\/product\/3774","targetHints":{"allow":["GET"]}}],"collection":[{"href":"https:\/\/pokale.shop\/ps\/wp-json\/wp\/v2\/product"}],"about":[{"href":"https:\/\/pokale.shop\/ps\/wp-json\/wp\/v2\/types\/product"}],"replies":[{"embeddable":true,"href":"https:\/\/pokale.shop\/ps\/wp-json\/wp\/v2\/comments?post=3774"}],"wp:featuredmedia":[{"embeddable":true,"href":"https:\/\/pokale.shop\/ps\/wp-json\/wp\/v2\/media\/3775"}],"wp:attachment":[{"href":"https:\/\/pokale.shop\/ps\/wp-json\/wp\/v2\/media?parent=3774"}],"wp:term":[{"taxonomy":"product_cat","embeddable":true,"href":"https:\/\/pokale.shop\/ps\/wp-json\/wp\/v2\/product_cat?post=3774"},{"taxonomy":"product_tag","embeddable":true,"href":"https:\/\/pokale.shop\/ps\/wp-json\/wp\/v2\/product_tag?post=3774"}],"curies":[{"name":"wp","href":"https:\/\/api.w.org\/{rel}","templated":true}]}}