{"id":3836,"date":"2021-06-02T20:43:33","date_gmt":"2021-06-02T20:43:33","guid":{"rendered":"http:\/\/localhost\/import\/product\/9er-pokalserie-pokale-golden-supreme-ab-305-cm\/"},"modified":"2023-10-31T14:16:21","modified_gmt":"2023-10-31T14:16:21","slug":"9er-pokalserie-pokale-golden-supreme-ab-305-cm","status":"publish","type":"product","link":"https:\/\/pokale.shop\/ps\/product\/9er-pokalserie-pokale-golden-supreme-ab-305-cm\/","title":{"rendered":"9er Pokalserie Pokale &#8211; Gl\u00e4nzen Sie mit GOLDEN SUPREME Troph\u00e4en &#8211; Das Highlight f\u00fcr Ihre Preisverleihung!"},"content":{"rendered":"<p>Mit unseren GOLDEN SUPREME Troph\u00e4en wird Ihre Preisverleihung zu einem absoluten H\u00f6hepunkt! Diese Troph\u00e4en sind f\u00fcr ganz besondere Auszeichnungen und Events zu einem unschlagbaren Preis konzipiert.<\/p>\n<p>Diese Troph\u00e4en sind der Blickfang bei jeder Preisverleihung und garantieren eine erfolgreiche Veranstaltung.<\/p>\n<p>Sie erhalten insgesamt 9 Pokale in den folgenden Gr\u00f6\u00dfen:<\/p>\n<p>1 x Pokal (H\u00f6he: 30,5 cm &#8211; Durchmesser: 8 cm)<\/p>\n<p>1 x Pokal (H\u00f6he: 31,5 cm &#8211; Durchmesser: 8 cm)<\/p>\n<p>1 x Pokal (H\u00f6he: 32 cm &#8211; Durchmesser: 8 cm)<\/p>\n<p>1 x Pokal (H\u00f6he: 34 cm &#8211; Durchmesser: 10 cm)<\/p>\n<p>1 x Pokal (H\u00f6he: 34,5 cm &#8211; Durchmesser: 10 cm)<\/p>\n<p>1 x Pokal (H\u00f6he: 35,5 cm &#8211; Durchmesser: 10 cm)<\/p>\n<p>1 x Pokal (H\u00f6he: 37 cm &#8211; Durchmesser: 12 cm)<\/p>\n<p>1 x Pokal (H\u00f6he: 38 cm &#8211; Durchmesser: 12 cm)<\/p>\n<p>1 x Pokal (H\u00f6he: 39 cm &#8211; Durchmesser: 12 cm)<\/p>\n<p>Selbstverst\u00e4ndlich ist der Preis bereits inklusive Gravur und Emblem f\u00fcr jeden Pokal. Geben Sie einfach Ihren gew\u00fcnschten Gravurtext f\u00fcr alle Pokale in das Textfeld ein.<\/p>\n<p>Bitte beachten Sie &#8211; es stehen 3 Zeilen f\u00fcr das Gravurschild zur Verf\u00fcgung, mit maximal 30 Zeichen pro Zeile, einschlie\u00dflich Leerzeichen.<\/p>\n<p>Mit unseren GOLDEN SUPREME Troph\u00e4en setzen Sie ein gl\u00e4nzendes Highlight auf Ihrer Veranstaltung und belohnen herausragende Leistungen auf besondere Weise. Bestellen Sie noch heute und sichern Sie sich diese beeindruckenden Troph\u00e4en f\u00fcr Ihre n\u00e4chste Preisverleihung!<\/p>\n<p>&nbsp;<\/p>\n","protected":false},"excerpt":{"rendered":"<p>Mit unseren GOLDEN SUPREME Troph\u00e4en wird Ihre Preisverleihung zu einem absoluten H\u00f6hepunkt! Diese Troph\u00e4en sind f\u00fcr ganz besondere Auszeichnungen und Events zu einem unschlagbaren Preis konzipiert. Diese Troph\u00e4en sind der Blickfang bei jeder Preisverleihung und garantieren eine erfolgreiche Veranstaltung. Sie erhalten insgesamt 9 Pokale in den folgenden Gr\u00f6\u00dfen: 1 x&hellip;<\/p>\n","protected":false},"featured_media":3837,"comment_status":"open","ping_status":"closed","template":"","meta":{"spay_email":""},"product_cat":[16,17,23],"product_tag":[],"class_list":["post-3836","product","type-product","status-publish","has-post-thumbnail","hentry","product_cat-pokale","product_cat-pokale-pokale","product_cat-9er-pokale-serie"],"_links":{"self":[{"href":"https:\/\/pokale.shop\/ps\/wp-json\/wp\/v2\/product\/3836","targetHints":{"allow":["GET"]}}],"collection":[{"href":"https:\/\/pokale.shop\/ps\/wp-json\/wp\/v2\/product"}],"about":[{"href":"https:\/\/pokale.shop\/ps\/wp-json\/wp\/v2\/types\/product"}],"replies":[{"embeddable":true,"href":"https:\/\/pokale.shop\/ps\/wp-json\/wp\/v2\/comments?post=3836"}],"wp:featuredmedia":[{"embeddable":true,"href":"https:\/\/pokale.shop\/ps\/wp-json\/wp\/v2\/media\/3837"}],"wp:attachment":[{"href":"https:\/\/pokale.shop\/ps\/wp-json\/wp\/v2\/media?parent=3836"}],"wp:term":[{"taxonomy":"product_cat","embeddable":true,"href":"https:\/\/pokale.shop\/ps\/wp-json\/wp\/v2\/product_cat?post=3836"},{"taxonomy":"product_tag","embeddable":true,"href":"https:\/\/pokale.shop\/ps\/wp-json\/wp\/v2\/product_tag?post=3836"}],"curies":[{"name":"wp","href":"https:\/\/api.w.org\/{rel}","templated":true}]}}