{"id":3840,"date":"2021-06-02T20:43:39","date_gmt":"2021-06-02T20:43:39","guid":{"rendered":"http:\/\/localhost\/import\/product\/12er-pokalserie-pokale-boston-ab-175cm\/"},"modified":"2024-03-17T10:08:01","modified_gmt":"2024-03-17T10:08:01","slug":"12er-pokalserie-pokale-boston-ab-175cm","status":"publish","type":"product","link":"https:\/\/pokale.shop\/ps\/product\/12er-pokalserie-pokale-boston-ab-175cm\/","title":{"rendered":"12er Pokalserie Pokale Boston ab 19,5cm"},"content":{"rendered":"<p>Komplette 12er Pokalserie inklusive Gravur und Emblem zum kleinen Preis.<\/p>\n<p>Mit unserer Pokalreihe BOSTON in gold\/silber liegen Sie immer richtig.<br \/>\nEs sind Pokale f\u00fcr gro\u00dfe und kleine Sieger.<\/p>\n<p>In folgenden Gr\u00f6\u00dfen erh\u00e4ltlich:<\/p>\n<p>1 x Pokal 19,5 cm (Durchmesser: 7 cm)<br \/>\n1 x Pokal 20,5 cm (Durchmesser: 7 cm)<br \/>\n1 x Pokal 22 cm (Durchmesser: 8 cm)<br \/>\n1 x Pokal 23 cm (Durchmesser: 8 cm)<br \/>\n1 x Pokal 24 cm (Durchmesser: 9 cm)<br \/>\n1 x Pokal 25 cm (Durchmesser: 9 cm)<br \/>\n1 x Pokal 26 cm (Durchmesser: 10 cm)<br \/>\n1 x Pokal 27 cm (Durchmesser: 10 cm)<br \/>\n1 x Pokal 28 cm (Durchmesser: 12 cm)<br \/>\n1 x Pokal 30 cm (Durchmesser: 12 cm)<br \/>\n1 x Pokal 32 cm (Durchmesser: 14 cm)<br \/>\n1 x Pokal 33 cm (Durchmesser: 14 cm)<\/p>\n<p>Selbstverst\u00e4ndlich ist im Preis bereits die Gravur und das Emblem je Pokal enthalten.<br \/>\nGeben Sie hierzu einfach Ihren gew\u00fcnschten Gravurtext f\u00fcr alle Pokale in das Textfeld ein.<\/p>\n<p><b>Bitte beachten Sie &#8211; f\u00fcr das Gravurschild stehen Ihnen 3-4 Zeilen zur Verf\u00fcgung &#8211; pro Zeile max. 30 Zeichen inkl. Leerzeichen.<\/b><\/p>\n<p>&nbsp;<\/p>\n","protected":false},"excerpt":{"rendered":"<p>Komplette 12er Pokalserie inklusive Gravur und Emblem zum kleinen Preis. Mit unserer Pokalreihe BOSTON in gold\/silber liegen Sie immer richtig. Es sind Pokale f\u00fcr gro\u00dfe und kleine Sieger. In folgenden Gr\u00f6\u00dfen erh\u00e4ltlich: 1 x Pokal 19,5 cm (Durchmesser: 7 cm) 1 x Pokal 20,5 cm (Durchmesser: 7 cm) 1 x&hellip;<\/p>\n","protected":false},"featured_media":10221,"comment_status":"open","ping_status":"closed","template":"","meta":{"spay_email":""},"product_cat":[16,17,25],"product_tag":[],"class_list":["post-3840","product","type-product","status-publish","has-post-thumbnail","hentry","product_cat-pokale","product_cat-pokale-pokale","product_cat-12er-pokale-serie"],"_links":{"self":[{"href":"https:\/\/pokale.shop\/ps\/wp-json\/wp\/v2\/product\/3840","targetHints":{"allow":["GET"]}}],"collection":[{"href":"https:\/\/pokale.shop\/ps\/wp-json\/wp\/v2\/product"}],"about":[{"href":"https:\/\/pokale.shop\/ps\/wp-json\/wp\/v2\/types\/product"}],"replies":[{"embeddable":true,"href":"https:\/\/pokale.shop\/ps\/wp-json\/wp\/v2\/comments?post=3840"}],"wp:featuredmedia":[{"embeddable":true,"href":"https:\/\/pokale.shop\/ps\/wp-json\/wp\/v2\/media\/10221"}],"wp:attachment":[{"href":"https:\/\/pokale.shop\/ps\/wp-json\/wp\/v2\/media?parent=3840"}],"wp:term":[{"taxonomy":"product_cat","embeddable":true,"href":"https:\/\/pokale.shop\/ps\/wp-json\/wp\/v2\/product_cat?post=3840"},{"taxonomy":"product_tag","embeddable":true,"href":"https:\/\/pokale.shop\/ps\/wp-json\/wp\/v2\/product_tag?post=3840"}],"curies":[{"name":"wp","href":"https:\/\/api.w.org\/{rel}","templated":true}]}}