{"id":3858,"date":"2021-06-02T20:44:00","date_gmt":"2021-06-02T20:44:00","guid":{"rendered":"http:\/\/localhost\/import\/product\/fussball-pokale-torjager-kanone\/"},"modified":"2022-08-24T14:23:46","modified_gmt":"2022-08-24T14:23:46","slug":"fussball-pokale-torjager-kanone","status":"publish","type":"product","link":"https:\/\/pokale.shop\/ps\/product\/fussball-pokale-torjager-kanone\/","title":{"rendered":"Fussball Pokale Torkanone"},"content":{"rendered":"<p>Nur das BESTE f\u00fcr den Torsch\u00fctzenk\u00f6nig. Die Kanone f\u00fcr den besten Torsch\u00fctzen des Turnieres oder der Saison.<\/p>\n<p>Gr\u00f6\u00dfe: 130x100mm<\/p>\n","protected":false},"excerpt":{"rendered":"<p>Nur das BESTE f\u00fcr den Torsch\u00fctzenk\u00f6nig. Die Kanone f\u00fcr den besten Torsch\u00fctzen des Turnieres oder der Saison. Gr\u00f6\u00dfe: 130x100mm<\/p>\n","protected":false},"featured_media":10349,"comment_status":"open","ping_status":"closed","template":"","meta":{"spay_email":""},"product_cat":[16,32,36],"product_tag":[],"class_list":["post-3858","product","type-product","status-publish","has-post-thumbnail","hentry","product_cat-pokale","product_cat-themen-pokale","product_cat-fussball-pokale"],"_links":{"self":[{"href":"https:\/\/pokale.shop\/ps\/wp-json\/wp\/v2\/product\/3858","targetHints":{"allow":["GET"]}}],"collection":[{"href":"https:\/\/pokale.shop\/ps\/wp-json\/wp\/v2\/product"}],"about":[{"href":"https:\/\/pokale.shop\/ps\/wp-json\/wp\/v2\/types\/product"}],"replies":[{"embeddable":true,"href":"https:\/\/pokale.shop\/ps\/wp-json\/wp\/v2\/comments?post=3858"}],"wp:featuredmedia":[{"embeddable":true,"href":"https:\/\/pokale.shop\/ps\/wp-json\/wp\/v2\/media\/10349"}],"wp:attachment":[{"href":"https:\/\/pokale.shop\/ps\/wp-json\/wp\/v2\/media?parent=3858"}],"wp:term":[{"taxonomy":"product_cat","embeddable":true,"href":"https:\/\/pokale.shop\/ps\/wp-json\/wp\/v2\/product_cat?post=3858"},{"taxonomy":"product_tag","embeddable":true,"href":"https:\/\/pokale.shop\/ps\/wp-json\/wp\/v2\/product_tag?post=3858"}],"curies":[{"name":"wp","href":"https:\/\/api.w.org\/{rel}","templated":true}]}}